{"id":3,"date":"2020-07-15T09:27:06","date_gmt":"2020-07-15T09:27:06","guid":{"rendered":"https:\/\/animalpoliceassociation.com\/?page_id=3"},"modified":"2023-09-07T08:24:02","modified_gmt":"2023-09-07T06:24:02","slug":"datenschutzerklaerung","status":"publish","type":"page","link":"https:\/\/animalpoliceassociation.com\/es\/datenschutzerklaerung\/","title":{"rendered":"Pol\u00edtica de privacidad"},"content":{"rendered":"<div data-elementor-type=\"wp-page\" data-elementor-id=\"3\" class=\"elementor elementor-3\" data-elementor-post-type=\"page\">\n\t\t\t\t\t\t<section class=\"elementor-section elementor-top-section elementor-element elementor-element-0a89393 elementor-section-boxed elementor-section-height-default elementor-section-height-default\" data-id=\"0a89393\" data-element_type=\"section\">\n\t\t\t\t\t\t<div class=\"elementor-container elementor-column-gap-default\">\n\t\t\t\t\t<div class=\"elementor-column elementor-col-100 elementor-top-column elementor-element elementor-element-6064daa\" data-id=\"6064daa\" data-element_type=\"column\">\n\t\t\t<div class=\"elementor-widget-wrap elementor-element-populated\">\n\t\t\t\t\t\t<div class=\"elementor-element elementor-element-e06c471 elementor-widget elementor-widget-heading\" data-id=\"e06c471\" data-element_type=\"widget\" data-widget_type=\"heading.default\">\n\t\t\t\t<div class=\"elementor-widget-container\">\n\t\t\t\t\t<h2 class=\"elementor-heading-title elementor-size-default\">POL\u00cdTICA DE PRIVACIDAD<\/h2>\t\t\t\t<\/div>\n\t\t\t\t<\/div>\n\t\t\t\t<div class=\"elementor-element elementor-element-f5ed8ce elementor-widget-divider--view-line elementor-widget elementor-widget-divider\" data-id=\"f5ed8ce\" data-element_type=\"widget\" data-widget_type=\"divider.default\">\n\t\t\t\t<div class=\"elementor-widget-container\">\n\t\t\t\t\t\t\t<div class=\"elementor-divider\">\n\t\t\t<span class=\"elementor-divider-separator\">\n\t\t\t\t\t\t<\/span>\n\t\t<\/div>\n\t\t\t\t\t\t<\/div>\n\t\t\t\t<\/div>\n\t\t\t\t\t<\/div>\n\t\t<\/div>\n\t\t\t\t\t<\/div>\n\t\t<\/section>\n\t\t\t\t<section class=\"elementor-section elementor-top-section elementor-element elementor-element-3b067352 elementor-section-boxed elementor-section-height-default elementor-section-height-default\" data-id=\"3b067352\" data-element_type=\"section\">\n\t\t\t\t\t\t<div class=\"elementor-container elementor-column-gap-default\">\n\t\t\t\t\t<div class=\"elementor-column elementor-col-100 elementor-top-column elementor-element elementor-element-42ae185\" data-id=\"42ae185\" data-element_type=\"column\">\n\t\t\t<div class=\"elementor-widget-wrap elementor-element-populated\">\n\t\t\t\t\t\t<div class=\"elementor-element elementor-element-d9ba2bb elementor-widget elementor-widget-text-editor\" data-id=\"d9ba2bb\" data-element_type=\"widget\" data-widget_type=\"text-editor.default\">\n\t\t\t\t<div class=\"elementor-widget-container\">\n\t\t\t\t\t\t\t\t\t<p><\/p>\n<p class=\"p1\"><b>Descargo de responsabilidad<\/b><\/p>\n<p class=\"p1\">El autor no asume ninguna responsabilidad en cuanto a la correcci\u00f3n, exactitud, actualidad, fiabilidad e integridad de la informaci\u00f3n. Por lo tanto, se rechazar\u00e1n las reclamaciones de responsabilidad relativas a los da\u00f1os causados por el uso de cualquier informaci\u00f3n proporcionada, incluyendo cualquier tipo de informaci\u00f3n que sea incompleta o incorrecta. Todas las ofertas son sin compromiso. El autor se reserva expresamente el derecho a modificar, complementar o eliminar partes de las p\u00e1ginas o toda la oferta sin previo aviso o a interrumpir la publicaci\u00f3n temporal o definitivamente.<\/p>\n<p class=\"p1\"><b>Responsabilidad de los enlaces<\/b><\/p>\n<p class=\"p1\">Las referencias y los enlaces a sitios web de terceros est\u00e1n fuera de nuestro \u00e1mbito de responsabilidad, por lo que declinamos toda responsabilidad sobre dichos sitios web. El acceso y el uso de estos sitios web se realiza por cuenta y riesgo del usuario.<\/p>\n<p class=\"p1\"><b>Copyright<\/b><\/p>\n<p class=\"p1\">Los derechos de autor y todos los dem\u00e1s derechos sobre el contenido, las im\u00e1genes, las fotos u otros archivos del sitio web pertenecen exclusivamente a los propietarios del sitio web. El contenido, las im\u00e1genes, las fotos u otros archivos no pueden copiarse, descargarse o utilizarse por pantalla para fines propios.<\/p>\n<p class=\"p1\"><b>Declaraci\u00f3n sobre la protecci\u00f3n de datos<\/b><\/p>\n<p class=\"p1\">Nos tomamos muy en serio la protecci\u00f3n de su privacidad. A continuaci\u00f3n le informamos detalladamente sobre el tratamiento de sus datos:<\/p>\n<p class=\"p1\">Toda persona tiene derecho a que se respete su intimidad y a que se le proteja contra el uso indebido de sus datos personales. Cumplimos estas disposiciones. Los datos personales se tratan de forma estrictamente confidencial y no se venden ni ceden a terceros. En estrecha colaboraci\u00f3n con nuestros proveedores de alojamiento, nos esforzamos por proteger las bases de datos lo mejor posible contra el acceso no autorizado, la p\u00e9rdida, el uso indebido o la falsificaci\u00f3n.<\/p>\n<p class=\"p1\">La siguiente declaraci\u00f3n de privacidad es v\u00e1lida para todo el sitio web del propietario del sitio. Esto incluye todos los dominios.<\/p>\n<p class=\"p1\"><b>Tratamiento de datos personales<\/b><\/p>\n<p class=\"p1\">Los datos personales son informaci\u00f3n que puede utilizarse para identificar a una persona, es decir, informaci\u00f3n que puede ser rastreada hasta una persona. Esto incluye el nombre, la direcci\u00f3n de correo electr\u00f3nico o el n\u00famero de tel\u00e9fono. Pero tambi\u00e9n cuentan como datos personales los relativos a las preferencias, aficiones, afiliaciones o los sitios web que alguien ha visto.<\/p>\n<p class=\"p1\">S\u00f3lo recopilamos, utilizamos y transmitimos datos personales si est\u00e1 legalmente permitido o si los usuarios dan su consentimiento para la recopilaci\u00f3n de datos.<\/p>\n<p class=\"p1\"><b>Contacte con<\/b><\/p>\n<p class=\"p1\">Si se pone en contacto con nosotros a trav\u00e9s de un formulario en el sitio web o por correo electr\u00f3nico, los datos que nos proporcione ser\u00e1n almacenados por nosotros con el fin de procesar la consulta y en caso de preguntas de seguimiento. No transmitimos estos datos sin su consentimiento.<\/p>\n<p class=\"p1\"><b>Datos de acceso \/ archivos de registro del servidor<\/b><\/p>\n<p class=\"p1\">Nosotros (o nuestro proveedor de web) recogemos datos sobre cada acceso a la oferta (los llamados archivos de registro del servidor). Los datos de acceso incluyen el nombre del sitio web al que se ha accedido, la fecha y la hora de acceso, el tipo\/versi\u00f3n de navegador, el sistema operativo utilizado, la URL de referencia (la p\u00e1gina visitada anteriormente) y el nombre de host del ordenador que accede (direcci\u00f3n IP). El proveedor utiliza los datos de registro \u00fanicamente para el an\u00e1lisis estad\u00edstico con fines de funcionamiento, seguridad y optimizaci\u00f3n de la oferta.<\/p>\n<p class=\"p1\"><b>Galletas<\/b><\/p>\n<p class=\"p1\">Las cookies son peque\u00f1os archivos que permiten almacenar en el dispositivo de acceso del usuario (PC, smartphone o similar) informaci\u00f3n espec\u00edfica relacionada con el mismo. Por un lado, est\u00e1n al servicio de la facilidad de uso de los sitios web y, por tanto, de los usuarios (por ejemplo, el almacenamiento de los datos de acceso). Por otro lado, se utilizan para recoger datos estad\u00edsticos sobre el uso del sitio web y poder analizarlos con el fin de mejorar la oferta. Utilizamos cookies para facilitar el uso de nuestra oferta. Algunas cookies permanecen almacenadas en su dispositivo terminal hasta que usted las elimina. Nos permiten reconocer su navegador en su pr\u00f3xima visita.<\/p>\n<p class=\"p1\">Los usuarios pueden influir en el uso de las cookies. La mayor\u00eda de los navegadores tienen una opci\u00f3n con la que se puede restringir o impedir completamente el almacenamiento de cookies. Sin embargo, se se\u00f1ala que el uso y, en particular, la comodidad del usuario est\u00e1n limitados sin cookies.<\/p>\n<p class=\"p1\">Las instrucciones para eliminar las cookies en los navegadores m\u00e1s populares se pueden encontrar aqu\u00ed:<\/p>\n<ul class=\"ul1\">\n<li class=\"li1\">Microsoft Internet Explorer: <a href=\"http:\/\/windows.microsoft.com\/de-DE\/windows-vista\/Block-or-allow-cookies\" target=\"_blank\" rel=\"noopener\"><span class=\"s2\">Instrucci\u00f3n<\/span><\/a><\/li>\n<li class=\"li1\">Mozilla Firefox: <a href=\"https:\/\/support.mozilla.com\/de\/kb\/cookies-loeschen-daten-von-websites-entfernen\" target=\"_blank\" rel=\"noopener\"><span class=\"s2\">Instrucci\u00f3n<\/span><\/a><\/li>\n<li class=\"li1\">Google Chrome: <a href=\"https:\/\/support.google.com\/chrome\/answer\/95647?hl=de\" target=\"_blank\" rel=\"noopener\"><span class=\"s2\">Instrucci\u00f3n<\/span><\/a><\/li>\n<li class=\"li1\">Apple Safari: <a href=\"https:\/\/support.apple.com\/de-ch\/guide\/safari\/sfri11471\/mac\" target=\"_blank\" rel=\"noopener\"><span class=\"s2\">Instrucci\u00f3n<\/span><\/a><\/li>\n<li class=\"li1\">La \u00f3pera: <a href=\"http:\/\/help.opera.com\/Windows\/9.10\/de\/cookies.html\" target=\"_blank\" rel=\"noopener\"><span class=\"s2\">Instrucci\u00f3n<\/span><\/a><\/li>\n<\/ul>\n<p class=\"p1\">Tambi\u00e9n puede desactivar el uso de cookies por parte de terceros visitando la p\u00e1gina de desactivaci\u00f3n de la Network Advertising Initiative en <a href=\"http:\/\/www.networkadvertising.org\/managing\/opt_out.asp\" target=\"_blank\" rel=\"noopener\"><span class=\"s3\">http:\/\/www.networkadvertising.org\/managing\/opt_out.asp<\/span><\/a> invocar<\/p>\n<p class=\"p1\"><b>Google Analytics y Google Remarketing<\/b><\/p>\n<p class=\"p1\">Este sitio web utiliza Google Analytics, un servicio de an\u00e1lisis web proporcionado por Google, Inc. Google Analytics utiliza \"cookies\", que son archivos de texto ubicados en su ordenador, para ayudar al sitio web a analizar el uso que hacen los usuarios del mismo. La informaci\u00f3n generada por la cookie sobre el uso de este sitio web por parte de los usuarios se transmite generalmente a un servidor de Google en los Estados Unidos y se almacena all\u00ed.<\/p>\n<p class=\"p1\">En caso de que se active la anonimizaci\u00f3n de la IP en este sitio web, la direcci\u00f3n IP del usuario ser\u00e1, sin embargo, acortada previamente por Google dentro de los estados miembros de la Uni\u00f3n Europea o en otros estados contratantes del Acuerdo sobre el Espacio Econ\u00f3mico Europeo. S\u00f3lo en casos excepcionales se transmitir\u00e1 la direcci\u00f3n IP completa a un servidor de Google en Estados Unidos y se acortar\u00e1 all\u00ed. La anonimizaci\u00f3n de la IP est\u00e1 activa en este sitio web. En nombre del operador de este sitio web, Google utilizar\u00e1 esta informaci\u00f3n con el fin de evaluar el uso del sitio web por parte de los usuarios, recopilar informes sobre la actividad del sitio web y prestar otros servicios relacionados con la actividad del sitio web y el uso de Internet al operador del sitio web.<\/p>\n<p class=\"p1\">La direcci\u00f3n IP transmitida por su navegador como parte de Google Analytics no se fusionar\u00e1 con otros datos de Google. Los usuarios pueden rechazar el uso de cookies seleccionando la configuraci\u00f3n adecuada en su navegador; sin embargo, tenga en cuenta que si lo hace es posible que no pueda utilizar todas las funciones de este sitio web. El usuario tambi\u00e9n puede impedir la recopilaci\u00f3n de los datos generados por la cookie y relacionados con su uso del sitio web (incluida su direcci\u00f3n IP) por parte de Google y el tratamiento de estos datos por parte de Google descargando e instalando el complemento del navegador disponible en el siguiente enlace: <a href=\"http:\/\/tools.google.com\/dlpage\/gaoptout?hl=de\" target=\"_blank\" rel=\"noopener\"><span class=\"s2\">http:\/\/tools.google.com\/dlpage\/gaoptout?hl=de<\/span><\/a>.<\/p>\n<p class=\"p1\"><b>An\u00e1lisis de Hotjar<\/b><\/p>\n<p class=\"p1\">Utilizamos Hotjar para comprender mejor las necesidades de nuestros usuarios y optimizar la oferta y la experiencia en este sitio web. Gracias a la tecnolog\u00eda de Hotjar, podemos conocer mejor la experiencia de nuestros usuarios (por ejemplo, cu\u00e1nto tiempo pasan los usuarios en qu\u00e9 p\u00e1ginas, en qu\u00e9 enlaces hacen clic, qu\u00e9 les gusta y qu\u00e9 no, etc.) y esto nos ayuda a adaptar nuestra oferta a los comentarios de nuestros usuarios. Hotjar utiliza cookies y otras tecnolog\u00edas para recopilar datos sobre el comportamiento de nuestros usuarios y sus dispositivos, en particular la direcci\u00f3n IP del dispositivo (recopilada y almacenada s\u00f3lo de forma an\u00f3nima durante el uso del sitio web), el tama\u00f1o de la pantalla, el tipo de dispositivo (identificadores \u00fanicos del dispositivo), informaci\u00f3n sobre el navegador utilizado, la ubicaci\u00f3n (s\u00f3lo el pa\u00eds), el idioma preferido para ver nuestro sitio web. Hotjar almacena esta informaci\u00f3n en nuestro nombre en un perfil de usuario seud\u00f3nimo. Hotjar tiene prohibido por contrato vender los datos recogidos en nuestro nombre.<\/p>\n<p class=\"p1\"><i>Puede encontrar m\u00e1s informaci\u00f3n en la secci\u00f3n \"sobre Hotjar\" en\u00a0<\/i><a href=\"https:\/\/help.hotjar.com\/hc\/en-us\/categories\/115001323967-About-Hotjar\" target=\"_blank\" rel=\"noopener\"><span class=\"s2\"><i>P\u00e1gina de ayuda de Hotjar<\/i><\/span><\/a><i>.<\/i><\/p>\n<p class=\"p1\"><b>Seguimiento universal de eventos de Bing (UET)<\/b><\/p>\n<p class=\"p1\">En nuestro sitio web, los datos se recopilan y almacenan utilizando tecnolog\u00edas de Bing Ads, a partir de las cuales se crean perfiles de uso utilizando seud\u00f3nimos. Este es un servicio proporcionado por Microsoft Corporation, One Microsoft Way, Redmond, WA 98052-6399, USA. Este servicio nos permite rastrear las actividades de los usuarios en nuestro sitio web si han llegado a \u00e9l a trav\u00e9s de anuncios de Bing Ads. Si llega a nuestro sitio web a trav\u00e9s de un anuncio de este tipo, se coloca una cookie en su ordenador. Nuestro sitio web incluye una etiqueta Bing UET. Se trata de un c\u00f3digo que, junto con la cookie, almacena cierta informaci\u00f3n no personal sobre su uso del sitio. Esto incluye, pero no se limita a, el tiempo de permanencia en el sitio web, las \u00e1reas del sitio web a las que se accedi\u00f3 y el anuncio desde el que el usuario lleg\u00f3 al sitio web. No se recoge informaci\u00f3n sobre su identidad.<\/p>\n<p class=\"p1\">La informaci\u00f3n recopilada se transfiere a los servidores de Microsoft en Estados Unidos y se almacena all\u00ed durante un m\u00e1ximo de 180 d\u00edas. Puede evitar la recopilaci\u00f3n de datos generados por la cookie y relacionados con su uso del sitio web, as\u00ed como el procesamiento de estos datos, desactivando la configuraci\u00f3n de las cookies. Esto puede restringir la funcionalidad del sitio web en determinadas circunstancias.<\/p>\n<p class=\"p1\">Adem\u00e1s, Microsoft puede ser capaz de rastrear sus patrones de uso a trav\u00e9s de m\u00faltiples dispositivos electr\u00f3nicos a trav\u00e9s del seguimiento entre dispositivos, lo que permite a Microsoft mostrar anuncios personalizados en o dentro de los sitios web y aplicaciones de Microsoft. Puede desactivar este comportamiento en http:\/\/choice.microsoft.com\/de-de\/opt-out.<\/p>\n<p class=\"p1\">Para obtener m\u00e1s informaci\u00f3n sobre los servicios de an\u00e1lisis de Bing, visite el sitio web de Bing Ads ( <a href=\"https:\/\/help.bingads.microsoft.com\/#apex\/3\/de\/53056\/2\" target=\"_blank\" rel=\"noopener\"><span class=\"s3\">https:\/\/help.bingads.microsoft.com\/#apex\/3\/de\/53056\/2<\/span><\/a> ). Para m\u00e1s informaci\u00f3n sobre la privacidad en Microsoft y Bing, consulte la pol\u00edtica de privacidad de Microsoft ( <a href=\"https:\/\/privacy.microsoft.com\/de-de\/privacystatement)\" target=\"_blank\" rel=\"noopener\"><span class=\"s2\">https:\/\/privacy.microsoft.com\/de-de\/privacystatement)<\/span><\/a>.<\/p>\n<p class=\"p1\"><b>Facebook Remarketing \/ Retargeting (P\u00fablicos personalizados)<\/b><\/p>\n<p class=\"p1\">El p\u00edxel de Facebook de la red social Facebook, 1601 South California Avenue, Palo Alto, CA 94304, USA est\u00e1 integrado en nuestras p\u00e1ginas. Cuando usted visita nuestras p\u00e1ginas, se establece una conexi\u00f3n directa entre su navegador y el servidor de Facebook a trav\u00e9s del p\u00edxel de Facebook. De este modo, Facebook recibe la informaci\u00f3n de que usted ha visitado nuestro sitio con su direcci\u00f3n IP. Esto permite a Facebook asignar la visita a nuestras p\u00e1ginas a su cuenta de usuario. Podemos utilizar la informaci\u00f3n as\u00ed obtenida para la visualizaci\u00f3n de Facebook Ads o para funcionalidades de seguimiento. Nos gustar\u00eda se\u00f1alar que nosotros, como proveedores de las p\u00e1ginas, no tenemos conocimiento del contenido de los datos transmitidos ni de su uso por parte de Facebook. Puede encontrar m\u00e1s informaci\u00f3n al respecto en la pol\u00edtica de privacidad de facebook en <a href=\"https:\/\/www.facebook.com\/about\/privacy\/\" target=\"_blank\" rel=\"noopener\"><span class=\"s3\">https:\/\/www.facebook.com\/about\/privacy\/<\/span><\/a> . Si no desea que se recojan datos a trav\u00e9s de las Audiencias Personalizadas, puede desactivarlas aqu\u00ed.<\/p>\n<p class=\"p1\"><b>LinkedIn Remarketing y Retargeting<\/b><\/p>\n<p class=\"p1\">En nuestras p\u00e1ginas se integran etiquetas de remarketing de la red social LinkedIn Corporation, 2029 Stierlin Court, Mountain View, CA 94043, USA. Cuando usted visita nuestras p\u00e1ginas, se establece una conexi\u00f3n directa entre su navegador y el servidor de LinkedIn a trav\u00e9s de las etiquetas de remarketing. De este modo, LinkedIn recibe la informaci\u00f3n de que usted ha visitado nuestro sitio con su direcci\u00f3n IP. Esto permite a LinkedIn asignar la visita a nuestras p\u00e1ginas a su cuenta de usuario. Podemos utilizar la informaci\u00f3n obtenida de este modo para mostrar anuncios de LinkedIn. Nos gustar\u00eda se\u00f1alar que nosotros, como proveedores de las p\u00e1ginas, no tenemos conocimiento del contenido de los datos transmitidos ni de su uso por parte de LinkedIn. Puede encontrar m\u00e1s informaci\u00f3n al respecto en la pol\u00edtica de privacidad de Twitter en <a href=\"https:\/\/www.linkedin.com\/legal\/privacy-policy\" target=\"_blank\" rel=\"noopener\"><span class=\"s2\">https:\/\/www.linkedin.com\/legal\/privacy-policy<\/span><span class=\"s3\"><br \/><\/span><\/a><\/p>\n<p class=\"p1\"><b>Bolet\u00edn de noticias<\/b><\/p>\n<p class=\"p1\">Tiene la posibilidad de suscribirse a nuestro bolet\u00edn de noticias. Para ello necesitamos su direcci\u00f3n de correo electr\u00f3nico y su declaraci\u00f3n de que acepta recibir el bolet\u00edn.<\/p>\n<p class=\"p1\">Al inscribirse en el bolet\u00edn, su nombre y direcci\u00f3n de correo electr\u00f3nico se utilizar\u00e1n con su consentimiento exclusivamente para nuestros propios fines publicitarios hasta que se d\u00e9 de baja del bolet\u00edn. Es posible darse de baja en cualquier momento a trav\u00e9s del propio bolet\u00edn o envi\u00e1ndonos un breve mensaje.<\/p>\n<p class=\"p1\"><b>Sus derechos y contacto<\/b><\/p>\n<p class=\"p1\">En general, usted tiene derecho a la informaci\u00f3n, rectificaci\u00f3n, supresi\u00f3n, restricci\u00f3n, portabilidad de datos, revocaci\u00f3n y oposici\u00f3n. Si tiene alguna pregunta al respecto, que esta pol\u00edtica de privacidad no pueda responder, puede ponerse en contacto con nosotros en cualquier momento en la siguiente direcci\u00f3n:<\/p>\n<p class=\"p1\"><b>Responsabilidad general\/editorial<br \/><\/b><\/p>\n<h4 class=\"wp-block-heading\">Responsabilidad general\/editorial<\/h4>\n<p>Asociaci\u00f3n de Polic\u00eda Animal<br \/>Sociedad Protectora de Animales<br \/>Presidente Farah de Tomi<br \/>Tubo inferior de carretera 3<br \/>8952 Schlieren<br \/>Tel\u00e9fono: +41 (0 76 398 09 06<br \/>Correo electr\u00f3nico: help@animalpolice.ch<\/p>\n<p class=\"p1\"><b>\u00a0<\/b><\/p>\n<p class=\"p1\"><b>Dise\u00f1o e implementaci\u00f3n t\u00e9cnica del sitio web<\/b><\/p>\n<p class=\"p1\">Brian Gantner<br \/>079 269 3130<br \/><a href=\"mailto:mail@briangantner.ch\">mail@briangantner.ch<\/a><br \/><a href=\"http:\/\/briangantner.ch\" target=\"_blank\" rel=\"noopener\">briangantner.ch<\/a><\/p>\n<p class=\"p1\"><b>Modificaci\u00f3n de la pol\u00edtica de privacidad<\/b><\/p>\n<p class=\"p1\">Los propietarios de la p\u00e1gina web se reservan el derecho a modificar esta declaraci\u00f3n de protecci\u00f3n de datos en cualquier momento con efecto para el futuro. Se ruega al usuario que se informe regularmente sobre la base de la correspondiente declaraci\u00f3n de protecci\u00f3n de datos vigente.<\/p>\n<p class=\"p1\"><b>Estado de la pol\u00edtica de privacidad: agosto de 2023<\/b><\/p>\n<p><\/p>\t\t\t\t\t\t\t\t<\/div>\n\t\t\t\t<\/div>\n\t\t\t\t\t<\/div>\n\t\t<\/div>\n\t\t\t\t\t<\/div>\n\t\t<\/section>\n\t\t\t\t<\/div>","protected":false},"excerpt":{"rendered":"<p>DECLARACI\u00d3N DE PROTECCI\u00d3N DE DATOS Descargo de responsabilidad El autor no asume ninguna responsabilidad en cuanto a la correcci\u00f3n, exactitud, actualizaci\u00f3n, fiabilidad e integridad de la informaci\u00f3n. Por lo tanto, se rechazar\u00e1n las reclamaciones de responsabilidad relativas a los da\u00f1os causados por el uso de cualquier informaci\u00f3n proporcionada, incluyendo cualquier tipo de informaci\u00f3n que sea incompleta o incorrecta. Todas las ofertas son [...]<\/p>","protected":false},"author":3,"featured_media":0,"parent":0,"menu_order":0,"comment_status":"closed","ping_status":"open","template":"elementor_header_footer","meta":{"footnotes":""},"class_list":["post-3","page","type-page","status-publish","hentry"],"_links":{"self":[{"href":"https:\/\/animalpoliceassociation.com\/es\/wp-json\/wp\/v2\/pages\/3","targetHints":{"allow":["GET"]}}],"collection":[{"href":"https:\/\/animalpoliceassociation.com\/es\/wp-json\/wp\/v2\/pages"}],"about":[{"href":"https:\/\/animalpoliceassociation.com\/es\/wp-json\/wp\/v2\/types\/page"}],"author":[{"embeddable":true,"href":"https:\/\/animalpoliceassociation.com\/es\/wp-json\/wp\/v2\/users\/3"}],"replies":[{"embeddable":true,"href":"https:\/\/animalpoliceassociation.com\/es\/wp-json\/wp\/v2\/comments?post=3"}],"version-history":[{"count":7,"href":"https:\/\/animalpoliceassociation.com\/es\/wp-json\/wp\/v2\/pages\/3\/revisions"}],"predecessor-version":[{"id":6210,"href":"https:\/\/animalpoliceassociation.com\/es\/wp-json\/wp\/v2\/pages\/3\/revisions\/6210"}],"wp:attachment":[{"href":"https:\/\/animalpoliceassociation.com\/es\/wp-json\/wp\/v2\/media?parent=3"}],"curies":[{"name":"wp","href":"https:\/\/api.w.org\/{rel}","templated":true}]}}