{"id":4430,"date":"2021-05-01T12:50:43","date_gmt":"2021-05-01T10:50:43","guid":{"rendered":"https:\/\/animalpoliceassociation.com\/?page_id=4430"},"modified":"2021-05-01T12:52:30","modified_gmt":"2021-05-01T10:52:30","slug":"agbs","status":"publish","type":"page","link":"https:\/\/animalpoliceassociation.com\/es\/agbs\/","title":{"rendered":"condiciones generales"},"content":{"rendered":"<div data-elementor-type=\"wp-page\" data-elementor-id=\"4430\" class=\"elementor elementor-4430\" data-elementor-post-type=\"page\">\n\t\t\t\t\t\t<section class=\"elementor-section elementor-top-section elementor-element elementor-element-0a89393 elementor-section-boxed elementor-section-height-default elementor-section-height-default\" data-id=\"0a89393\" data-element_type=\"section\">\n\t\t\t\t\t\t<div class=\"elementor-container elementor-column-gap-default\">\n\t\t\t\t\t<div class=\"elementor-column elementor-col-100 elementor-top-column elementor-element elementor-element-6064daa\" data-id=\"6064daa\" data-element_type=\"column\">\n\t\t\t<div class=\"elementor-widget-wrap elementor-element-populated\">\n\t\t\t\t\t\t<div class=\"elementor-element elementor-element-e06c471 elementor-widget elementor-widget-heading\" data-id=\"e06c471\" data-element_type=\"widget\" data-widget_type=\"heading.default\">\n\t\t\t\t<div class=\"elementor-widget-container\">\n\t\t\t\t\t<h2 class=\"elementor-heading-title elementor-size-default\">condiciones generales<\/h2>\t\t\t\t<\/div>\n\t\t\t\t<\/div>\n\t\t\t\t<div class=\"elementor-element elementor-element-f5ed8ce elementor-widget-divider--view-line elementor-widget elementor-widget-divider\" data-id=\"f5ed8ce\" data-element_type=\"widget\" data-widget_type=\"divider.default\">\n\t\t\t\t<div class=\"elementor-widget-container\">\n\t\t\t\t\t\t\t<div class=\"elementor-divider\">\n\t\t\t<span class=\"elementor-divider-separator\">\n\t\t\t\t\t\t<\/span>\n\t\t<\/div>\n\t\t\t\t\t\t<\/div>\n\t\t\t\t<\/div>\n\t\t\t\t\t<\/div>\n\t\t<\/div>\n\t\t\t\t\t<\/div>\n\t\t<\/section>\n\t\t\t\t<section class=\"elementor-section elementor-top-section elementor-element elementor-element-3b067352 elementor-section-boxed elementor-section-height-default elementor-section-height-default\" data-id=\"3b067352\" data-element_type=\"section\">\n\t\t\t\t\t\t<div class=\"elementor-container elementor-column-gap-default\">\n\t\t\t\t\t<div class=\"elementor-column elementor-col-100 elementor-top-column elementor-element elementor-element-42ae185\" data-id=\"42ae185\" data-element_type=\"column\">\n\t\t\t<div class=\"elementor-widget-wrap elementor-element-populated\">\n\t\t\t\t\t\t<div class=\"elementor-element elementor-element-d9ba2bb elementor-widget elementor-widget-text-editor\" data-id=\"d9ba2bb\" data-element_type=\"widget\" data-widget_type=\"text-editor.default\">\n\t\t\t\t<div class=\"elementor-widget-container\">\n\t\t\t\t\t\t\t\t\t\n<p style=\"margin: 0in; font-family: 'Helvetica Neue'; font-size: 9.75pt;\"><span lang=\"de\" style=\"font-weight: bold;\">1.<\/span> <span lang=\"de\" style=\"font-weight: bold;\">Alcance<\/span><\/p>\n<p style=\"margin: 0in; font-family: 'Helvetica Neue'; font-size: 9.75pt;\"><span lang=\"de\">Estas condiciones generales<\/span><span lang=\"de-CH\">\u00a0 <\/span><span lang=\"de\">(\"CGC\") se aplican a toda la actividad de la empresa mencionada a continuaci\u00f3n.<\/span><\/p>\n<p lang=\"de-CH\" style=\"margin: 0in; font-family: Calibri; font-size: 11.0pt;\">\u00a0<\/p>\n<p style=\"margin: 0in; font-family: 'Helvetica Neue'; font-size: 9.75pt;\"><span style=\"font-weight: bold;\">Responsabilidad general\/editorial<\/span><\/p>\n<p style=\"margin: 0in; font-family: 'Helvetica Neue'; font-size: 9.75pt;\">Asociaci\u00f3n de Polic\u00eda Animal<br \/>Tubo inferior de carretera 3<br \/>8952 Schlieren ZH<br \/><a href=\"tel:0792693130\">079 269 31 30<\/a><br \/><a href=\"mailto:help@animalpolice.ch\">help@animalpolice.ch<\/a><\/p>\n<p lang=\"de-CH\" style=\"margin: 0in; font-family: Calibri; font-size: 11.0pt;\">\u00a0<\/p>\n<p style=\"margin: 0in; font-family: 'Helvetica Neue'; font-size: 9.75pt;\"><span style=\"font-weight: bold;\">Dise\u00f1o e implementaci\u00f3n t\u00e9cnica del sitio web<\/span><\/p>\n<p style=\"margin: 0in; font-family: 'Helvetica Neue'; font-size: 9.75pt;\">Internet Focus<\/p>\n<p style=\"margin: 0in; font-family: 'Helvetica Neue'; font-size: 9.75pt;\">Tubo inferior de carretera 3<\/p>\n<p style=\"margin: 0in; font-family: 'Helvetica Neue'; font-size: 9.75pt;\">8952 Schlieren ZH<\/p>\n<p style=\"margin: 0in; font-family: 'Helvetica Neue'; font-size: 9.75pt;\">056 450 98 40<\/p>\n<p style=\"margin: 0in;\"><a href=\"mailto:hello@focus-internet.ch\"><span lang=\"de\" style=\"font-family: 'Helvetica Neue'; font-size: 9.75pt;\">hello@focus-internet.ch<\/span><\/a><span lang=\"de-CH\" style=\"font-family: 'Helvetica Neue'; font-size: 9.75pt;\">\u00a0 <\/span><span lang=\"de\" style=\"font-family: 'Helvetica Neue'; font-size: 9.75pt;\">\u00a0 \u00a0 \u00a0 \u00a0 \u00a0 \u00a0 \u00a0 \u00a0 \u00a0 \u00a0 \u00a0 <\/span><\/p>\n<p style=\"margin: 0in;\"><a href=\"mailto:sales@focus-internet.ch\"><span lang=\"de\" style=\"font-family: 'Helvetica Neue'; font-size: 9.75pt;\">sales@focus-internet.ch<\/span><\/a><\/p>\n<p style=\"margin: 0in;\"><a href=\"http:\/\/www.focus-internet.com\" target=\"_blank\" rel=\"noopener\"><span lang=\"de\" style=\"font-family: 'Helvetica Neue'; font-size: 9.75pt;\">www.focus-internet.com<\/span><\/a><span lang=\"de-CH\" style=\"font-family: 'Helvetica Neue'; font-size: 9.75pt;\">\u00a0<\/span><\/p>\n<p lang=\"de-CH\" style=\"margin: 0in; font-family: Calibri; font-size: 11.0pt;\">\u00a0<\/p>\n<p lang=\"de-CH\" style=\"margin: 0in; font-family: Calibri; font-size: 11.0pt;\">\u00a0<\/p>\n<p style=\"margin: 0in; font-family: 'Helvetica Neue'; font-size: 9.75pt;\"><span lang=\"de\" style=\"font-weight: bold;\">2.<\/span> <span lang=\"de\" style=\"font-weight: bold;\">Conclusi\u00f3n del contrato<\/span><\/p>\n<p style=\"margin: 0in; font-family: 'Helvetica Neue'; font-size: 9.75pt;\"><span lang=\"de\">El contrato se concluye con la confirmaci\u00f3n de la empresa sobre el acuerdo relativo a la compra de productos<\/span><span lang=\"de-CH\">\u00a0 <\/span><span lang=\"de\">y\/o servicios por parte del cliente.<\/span><span lang=\"de-CH\">\u00a0<\/span><\/p>\n<p style=\"margin: 0in; font-family: 'Helvetica Neue'; font-size: 9.75pt;\">El contrato tambi\u00e9n se celebra cuando el cliente utiliza los servicios ofrecidos por la empresa y\/o encarga productos a trav\u00e9s de la tienda online de la empresa o los compra directamente.<\/p>\n<p lang=\"de-CH\" style=\"margin: 0in; font-family: Calibri; font-size: 11.0pt;\">\u00a0<\/p>\n<p style=\"margin: 0in; font-family: 'Helvetica Neue'; font-size: 9.75pt;\"><span lang=\"de\" style=\"font-weight: bold;\">3.<\/span> <span lang=\"de\" style=\"font-weight: bold;\">Precios<\/span><\/p>\n<p style=\"margin: 0in; font-family: 'Helvetica Neue'; font-size: 9.75pt;\">Salvo que se indique lo contrario, todos los precios se expresan en francos suizos (CHF). Todos los precios no incluyen el impuesto sobre el valor a\u00f1adido (IVA).<\/p>\n<p style=\"margin: 0in; font-family: 'Helvetica Neue'; font-size: 9.75pt;\">Los precios no incluyen ning\u00fan otro impuesto aplicable ni los gastos de embalaje y env\u00edo.<\/p>\n<p style=\"margin: 0in; font-family: 'Helvetica Neue'; font-size: 9.75pt;\"><span lang=\"de\">La empresa se reserva el derecho de modificar los precios en cualquier momento.<\/span><span lang=\"de-CH\">\u00a0 <\/span><span lang=\"de\">Se aplicar\u00e1n los precios seg\u00fan la lista de precios de la empresa vigente en el momento de la celebraci\u00f3n del contrato.<\/span><\/p>\n<p lang=\"de-CH\" style=\"margin: 0in; font-family: Calibri; font-size: 11.0pt;\">\u00a0<\/p>\n<p style=\"margin: 0in; font-family: 'Helvetica Neue'; font-size: 9.75pt;\"><span lang=\"de\" style=\"font-weight: bold;\">4.<\/span> <span lang=\"de\" style=\"font-weight: bold;\">Pago<\/span><\/p>\n<p style=\"margin: 0in; font-family: 'Helvetica Neue'; font-size: 9.75pt;\"><span lang=\"de\">El cliente est\u00e1 obligado a pagar el importe de la factura en el plazo de<\/span><span lang=\"de-CH\">\u00a0 <\/span><span lang=\"de\">30 d\u00edas a partir de la fecha de la factura.<\/span><span lang=\"de-CH\">\u00a0<\/span><\/p>\n<p style=\"margin: 0in; font-family: 'Helvetica Neue'; font-size: 9.75pt;\"><span lang=\"de\">Si la factura no se paga en el plazo de pago mencionado, se advertir\u00e1 al cliente. Si el cliente no liquida la factura dentro del periodo de recordatorio establecido, entra autom\u00e1ticamente en mora.<\/span><span lang=\"de-CH\">\u00a0<\/span><\/p>\n<p style=\"margin: 0in; font-family: 'Helvetica Neue'; font-size: 9.75pt;\"><span lang=\"de\">Si la empresa tambi\u00e9n ofrece productos para su compra, alquiler u otro uso a trav\u00e9s de una plataforma en l\u00ednea, tambi\u00e9n puede exigir el pago por medios electr\u00f3nicos como parte del proceso de pedido (tarjetas de cr\u00e9dito, Paypal u otros sistemas de pago).<\/span><span lang=\"de-CH\">\u00a0<\/span><\/p>\n<p lang=\"de-CH\" style=\"margin: 0in; font-family: Calibri; font-size: 11.0pt;\">\u00a0<\/p>\n<p style=\"margin: 0in; font-family: 'Helvetica Neue'; font-size: 9.75pt;\"><span lang=\"de\" style=\"font-weight: bold;\">5.<\/span> <span lang=\"de\" style=\"font-weight: bold;\">Obligaciones de la empresa<\/span><\/p>\n<p lang=\"de-CH\" style=\"margin: 0in; font-family: Calibri; font-size: 11.0pt;\">\u00a0<\/p>\n<p style=\"margin: 0in; font-family: 'Helvetica Neue'; font-size: 9.75pt;\"><span lang=\"de\">5.1.<\/span> <span lang=\"de\">Entrega \/ Fechas de entrega<\/span><\/p>\n<p style=\"margin: 0in; font-family: 'Helvetica Neue'; font-size: 9.75pt;\"><span lang=\"de\">La entrega se realizar\u00e1 en los d\u00edas especificados en el momento de la compra tras la recepci\u00f3n del pedido. En caso de que la entrega no sea posible a tiempo, la Empresa informar\u00e1 al Cliente en los d\u00edas h\u00e1biles indicados en el momento de la compra tras la recepci\u00f3n del pedido y se le comunicar\u00e1 la nueva fecha de entrega.<\/span><span lang=\"de-CH\">\u00a0<\/span><\/p>\n<p lang=\"de-CH\" style=\"margin: 0in; font-family: Calibri; font-size: 11.0pt;\">\u00a0<\/p>\n<p style=\"margin: 0in; font-family: 'Helvetica Neue'; font-size: 9.75pt;\"><span lang=\"de\">5.2.<\/span> <span lang=\"de\">Prestaci\u00f3n de servicios<\/span><\/p>\n<p style=\"margin: 0in; font-family: 'Helvetica Neue'; font-size: 9.75pt;\"><span lang=\"de\">Salvo acuerdo en contrario, la Compa\u00f1\u00eda cumplir\u00e1 su obligaci\u00f3n prestando el servicio acordado. Si no se acuerdan otras disposiciones, el lugar de cumplimiento ser\u00e1 el domicilio social de la Sociedad.<\/span><span lang=\"de-CH\">\u00a0<\/span><\/p>\n<p lang=\"de-CH\" style=\"margin: 0in; font-family: Calibri; font-size: 11.0pt;\">\u00a0<\/p>\n<p style=\"margin: 0in; font-family: 'Helvetica Neue'; font-size: 9.75pt;\"><span lang=\"de\" style=\"font-weight: bold;\">6.<\/span> <span lang=\"de\" style=\"font-weight: bold;\">Obligaciones del cliente<\/span><span lang=\"de-CH\" style=\"font-weight: bold;\">\u00a0<\/span><\/p>\n<p style=\"margin: 0in; font-family: 'Helvetica Neue'; font-size: 9.75pt;\"><span lang=\"de\">El Cliente est\u00e1 obligado a realizar todas las gestiones necesarias para la prestaci\u00f3n del servicio por parte de la Empresa sin demora. El Cliente deber\u00e1 realizar las gestiones en el lugar acordado, a la hora y en la medida acordada. Dependiendo de las circunstancias, esto puede incluir el suministro de informaci\u00f3n y documentaci\u00f3n adecuada a la empresa.<\/span><span lang=\"de-CH\">\u00a0 \u00a0 \u00a0<\/span><\/p>\n<p style=\"margin: 0in; font-family: 'Helvetica Neue'; font-size: 9.75pt;\">\u00a0\u00a0<\/p>\n<p style=\"margin: 0in; font-family: 'Helvetica Neue'; font-size: 9.75pt;\"><span lang=\"de\" style=\"font-weight: bold;\">7.<\/span> <span lang=\"de\" style=\"font-weight: bold;\">Dimisi\u00f3n<\/span><\/p>\n<p style=\"margin: 0in; font-family: 'Helvetica Neue'; font-size: 9.75pt;\"><span lang=\"de\">Ambas partes tienen derecho a rescindir el contrato en cualquier momento. La otra parte ser\u00e1 compensada en su totalidad por los gastos ya incurridos. No se permite la retirada en momentos inoportunos y queda reservada cualquier reclamaci\u00f3n por da\u00f1os y perjuicios.<\/span><span lang=\"de-CH\">\u00a0 <\/span><\/p>\n<p lang=\"de-CH\" style=\"margin: 0in; font-family: Calibri; font-size: 11.0pt;\">\u00a0<\/p>\n<p style=\"margin: 0in; font-family: 'Helvetica Neue'; font-size: 9.75pt;\"><span lang=\"de\" style=\"font-weight: bold;\">8.<\/span> <span lang=\"de\" style=\"font-weight: bold;\">Intercambio<\/span><span lang=\"de-CH\" style=\"font-weight: bold;\">\u00a0<\/span><\/p>\n<p style=\"margin: 0in; font-family: 'Helvetica Neue'; font-size: 9.75pt;\">Por lo general, se excluye el intercambio de productos.<\/p>\n<p lang=\"de-CH\" style=\"margin: 0in; font-family: Calibri; font-size: 11.0pt;\">\u00a0<\/p>\n<p style=\"margin: 0in; font-family: 'Helvetica Neue'; font-size: 9.75pt;\"><span lang=\"de\" style=\"font-weight: bold;\">9.<\/span> <span lang=\"de\" style=\"font-weight: bold;\">Dimisi\u00f3n<\/span><\/p>\n<p style=\"margin: 0in; font-family: 'Helvetica Neue'; font-size: 9.75pt;\">El cliente tiene derecho a revocar el contrato en un plazo de [...] d\u00edas a partir del env\u00edo del pedido por escrito o impl\u00edcitamente mediante la devoluci\u00f3n de los productos. Para cumplir el plazo de revocaci\u00f3n, basta con enviar la revocaci\u00f3n o el producto a tiempo. En caso de revocaci\u00f3n, el cliente correr\u00e1 con los gastos del env\u00edo de vuelta. En caso de revocaci\u00f3n efectiva, se reembolsar\u00e1n los servicios recibidos por ambas partes. Los productos deben ser devueltos en su embalaje original, de lo contrario el Cliente deber\u00e1 indemnizar \u00edntegramente a la Empresa por los da\u00f1os causados por la apertura del embalaje o por el deterioro del producto.<\/p>\n<p lang=\"de-CH\" style=\"margin: 0in; font-family: Calibri; font-size: 11.0pt;\">\u00a0<\/p>\n<p style=\"margin: 0in; font-family: 'Helvetica Neue'; font-size: 9.75pt;\"><span lang=\"de\" style=\"font-weight: bold;\">10.<\/span> <span lang=\"de\" style=\"font-weight: bold;\">Garant\u00eda<\/span><\/p>\n<p style=\"margin: 0in; font-family: 'Helvetica Neue'; font-size: 9.75pt;\">Se aplicar\u00e1n las disposiciones legales de garant\u00eda.<\/p>\n<p style=\"margin: 0in; font-family: 'Helvetica Neue'; font-size: 9.75pt;\">Cualquier defecto debe ser comunicado a la empresa inmediatamente. Es la empresa la que decide si el producto defectuoso se repara o se sustituye. S\u00f3lo en el caso de que no sea posible una sustituci\u00f3n o reparaci\u00f3n, el cliente tiene derecho a una reducci\u00f3n o reembolso del precio de compra. Queda excluida la solicitud de reembolso de los gastos en caso de reparaciones por parte de terceros. Durante la reparaci\u00f3n, el cliente no tiene derecho a un producto de sustituci\u00f3n<\/p>\n<p lang=\"de-CH\" style=\"margin: 0in; font-family: Calibri; font-size: 11.0pt;\">\u00a0<\/p>\n<p style=\"margin: 0in; font-family: 'Helvetica Neue'; font-size: 9.75pt;\"><span lang=\"de\" style=\"font-weight: bold;\">11.<\/span> <span lang=\"de\" style=\"font-weight: bold;\">Responsabilidad<\/span><\/p>\n<p style=\"margin: 0in; font-family: 'Helvetica Neue'; font-size: 9.75pt;\">Se excluye por completo la responsabilidad por cualquier da\u00f1o indirecto y consecuente.<\/p>\n<p style=\"margin: 0in; font-family: 'Helvetica Neue'; font-size: 9.75pt;\">La responsabilidad por da\u00f1os directos se limita a [...]. Esta limitaci\u00f3n de responsabilidad no se aplica a los da\u00f1os directos causados por negligencia grave o dolo.<\/p>\n<p style=\"margin: 0in; font-family: 'Helvetica Neue'; font-size: 9.75pt;\"><span lang=\"de\">El cliente est\u00e1 obligado a informar de cualquier da\u00f1o a la empresa inmediatamente.<\/span><span lang=\"de-CH\">\u00a0<\/span><\/p>\n<p style=\"margin: 0in; font-family: 'Helvetica Neue'; font-size: 9.75pt;\">Queda totalmente excluida cualquier responsabilidad por las personas auxiliares.<\/p>\n<p lang=\"de-CH\" style=\"margin: 0in; font-family: Calibri; font-size: 11.0pt;\">\u00a0<\/p>\n<p style=\"margin: 0in; font-family: 'Helvetica Neue'; font-size: 9.75pt;\"><span lang=\"de\" style=\"font-weight: bold;\">12.<\/span> <span lang=\"de\" style=\"font-weight: bold;\">Protecci\u00f3n de datos<\/span><\/p>\n<p style=\"margin: 0in; font-family: 'Helvetica Neue'; font-size: 9.75pt;\">La Empresa podr\u00e1 tratar y utilizar los datos registrados en el marco de la celebraci\u00f3n del contrato para el cumplimiento de las obligaciones derivadas del mismo. La empresa tomar\u00e1 las medidas necesarias para asegurar los datos de acuerdo con las disposiciones legales. El Cliente acepta plenamente el almacenamiento y uso contractual de sus datos por parte de la Empresa y es consciente de que la Empresa est\u00e1 obligada y tiene derecho a revelar informaci\u00f3n del Cliente a estos o a terceros por orden de los tribunales o autoridades. Si el Cliente no lo ha prohibido expresamente, la Empresa podr\u00e1 utilizar los datos con fines de marketing.<\/p>\n<p lang=\"de-CH\" style=\"margin: 0in; font-family: Calibri; font-size: 11.0pt;\">\u00a0<\/p>\n<p style=\"margin: 0in; font-family: 'Helvetica Neue'; font-size: 9.75pt;\"><span lang=\"de\" style=\"font-weight: bold;\">13.<\/span> <span lang=\"de\" style=\"font-weight: bold;\">Cambios<\/span><\/p>\n<p style=\"margin: 0in; font-family: 'Helvetica Neue'; font-size: 9.75pt;\"><span lang=\"de\">Estas condiciones pueden ser modificadas por la empresa en cualquier momento.<\/span><span lang=\"de-CH\">\u00a0<\/span><\/p>\n<p style=\"margin: 0in; font-family: 'Helvetica Neue'; font-size: 9.75pt;\">La nueva versi\u00f3n entra en vigor mediante su publicaci\u00f3n en el sitio web de la empresa.<\/p>\n<p lang=\"de-CH\" style=\"margin: 0in; font-family: Calibri; font-size: 11.0pt;\">\u00a0<\/p>\n<p style=\"margin: 0in; font-family: 'Helvetica Neue'; font-size: 9.75pt;\"><span lang=\"de\" style=\"font-weight: bold;\">14.<\/span> <span lang=\"de\" style=\"font-weight: bold;\">Prioridad<\/span><span lang=\"de-CH\" style=\"font-weight: bold;\">\u00a0<\/span><\/p>\n<p style=\"margin: 0in; font-family: 'Helvetica Neue'; font-size: 9.75pt;\">Estas CGC tienen prioridad sobre todas las disposiciones y contratos anteriores. S\u00f3lo las disposiciones de los contratos individuales, que siguen especificando las disposiciones de estas CGC, tienen prioridad sobre estas CGC.<\/p>\n<p lang=\"de-CH\" style=\"margin: 0in; font-family: Calibri; font-size: 11.0pt;\">\u00a0<\/p>\n<p style=\"margin: 0in; font-family: 'Helvetica Neue'; font-size: 9.75pt;\"><span lang=\"de\" style=\"font-weight: bold;\">15.<\/span> <span lang=\"de\" style=\"font-weight: bold;\">cl\u00e1usula de separabilidad<\/span><\/p>\n<p style=\"margin: 0in; font-family: 'Helvetica Neue'; font-size: 9.75pt;\"><span style=\"font-style: italic;\">En caso de que una disposici\u00f3n del presente contrato o de un anexo sea o llegue a ser inv\u00e1lida, ello no afectar\u00e1 a la validez del resto del contrato. Las partes contratantes sustituir\u00e1n la disposici\u00f3n inv\u00e1lida por una disposici\u00f3n v\u00e1lida que se acerque lo m\u00e1s posible a la finalidad econ\u00f3mica de la disposici\u00f3n inv\u00e1lida. Lo mismo se aplicar\u00e1 a las posibles lagunas del contrato.<\/span><\/p>\n<p lang=\"de-CH\" style=\"margin: 0in; font-family: Calibri; font-size: 11.0pt;\">\u00a0<\/p>\n<p style=\"margin: 0in; font-family: 'Helvetica Neue'; font-size: 9.75pt;\"><span lang=\"de\" style=\"font-weight: bold;\">16.<\/span> <span lang=\"de\" style=\"font-weight: bold;\">Ley aplicable \/ lugar de jurisdicci\u00f3n<\/span><\/p>\n<p style=\"margin: 0in; font-family: 'Helvetica Neue'; font-size: 9.75pt;\"><span lang=\"de\">Estas CGC est\u00e1n sujetas a la legislaci\u00f3n suiza. En la medida en que no prevalezcan disposiciones legales imperativas, ser\u00e1 competente el tribunal del domicilio social de la empresa. La Convenci\u00f3n de las Naciones Unidas sobre los Contratos de Compraventa Internacional de Mercader\u00edas (RE 0.221.221.1) queda expl\u00edcitamente excluida.<\/span><span lang=\"de-CH\" style=\"font-weight: bold;\">\u00a0<\/span><\/p>\n\t\t\t\t\t\t\t\t<\/div>\n\t\t\t\t<\/div>\n\t\t\t\t\t<\/div>\n\t\t<\/div>\n\t\t\t\t\t<\/div>\n\t\t<\/section>\n\t\t\t\t<\/div>","protected":false},"excerpt":{"rendered":"<p>CGC 1. \u00c1mbito de aplicaci\u00f3n Las presentes Condiciones Generales de Contrataci\u00f3n (\"CGC\") se aplican a la totalidad de las actividades de la empresa mencionada a continuaci\u00f3n.   Responsabilidad general\/editorial Asociaci\u00f3n de Polic\u00eda AnimalUnterrohrstrasse 38952 Schlieren ZH079 269 31 30help@animalpolice.ch Dise\u00f1o y realizaci\u00f3n t\u00e9cnica Sitio web Focus Internet Unterrohrstrasse 3 8952 Schlieren ZH 056 450 98 40 hello@focus-internet.ch [...]<\/p>","protected":false},"author":3,"featured_media":0,"parent":0,"menu_order":0,"comment_status":"closed","ping_status":"open","template":"elementor_header_footer","meta":{"footnotes":""},"class_list":["post-4430","page","type-page","status-publish","hentry"],"_links":{"self":[{"href":"https:\/\/animalpoliceassociation.com\/es\/wp-json\/wp\/v2\/pages\/4430","targetHints":{"allow":["GET"]}}],"collection":[{"href":"https:\/\/animalpoliceassociation.com\/es\/wp-json\/wp\/v2\/pages"}],"about":[{"href":"https:\/\/animalpoliceassociation.com\/es\/wp-json\/wp\/v2\/types\/page"}],"author":[{"embeddable":true,"href":"https:\/\/animalpoliceassociation.com\/es\/wp-json\/wp\/v2\/users\/3"}],"replies":[{"embeddable":true,"href":"https:\/\/animalpoliceassociation.com\/es\/wp-json\/wp\/v2\/comments?post=4430"}],"version-history":[{"count":0,"href":"https:\/\/animalpoliceassociation.com\/es\/wp-json\/wp\/v2\/pages\/4430\/revisions"}],"wp:attachment":[{"href":"https:\/\/animalpoliceassociation.com\/es\/wp-json\/wp\/v2\/media?parent=4430"}],"curies":[{"name":"wp","href":"https:\/\/api.w.org\/{rel}","templated":true}]}}