{"id":4927,"date":"2021-05-02T00:04:01","date_gmt":"2021-05-01T22:04:01","guid":{"rendered":"https:\/\/animalpoliceassociation.com\/produkt\/kurzaermeliges-unisex-t-shirt\/"},"modified":"2024-11-02T00:04:56","modified_gmt":"2024-11-01T23:04:56","slug":"kurzaermeliges-unisex-t-shirt","status":"publish","type":"product","link":"https:\/\/animalpoliceassociation.com\/es\/producto\/kurzaermeliges-unisex-t-shirt\/","title":{"rendered":"Camiseta de manga corta unisex"},"content":{"rendered":"<p>Esta camiseta es todo lo que has so\u00f1ado y m\u00e1s. Se siente suave y ligero, con el equilibrio perfecto de estiramiento y estabilidad. Es c\u00f3modo y favorecedor para hombres y mujeres.<\/p>\n<p>- 100 Algod\u00f3n peinado e hilado en anillos % (Los colores del brezo contienen poli\u00e9ster)<br \/>\n- Los colores ceniza son 99 % de algod\u00f3n peinado e hilado en anillos, 1 % de poli\u00e9ster.<br \/>\n- Los colores del brezo son 52 % de algod\u00f3n peinado e hilado en anillos, 48 % de poli\u00e9ster.<br \/>\n- Athletic y Black Heather tienen 90 % de algod\u00f3n peinado e hilado en anillo, 10 % de poli\u00e9ster.<br \/>\n- Los colores de Heather Prism son 99 % de algod\u00f3n peinado e hilado en anillo, 1 % de poli\u00e9ster.<br \/>\n- Peso del tejido: 142 g \/ m\u00b2 <br \/>\n- Material preencogido<br \/>\n- cinta adhesiva de hombro a hombro<br \/>\n- costura lateral<\/p>","protected":false},"excerpt":{"rendered":"<p>Esta camiseta es todo lo que has so\u00f1ado y m\u00e1s. Se siente suave y ligero, con el equilibrio perfecto entre elasticidad y estabilidad. Es c\u00f3modo y favorecedor para hombres y mujeres. - 100 % algod\u00f3n peinado e hilado en anillos (los colores de brezo contienen poli\u00e9ster) - Los colores ceniza son 99 % algod\u00f3n peinado e hilado en anillos [...]<\/p>","protected":false},"featured_media":5472,"comment_status":"open","ping_status":"closed","template":"","meta":[],"product_brand":[],"product_cat":[28],"product_tag":[],"class_list":{"0":"post-4927","1":"product","2":"type-product","3":"status-publish","4":"has-post-thumbnail","6":"product_cat-unkategorisiert","8":"first","9":"instock","10":"taxable","11":"shipping-taxable","12":"purchasable","13":"product-type-variable"},"_links":{"self":[{"href":"https:\/\/animalpoliceassociation.com\/es\/wp-json\/wp\/v2\/product\/4927","targetHints":{"allow":["GET"]}}],"collection":[{"href":"https:\/\/animalpoliceassociation.com\/es\/wp-json\/wp\/v2\/product"}],"about":[{"href":"https:\/\/animalpoliceassociation.com\/es\/wp-json\/wp\/v2\/types\/product"}],"replies":[{"embeddable":true,"href":"https:\/\/animalpoliceassociation.com\/es\/wp-json\/wp\/v2\/comments?post=4927"}],"wp:featuredmedia":[{"embeddable":true,"href":"https:\/\/animalpoliceassociation.com\/es\/wp-json\/wp\/v2\/media\/5472"}],"wp:attachment":[{"href":"https:\/\/animalpoliceassociation.com\/es\/wp-json\/wp\/v2\/media?parent=4927"}],"wp:term":[{"taxonomy":"product_brand","embeddable":true,"href":"https:\/\/animalpoliceassociation.com\/es\/wp-json\/wp\/v2\/product_brand?post=4927"},{"taxonomy":"product_cat","embeddable":true,"href":"https:\/\/animalpoliceassociation.com\/es\/wp-json\/wp\/v2\/product_cat?post=4927"},{"taxonomy":"product_tag","embeddable":true,"href":"https:\/\/animalpoliceassociation.com\/es\/wp-json\/wp\/v2\/product_tag?post=4927"}],"curies":[{"name":"wp","href":"https:\/\/api.w.org\/{rel}","templated":true}]}}