{"id":5039,"date":"2021-05-02T00:13:25","date_gmt":"2021-05-01T22:13:25","guid":{"rendered":"https:\/\/animalpoliceassociation.com\/produkt\/bestickte-verstaubare-champion-jacke\/"},"modified":"2026-04-20T01:55:42","modified_gmt":"2026-04-19T23:55:42","slug":"bestickte-verstaubare-champion-jacke","status":"publish","type":"product","link":"https:\/\/animalpoliceassociation.com\/es\/producto\/bestickte-verstaubare-champion-jacke\/","title":{"rendered":"Chaqueta bordada Champion"},"content":{"rendered":"<p>Prot\u00e9gete de los elementos con esta chaqueta estibable de Champion. Con un detallado dise\u00f1o bordado, esta chaqueta de poli\u00e9ster resistente al viento y a la lluvia tiene una pr\u00e1ctica capucha y un bolsillo tipo canguro en la parte delantera que puedes sacar y guardar en el bolsillo para ahorrar espacio.<\/p>\n<p>- 100 % Micropoplin de poli\u00e9ster<br \/>\n- Resistente al viento y a la lluvia<br \/>\n- Media cremallera frontal con capucha<br \/>\n- Bolsillo canguro oculto<br \/>\n- Bolsillo oculto con cremallera<br \/>\n- Chaqueta guardada en el bolsillo canguro con cremallera<br \/>\n- Cord\u00f3n el\u00e1stico ajustable en la capucha y el dobladillo inferior<br \/>\n- Pu\u00f1os el\u00e1sticos<br \/>\n- Parche \"C\" de Champion en la manga izquierda<\/p>","protected":false},"excerpt":{"rendered":"<p>Prot\u00e9gete de los elementos con esta chaqueta estibable de Champion. Con un detallado dise\u00f1o bordado, esta chaqueta de poli\u00e9ster resistente al viento y a la lluvia cuenta con una pr\u00e1ctica capucha y un bolsillo delantero tipo canguro que puede extraerse y guardarse en el bolsillo para ahorrar espacio. - 100 Micropoplin de poli\u00e9ster % - Resistente al viento y a la lluvia - Media cremallera frontal con capucha [...]<\/p>","protected":false},"featured_media":5081,"comment_status":"open","ping_status":"closed","template":"","meta":[],"product_brand":[],"product_cat":[28],"product_tag":[],"class_list":{"0":"post-5039","1":"product","2":"type-product","3":"status-publish","4":"has-post-thumbnail","6":"product_cat-unkategorisiert","8":"first","9":"instock","10":"taxable","11":"shipping-taxable","12":"purchasable","13":"product-type-variable"},"_links":{"self":[{"href":"https:\/\/animalpoliceassociation.com\/es\/wp-json\/wp\/v2\/product\/5039","targetHints":{"allow":["GET"]}}],"collection":[{"href":"https:\/\/animalpoliceassociation.com\/es\/wp-json\/wp\/v2\/product"}],"about":[{"href":"https:\/\/animalpoliceassociation.com\/es\/wp-json\/wp\/v2\/types\/product"}],"replies":[{"embeddable":true,"href":"https:\/\/animalpoliceassociation.com\/es\/wp-json\/wp\/v2\/comments?post=5039"}],"wp:featuredmedia":[{"embeddable":true,"href":"https:\/\/animalpoliceassociation.com\/es\/wp-json\/wp\/v2\/media\/5081"}],"wp:attachment":[{"href":"https:\/\/animalpoliceassociation.com\/es\/wp-json\/wp\/v2\/media?parent=5039"}],"wp:term":[{"taxonomy":"product_brand","embeddable":true,"href":"https:\/\/animalpoliceassociation.com\/es\/wp-json\/wp\/v2\/product_brand?post=5039"},{"taxonomy":"product_cat","embeddable":true,"href":"https:\/\/animalpoliceassociation.com\/es\/wp-json\/wp\/v2\/product_cat?post=5039"},{"taxonomy":"product_tag","embeddable":true,"href":"https:\/\/animalpoliceassociation.com\/es\/wp-json\/wp\/v2\/product_tag?post=5039"}],"curies":[{"name":"wp","href":"https:\/\/api.w.org\/{rel}","templated":true}]}}