{"id":5096,"date":"2021-05-02T00:28:18","date_gmt":"2021-05-01T22:28:18","guid":{"rendered":"https:\/\/animalpoliceassociation.com\/produkt\/emailletasse\/"},"modified":"2026-04-20T02:04:54","modified_gmt":"2026-04-20T00:04:54","slug":"emailletasse","status":"publish","type":"product","link":"https:\/\/animalpoliceassociation.com\/es\/producto\/emailletasse\/","title":{"rendered":"Taza esmaltada"},"content":{"rendered":"<p>Todo campista feliz necesita una taza de esmalte \u00fanica. Es ligero, duradero y multifuncional. Util\u00edzalo para tu bebida favorita o para una comida caliente y f\u00edjalo a tu mochila para tener un f\u00e1cil acceso durante una excursi\u00f3n.<\/p>\n<p>- Material: Esmalte<br \/>\n- Dimensiones: Altura 8 cm, di\u00e1metro 8,25 cm<br \/>\n- Revestimiento blanco con borde plateado<br \/>\n- S\u00f3lo se puede lavar a mano <br \/>\n- Producto bruto procedente de China<\/p>\n<p>\u00a1Atenci\u00f3n! Calentar l\u00edquidos o alimentos directamente en la taza puede da\u00f1ar el revestimiento.<\/p>","protected":false},"excerpt":{"rendered":"<p>Todo campista feliz necesita una taza de esmalte \u00fanica. Es ligero, duradero y multifuncional. Util\u00edzalo para tu bebida favorita o para una comida caliente y f\u00edjalo a tu mochila para tener un f\u00e1cil acceso durante una excursi\u00f3n. - Material: Esmalte - Dimensiones: Altura 8 cm, di\u00e1metro 8,25 cm - Revestimiento blanco con borde plateado - S\u00f3lo lavar a mano - [...]<\/p>","protected":false},"featured_media":5097,"comment_status":"open","ping_status":"closed","template":"","meta":[],"product_brand":[],"product_cat":[28],"product_tag":[],"class_list":{"0":"post-5096","1":"product","2":"type-product","3":"status-publish","4":"has-post-thumbnail","6":"product_cat-unkategorisiert","8":"first","9":"instock","10":"taxable","11":"shipping-taxable","12":"purchasable","13":"product-type-simple"},"_links":{"self":[{"href":"https:\/\/animalpoliceassociation.com\/es\/wp-json\/wp\/v2\/product\/5096","targetHints":{"allow":["GET"]}}],"collection":[{"href":"https:\/\/animalpoliceassociation.com\/es\/wp-json\/wp\/v2\/product"}],"about":[{"href":"https:\/\/animalpoliceassociation.com\/es\/wp-json\/wp\/v2\/types\/product"}],"replies":[{"embeddable":true,"href":"https:\/\/animalpoliceassociation.com\/es\/wp-json\/wp\/v2\/comments?post=5096"}],"wp:featuredmedia":[{"embeddable":true,"href":"https:\/\/animalpoliceassociation.com\/es\/wp-json\/wp\/v2\/media\/5097"}],"wp:attachment":[{"href":"https:\/\/animalpoliceassociation.com\/es\/wp-json\/wp\/v2\/media?parent=5096"}],"wp:term":[{"taxonomy":"product_brand","embeddable":true,"href":"https:\/\/animalpoliceassociation.com\/es\/wp-json\/wp\/v2\/product_brand?post=5096"},{"taxonomy":"product_cat","embeddable":true,"href":"https:\/\/animalpoliceassociation.com\/es\/wp-json\/wp\/v2\/product_cat?post=5096"},{"taxonomy":"product_tag","embeddable":true,"href":"https:\/\/animalpoliceassociation.com\/es\/wp-json\/wp\/v2\/product_tag?post=5096"}],"curies":[{"name":"wp","href":"https:\/\/api.w.org\/{rel}","templated":true}]}}