{"id":5103,"date":"2021-05-02T08:35:43","date_gmt":"2021-05-02T06:35:43","guid":{"rendered":"https:\/\/animalpoliceassociation.com\/produkt\/lange-allover-sport-shorts-fuer-herren\/"},"modified":"2025-09-21T12:46:45","modified_gmt":"2025-09-21T10:46:45","slug":"lange-allover-sport-shorts-fuer-herren","status":"publish","type":"product","link":"https:\/\/animalpoliceassociation.com\/es\/producto\/lange-allover-sport-shorts-fuer-herren\/","title":{"rendered":"Pantalones cortos deportivos largos para hombre"},"content":{"rendered":"<p>Elegir la ropa de fitness adecuada puede ser una tarea ardua. Pero no con estos pantalones cortos m\u00e1s largos. S\u00f3lo tienes que pon\u00e9rtelas y salir a correr, nadar, levantar pesas o lo que se te ocurra. Estos pantalones cortos no te dejar\u00e1n colgado.<\/p>\n<p>- 96 % de poli\u00e9ster, 4 % de spandex (la composici\u00f3n del tejido puede variar en 2 %)<br \/>\n- Peso del tejido: 169,5 g\/m\u00b2<br \/>\n- Tejido de microfibra repelente al agua de cuatro v\u00edas<br \/>\n- 16,5 cm de entrepierna<br \/>\n- Cintura el\u00e1stica con cord\u00f3n blanco plano<br \/>\n- Bolsillos laterales de malla<br \/>\n- Componentes de productos en bruto en la UE procedentes de China y Lituania<br \/>\n- Los componentes de los productos en bruto en M\u00e9xico proceden de China y M\u00e9xico<\/p>","protected":false},"excerpt":{"rendered":"<p>Elegir la ropa de fitness adecuada puede ser una tarea ardua. Pero no con estos pantalones cortos m\u00e1s largos. S\u00f3lo tienes que pon\u00e9rtelas y salir a correr, nadar, levantar pesas o lo que se te ocurra. Estos pantalones cortos no te dejar\u00e1n colgado. - 96 % poli\u00e9ster, 4 % spandex (la composici\u00f3n del tejido puede variar en 2 %) - peso del tejido: 169,5 [...]<\/p>","protected":false},"featured_media":5111,"comment_status":"open","ping_status":"closed","template":"","meta":[],"product_brand":[],"product_cat":[28],"product_tag":[],"class_list":{"0":"post-5103","1":"product","2":"type-product","3":"status-publish","4":"has-post-thumbnail","6":"product_cat-unkategorisiert","8":"first","9":"instock","10":"taxable","11":"shipping-taxable","12":"purchasable","13":"product-type-variable"},"_links":{"self":[{"href":"https:\/\/animalpoliceassociation.com\/es\/wp-json\/wp\/v2\/product\/5103","targetHints":{"allow":["GET"]}}],"collection":[{"href":"https:\/\/animalpoliceassociation.com\/es\/wp-json\/wp\/v2\/product"}],"about":[{"href":"https:\/\/animalpoliceassociation.com\/es\/wp-json\/wp\/v2\/types\/product"}],"replies":[{"embeddable":true,"href":"https:\/\/animalpoliceassociation.com\/es\/wp-json\/wp\/v2\/comments?post=5103"}],"wp:featuredmedia":[{"embeddable":true,"href":"https:\/\/animalpoliceassociation.com\/es\/wp-json\/wp\/v2\/media\/5111"}],"wp:attachment":[{"href":"https:\/\/animalpoliceassociation.com\/es\/wp-json\/wp\/v2\/media?parent=5103"}],"wp:term":[{"taxonomy":"product_brand","embeddable":true,"href":"https:\/\/animalpoliceassociation.com\/es\/wp-json\/wp\/v2\/product_brand?post=5103"},{"taxonomy":"product_cat","embeddable":true,"href":"https:\/\/animalpoliceassociation.com\/es\/wp-json\/wp\/v2\/product_cat?post=5103"},{"taxonomy":"product_tag","embeddable":true,"href":"https:\/\/animalpoliceassociation.com\/es\/wp-json\/wp\/v2\/product_tag?post=5103"}],"curies":[{"name":"wp","href":"https:\/\/api.w.org\/{rel}","templated":true}]}}