{"id":5112,"date":"2021-05-02T09:01:17","date_gmt":"2021-05-02T07:01:17","guid":{"rendered":"https:\/\/animalpoliceassociation.com\/produkt\/bomberjacke\/"},"modified":"2026-02-27T02:23:24","modified_gmt":"2026-02-27T01:23:24","slug":"bomberjacke","status":"publish","type":"product","link":"https:\/\/animalpoliceassociation.com\/es\/producto\/bomberjacke\/","title":{"rendered":"Chaqueta bomber"},"content":{"rendered":"<p>Duradera y elegante, esta chaqueta bomber es un gran complemento para cualquier armario. Una prenda realmente expresiva que har\u00e1 que hasta el traje m\u00e1s sencillo parezca moderno.<\/p>\n<p>- 60 % de algod\u00f3n, 40 % de vell\u00f3n de poli\u00e9ster<br \/>\n- Peso del tejido: 250,9 g\/m\u00b2<br \/>\n- Cuello, cintura y pu\u00f1os acanalados<br \/>\n- mangas ragl\u00e1n<br \/>\n- bolsillos de corte<br \/>\n- Cremallera YKK<\/p>","protected":false},"excerpt":{"rendered":"<p>Duradera y elegante, esta chaqueta bomber es un gran complemento para cualquier armario. Una prenda realmente expresiva que har\u00e1 que hasta el traje m\u00e1s sencillo parezca moderno. - 60 % de algod\u00f3n, 40 % de poli\u00e9ster - Peso del tejido: 250,9 g\/m\u00b2 - Cuello redondo, cintura y pu\u00f1os acanalados - Mangas ragl\u00e1n - Bolsillos de corte - Cierre con cremallera YKK.<\/p>","protected":false},"featured_media":5119,"comment_status":"open","ping_status":"closed","template":"","meta":[],"product_brand":[],"product_cat":[66],"product_tag":[],"class_list":{"0":"post-5112","1":"product","2":"type-product","3":"status-publish","4":"has-post-thumbnail","6":"product_cat-jacken","8":"first","9":"instock","10":"taxable","11":"shipping-taxable","12":"purchasable","13":"product-type-variable"},"_links":{"self":[{"href":"https:\/\/animalpoliceassociation.com\/es\/wp-json\/wp\/v2\/product\/5112","targetHints":{"allow":["GET"]}}],"collection":[{"href":"https:\/\/animalpoliceassociation.com\/es\/wp-json\/wp\/v2\/product"}],"about":[{"href":"https:\/\/animalpoliceassociation.com\/es\/wp-json\/wp\/v2\/types\/product"}],"replies":[{"embeddable":true,"href":"https:\/\/animalpoliceassociation.com\/es\/wp-json\/wp\/v2\/comments?post=5112"}],"wp:featuredmedia":[{"embeddable":true,"href":"https:\/\/animalpoliceassociation.com\/es\/wp-json\/wp\/v2\/media\/5119"}],"wp:attachment":[{"href":"https:\/\/animalpoliceassociation.com\/es\/wp-json\/wp\/v2\/media?parent=5112"}],"wp:term":[{"taxonomy":"product_brand","embeddable":true,"href":"https:\/\/animalpoliceassociation.com\/es\/wp-json\/wp\/v2\/product_brand?post=5112"},{"taxonomy":"product_cat","embeddable":true,"href":"https:\/\/animalpoliceassociation.com\/es\/wp-json\/wp\/v2\/product_cat?post=5112"},{"taxonomy":"product_tag","embeddable":true,"href":"https:\/\/animalpoliceassociation.com\/es\/wp-json\/wp\/v2\/product_tag?post=5112"}],"curies":[{"name":"wp","href":"https:\/\/api.w.org\/{rel}","templated":true}]}}