{"id":5121,"date":"2021-05-02T09:05:30","date_gmt":"2021-05-02T07:05:30","guid":{"rendered":"https:\/\/animalpoliceassociation.com\/produkt\/unisex-kapuzenpullover\/"},"modified":"2025-09-03T14:30:55","modified_gmt":"2025-09-03T12:30:55","slug":"unisex-kapuzenpullover","status":"publish","type":"product","link":"https:\/\/animalpoliceassociation.com\/es\/producto\/unisex-kapuzenpullover\/","title":{"rendered":"Sudadera con capucha unisex"},"content":{"rendered":"<p>\u00bfQui\u00e9n iba a decir que la sudadera con capucha m\u00e1s suave que jam\u00e1s hayas tenido ten\u00eda un dise\u00f1o tan chulo? Nunca te arrepentir\u00e1s de haber comprado esta cl\u00e1sica prenda de calle con un c\u00f3modo bolsillo tipo canguro y una c\u00e1lida capucha para las noches de fr\u00edo.<\/p>\n<p>- Exterior de algod\u00f3n 100 %<br \/>\n- 65 % de algod\u00f3n hilado en anillo, 35 % de poli\u00e9ster<br \/>\n- bolsillo de canguro<br \/>\n- Parche de la misma tela en el reverso<br \/>\n- Cord\u00f3n plano a juego<br \/>\n- Capucha de 3 paneles<\/p>","protected":false},"excerpt":{"rendered":"<p>\u00bfQui\u00e9n iba a decir que la sudadera con capucha m\u00e1s suave que jam\u00e1s hayas tenido ten\u00eda un dise\u00f1o tan chulo? Nunca te arrepentir\u00e1s de haber comprado esta cl\u00e1sica prenda de calle con un c\u00f3modo bolsillo tipo canguro y una c\u00e1lida capucha para las noches de fr\u00edo. - Exterior de algod\u00f3n 100 % - Algod\u00f3n ringspun 65 %, poli\u00e9ster 35 % - Bolsillo tipo canguro - Parche en el mismo tejido [...]<\/p>","protected":false},"featured_media":5140,"comment_status":"open","ping_status":"closed","template":"","meta":[],"product_brand":[],"product_cat":[66],"product_tag":[],"class_list":{"0":"post-5121","1":"product","2":"type-product","3":"status-publish","4":"has-post-thumbnail","6":"product_cat-jacken","8":"first","9":"instock","10":"taxable","11":"shipping-taxable","12":"purchasable","13":"product-type-variable"},"_links":{"self":[{"href":"https:\/\/animalpoliceassociation.com\/es\/wp-json\/wp\/v2\/product\/5121","targetHints":{"allow":["GET"]}}],"collection":[{"href":"https:\/\/animalpoliceassociation.com\/es\/wp-json\/wp\/v2\/product"}],"about":[{"href":"https:\/\/animalpoliceassociation.com\/es\/wp-json\/wp\/v2\/types\/product"}],"replies":[{"embeddable":true,"href":"https:\/\/animalpoliceassociation.com\/es\/wp-json\/wp\/v2\/comments?post=5121"}],"wp:featuredmedia":[{"embeddable":true,"href":"https:\/\/animalpoliceassociation.com\/es\/wp-json\/wp\/v2\/media\/5140"}],"wp:attachment":[{"href":"https:\/\/animalpoliceassociation.com\/es\/wp-json\/wp\/v2\/media?parent=5121"}],"wp:term":[{"taxonomy":"product_brand","embeddable":true,"href":"https:\/\/animalpoliceassociation.com\/es\/wp-json\/wp\/v2\/product_brand?post=5121"},{"taxonomy":"product_cat","embeddable":true,"href":"https:\/\/animalpoliceassociation.com\/es\/wp-json\/wp\/v2\/product_cat?post=5121"},{"taxonomy":"product_tag","embeddable":true,"href":"https:\/\/animalpoliceassociation.com\/es\/wp-json\/wp\/v2\/product_tag?post=5121"}],"curies":[{"name":"wp","href":"https:\/\/api.w.org\/{rel}","templated":true}]}}