{"id":5147,"date":"2021-05-02T09:18:00","date_gmt":"2021-05-02T07:18:00","guid":{"rendered":"https:\/\/animalpoliceassociation.com\/produkt\/unisex-tank-top\/"},"modified":"2026-01-21T21:22:09","modified_gmt":"2026-01-21T20:22:09","slug":"unisex-tank-top","status":"publish","type":"product","link":"https:\/\/animalpoliceassociation.com\/es\/producto\/unisex-tank-top\/","title":{"rendered":"Camiseta de tirantes unisex"},"content":{"rendered":"<p>Un cl\u00e1sico tanque unisex para todo uso. Un cl\u00e1sico atemporal para quienes valoran la calidad y la suavidad.<\/p>\n<p>- 100 % algod\u00f3n peinado e hilado en anillos<br \/>\n- Las tri-mezclas son 50 % de poli\u00e9ster, 25 % de algod\u00f3n peinado hilado en anillo, 25 % de viscosa.<br \/>\n- Peso del tejido: 142,4 g\/m\u00b2, Triblends: 90,07 g\/m\u00b2<br \/>\n- 30 Peso del hilo simple<br \/>\n- Costuras laterales, tallas unisex<br \/>\n- Producto crudo procedente de Nicaragua, Honduras, Guatemala o Estados Unidos<\/p>","protected":false},"excerpt":{"rendered":"<p>Un cl\u00e1sico tanque unisex para todo uso. Un cl\u00e1sico atemporal para quienes valoran la calidad y la suavidad. - 100 Algod\u00f3n peinado e hilado en anillos % - Las tri-mezclas son 50 % de poli\u00e9ster, 25 % de algod\u00f3n peinado e hilado en anillos, 25 % de viscosa - Peso del tejido: 142,4 g\/m\u00b2, Tri-mezclas: 90,07 g\/m\u00b2 - 30 hilos de peso simple - Costuras laterales, tallas unisex - La materia prima procede de Nicaragua, Honduras, [...].<\/p>","protected":false},"featured_media":5210,"comment_status":"open","ping_status":"closed","template":"","meta":[],"product_brand":[],"product_cat":[66],"product_tag":[],"class_list":{"0":"post-5147","1":"product","2":"type-product","3":"status-publish","4":"has-post-thumbnail","6":"product_cat-jacken","8":"first","9":"instock","10":"taxable","11":"shipping-taxable","12":"purchasable","13":"product-type-variable"},"_links":{"self":[{"href":"https:\/\/animalpoliceassociation.com\/es\/wp-json\/wp\/v2\/product\/5147","targetHints":{"allow":["GET"]}}],"collection":[{"href":"https:\/\/animalpoliceassociation.com\/es\/wp-json\/wp\/v2\/product"}],"about":[{"href":"https:\/\/animalpoliceassociation.com\/es\/wp-json\/wp\/v2\/types\/product"}],"replies":[{"embeddable":true,"href":"https:\/\/animalpoliceassociation.com\/es\/wp-json\/wp\/v2\/comments?post=5147"}],"wp:featuredmedia":[{"embeddable":true,"href":"https:\/\/animalpoliceassociation.com\/es\/wp-json\/wp\/v2\/media\/5210"}],"wp:attachment":[{"href":"https:\/\/animalpoliceassociation.com\/es\/wp-json\/wp\/v2\/media?parent=5147"}],"wp:term":[{"taxonomy":"product_brand","embeddable":true,"href":"https:\/\/animalpoliceassociation.com\/es\/wp-json\/wp\/v2\/product_brand?post=5147"},{"taxonomy":"product_cat","embeddable":true,"href":"https:\/\/animalpoliceassociation.com\/es\/wp-json\/wp\/v2\/product_cat?post=5147"},{"taxonomy":"product_tag","embeddable":true,"href":"https:\/\/animalpoliceassociation.com\/es\/wp-json\/wp\/v2\/product_tag?post=5147"}],"curies":[{"name":"wp","href":"https:\/\/api.w.org\/{rel}","templated":true}]}}