{"id":3,"date":"2020-07-15T09:27:06","date_gmt":"2020-07-15T09:27:06","guid":{"rendered":"https:\/\/animalpoliceassociation.com\/?page_id=3"},"modified":"2023-09-07T08:24:02","modified_gmt":"2023-09-07T06:24:02","slug":"datenschutzerklaerung","status":"publish","type":"page","link":"https:\/\/animalpoliceassociation.com\/fr\/datenschutzerklaerung\/","title":{"rendered":"Politique de confidentialit\u00e9"},"content":{"rendered":"<div data-elementor-type=\"wp-page\" data-elementor-id=\"3\" class=\"elementor elementor-3\" data-elementor-post-type=\"page\">\n\t\t\t\t\t\t<section class=\"elementor-section elementor-top-section elementor-element elementor-element-0a89393 elementor-section-boxed elementor-section-height-default elementor-section-height-default\" data-id=\"0a89393\" data-element_type=\"section\">\n\t\t\t\t\t\t<div class=\"elementor-container elementor-column-gap-default\">\n\t\t\t\t\t<div class=\"elementor-column elementor-col-100 elementor-top-column elementor-element elementor-element-6064daa\" data-id=\"6064daa\" data-element_type=\"column\">\n\t\t\t<div class=\"elementor-widget-wrap elementor-element-populated\">\n\t\t\t\t\t\t<div class=\"elementor-element elementor-element-e06c471 elementor-widget elementor-widget-heading\" data-id=\"e06c471\" data-element_type=\"widget\" data-widget_type=\"heading.default\">\n\t\t\t\t<div class=\"elementor-widget-container\">\n\t\t\t\t\t<h2 class=\"elementor-heading-title elementor-size-default\">POLITIQUE DE CONFIDENTIALIT\u00c9<\/h2>\t\t\t\t<\/div>\n\t\t\t\t<\/div>\n\t\t\t\t<div class=\"elementor-element elementor-element-f5ed8ce elementor-widget-divider--view-line elementor-widget elementor-widget-divider\" data-id=\"f5ed8ce\" data-element_type=\"widget\" data-widget_type=\"divider.default\">\n\t\t\t\t<div class=\"elementor-widget-container\">\n\t\t\t\t\t\t\t<div class=\"elementor-divider\">\n\t\t\t<span class=\"elementor-divider-separator\">\n\t\t\t\t\t\t<\/span>\n\t\t<\/div>\n\t\t\t\t\t\t<\/div>\n\t\t\t\t<\/div>\n\t\t\t\t\t<\/div>\n\t\t<\/div>\n\t\t\t\t\t<\/div>\n\t\t<\/section>\n\t\t\t\t<section class=\"elementor-section elementor-top-section elementor-element elementor-element-3b067352 elementor-section-boxed elementor-section-height-default elementor-section-height-default\" data-id=\"3b067352\" data-element_type=\"section\">\n\t\t\t\t\t\t<div class=\"elementor-container elementor-column-gap-default\">\n\t\t\t\t\t<div class=\"elementor-column elementor-col-100 elementor-top-column elementor-element elementor-element-42ae185\" data-id=\"42ae185\" data-element_type=\"column\">\n\t\t\t<div class=\"elementor-widget-wrap elementor-element-populated\">\n\t\t\t\t\t\t<div class=\"elementor-element elementor-element-d9ba2bb elementor-widget elementor-widget-text-editor\" data-id=\"d9ba2bb\" data-element_type=\"widget\" data-widget_type=\"text-editor.default\">\n\t\t\t\t<div class=\"elementor-widget-container\">\n\t\t\t\t\t\t\t\t\t<p><\/p>\n<p class=\"p1\"><b>Avis de non-responsabilit\u00e9<\/b><\/p>\n<p class=\"p1\">L'auteur n'assume aucune responsabilit\u00e9 en ce qui concerne l'exactitude, la pr\u00e9cision, l'actualit\u00e9, la fiabilit\u00e9 et l'exhaustivit\u00e9 des informations. Les r\u00e9clamations en responsabilit\u00e9 concernant des dommages caus\u00e9s par l'utilisation de toute information fournie, y compris tout type d'information incompl\u00e8te ou incorrecte, seront donc rejet\u00e9es. Toutes les offres sont sans engagement. L'auteur se r\u00e9serve express\u00e9ment le droit de modifier, de compl\u00e9ter ou de supprimer certaines parties des pages ou l'ensemble de l'offre sans pr\u00e9avis ou d'en interrompre temporairement ou d\u00e9finitivement la publication.<\/p>\n<p class=\"p1\"><b>Responsabilit\u00e9 pour les liens<\/b><\/p>\n<p class=\"p1\">Les r\u00e9f\u00e9rences et les liens vers des sites web de tiers ne rel\u00e8vent pas de notre domaine de responsabilit\u00e9 et nous d\u00e9clinons toute responsabilit\u00e9 pour ces sites. L'acc\u00e8s \u00e0 ces sites et leur utilisation se font aux risques et p\u00e9rils de l'utilisateur.<\/p>\n<p class=\"p1\"><b>Copyright<\/b><\/p>\n<p class=\"p1\">Le droit d'auteur et tous les autres droits sur le contenu, les images, les photos ou autres fichiers du site web appartiennent exclusivement aux propri\u00e9taires du site web. Le contenu, les images, les photos ou autres fichiers ne peuvent pas \u00eatre copi\u00e9s, t\u00e9l\u00e9charg\u00e9s ou utilis\u00e9s par capture d'\u00e9cran \u00e0 des fins propres.<\/p>\n<p class=\"p1\"><b>D\u00e9claration sur la protection des donn\u00e9es<\/b><\/p>\n<p class=\"p1\">Nous prenons au s\u00e9rieux la protection de votre vie priv\u00e9e. Nous vous informons ci-dessous en d\u00e9tail du traitement de vos donn\u00e9es :<\/p>\n<p class=\"p1\">Toute personne a droit au respect de sa vie priv\u00e9e et \u00e0 la protection contre l'utilisation abusive de ses donn\u00e9es personnelles. Nous nous conformons \u00e0 ces dispositions. Les donn\u00e9es personnelles sont trait\u00e9es de mani\u00e8re strictement confidentielle et ne sont ni vendues ni transmises \u00e0 des tiers. En \u00e9troite collaboration avec nos fournisseurs d'h\u00e9bergement, nous nous effor\u00e7ons de prot\u00e9ger au mieux les bases de donn\u00e9es contre tout acc\u00e8s non autoris\u00e9, toute perte, tout usage abusif ou toute falsification.<\/p>\n<p class=\"p1\">La d\u00e9claration de confidentialit\u00e9 suivante est valable pour l'ensemble du site web du propri\u00e9taire du site. Cela inclut tous les domaines.<\/p>\n<p class=\"p1\"><b>Traitement des donn\u00e9es personnelles<\/b><\/p>\n<p class=\"p1\">Les donn\u00e9es personnelles sont des informations qui peuvent \u00eatre utilis\u00e9es pour identifier une personne, c'est-\u00e0-dire des informations qui peuvent \u00eatre rattach\u00e9es \u00e0 une personne. Il s'agit notamment du nom, de l'adresse \u00e9lectronique ou du num\u00e9ro de t\u00e9l\u00e9phone. Mais les donn\u00e9es concernant les pr\u00e9f\u00e9rences, les loisirs, les adh\u00e9sions ou les sites web consult\u00e9s par une personne sont \u00e9galement consid\u00e9r\u00e9es comme des donn\u00e9es \u00e0 caract\u00e8re personnel.<\/p>\n<p class=\"p1\">Nous ne collectons, n'utilisons et ne transmettons des donn\u00e9es personnelles que si la loi l'autorise ou si les utilisateurs consentent \u00e0 la collecte de ces donn\u00e9es.<\/p>\n<p class=\"p1\"><b>Contact<\/b><\/p>\n<p class=\"p1\">Si vous nous contactez par le biais d'un formulaire sur le site web ou par e-mail, les donn\u00e9es que vous fournissez seront stock\u00e9es par nos soins dans le but de traiter la demande et en cas de questions compl\u00e9mentaires. Nous ne transmettons pas ces donn\u00e9es sans votre consentement.<\/p>\n<p class=\"p1\"><b>Donn\u00e9es d'acc\u00e8s \/ fichiers journaux du serveur<\/b><\/p>\n<p class=\"p1\">Nous (ou notre fournisseur web) collectons des donn\u00e9es sur chaque acc\u00e8s \u00e0 l'offre (fichiers journaux de serveur). Les donn\u00e9es d'acc\u00e8s comprennent le nom du site web consult\u00e9, la date et l'heure de l'acc\u00e8s, le type\/la version du navigateur, le syst\u00e8me d'exploitation utilis\u00e9, l'URL de r\u00e9f\u00e9rence (la page pr\u00e9c\u00e9demment visit\u00e9e) et le nom d'h\u00f4te de l'ordinateur acc\u00e9dant (adresse IP). Le fournisseur utilise les donn\u00e9es du journal uniquement \u00e0 des fins d'analyse statistique pour le fonctionnement, la s\u00e9curit\u00e9 et l'optimisation de l'offre.<\/p>\n<p class=\"p1\"><b>Cookies<\/b><\/p>\n<p class=\"p1\">Les cookies sont de petits fichiers qui permettent de stocker des informations sp\u00e9cifiques li\u00e9es \u00e0 l'appareil sur le dispositif d'acc\u00e8s de l'utilisateur (PC, smartphone ou similaire). D'une part, ils servent \u00e0 la convivialit\u00e9 des sites web et donc aux utilisateurs (par exemple, le stockage des donn\u00e9es de connexion). D'autre part, ils sont utilis\u00e9s pour collecter des donn\u00e9es statistiques sur l'utilisation du site web et pour pouvoir les analyser dans le but d'am\u00e9liorer l'offre. Nous utilisons des cookies pour rendre notre offre conviviale. Certains cookies restent stock\u00e9s sur votre dispositif terminal jusqu'\u00e0 ce que vous les supprimiez. Ils nous permettent de reconna\u00eetre votre navigateur lors de votre prochaine visite.<\/p>\n<p class=\"p1\">Les utilisateurs peuvent influencer l'utilisation des cookies. La plupart des navigateurs disposent d'une option permettant de limiter ou d'emp\u00eacher compl\u00e8tement le stockage des cookies. Toutefois, il est pr\u00e9cis\u00e9 que l'utilisation et notamment le confort d'utilisation sont limit\u00e9s sans cookies.<\/p>\n<p class=\"p1\">Les instructions pour la suppression des cookies dans les navigateurs les plus populaires se trouvent ici :<\/p>\n<ul class=\"ul1\">\n<li class=\"li1\">Microsoft Internet Explorer : <a href=\"http:\/\/windows.microsoft.com\/de-DE\/windows-vista\/Block-or-allow-cookies\" target=\"_blank\" rel=\"noopener\"><span class=\"s2\">Instruction<\/span><\/a><\/li>\n<li class=\"li1\">Mozilla Firefox : <a href=\"https:\/\/support.mozilla.com\/de\/kb\/cookies-loeschen-daten-von-websites-entfernen\" target=\"_blank\" rel=\"noopener\"><span class=\"s2\">Instruction<\/span><\/a><\/li>\n<li class=\"li1\">Google Chrome : <a href=\"https:\/\/support.google.com\/chrome\/answer\/95647?hl=de\" target=\"_blank\" rel=\"noopener\"><span class=\"s2\">Instruction<\/span><\/a><\/li>\n<li class=\"li1\">Apple Safari : <a href=\"https:\/\/support.apple.com\/de-ch\/guide\/safari\/sfri11471\/mac\" target=\"_blank\" rel=\"noopener\"><span class=\"s2\">Instruction<\/span><\/a><\/li>\n<li class=\"li1\">Op\u00e9ra : <a href=\"http:\/\/help.opera.com\/Windows\/9.10\/de\/cookies.html\" target=\"_blank\" rel=\"noopener\"><span class=\"s2\">Instruction<\/span><\/a><\/li>\n<\/ul>\n<p class=\"p1\">Vous pouvez \u00e9galement d\u00e9sactiver l'utilisation de cookies par des tiers en visitant la page de d\u00e9sactivation de la Network Advertising Initiative \u00e0 l'adresse suivante. <a href=\"http:\/\/www.networkadvertising.org\/managing\/opt_out.asp\" target=\"_blank\" rel=\"noopener\"><span class=\"s3\">http:\/\/www.networkadvertising.org\/managing\/opt_out.asp<\/span><\/a> invoquez<\/p>\n<p class=\"p1\"><b>Google Analytics et Google Remarketing<\/b><\/p>\n<p class=\"p1\">Ce site Web utilise Google Analytics, un service d'analyse Web fourni par Google, Inc. Google Analytics utilise des \"cookies\", qui sont des fichiers texte plac\u00e9s sur votre ordinateur, pour aider le site Web \u00e0 analyser l'utilisation du site par ses utilisateurs. Les informations g\u00e9n\u00e9r\u00e9es par les cookies concernant l'utilisation de ce site par les utilisateurs sont g\u00e9n\u00e9ralement transmises \u00e0 un serveur de Google aux \u00c9tats-Unis et y sont stock\u00e9es.<\/p>\n<p class=\"p1\">Si l'anonymisation IP est activ\u00e9e sur ce site, l'adresse IP de l'utilisateur sera toutefois raccourcie au pr\u00e9alable par Google dans les \u00c9tats membres de l'Union europ\u00e9enne ou dans d'autres \u00c9tats contractants de l'accord sur l'Espace \u00e9conomique europ\u00e9en. Ce n'est que dans des cas exceptionnels que l'adresse IP compl\u00e8te sera transmise \u00e0 un serveur de Google aux \u00c9tats-Unis et y sera raccourcie. L'anonymisation IP est active sur ce site web. Au nom de l'exploitant de ce site Web, Google utilisera ces informations dans le but d'\u00e9valuer l'utilisation du site par les utilisateurs, de compiler des rapports sur l'activit\u00e9 du site et de fournir d'autres services li\u00e9s \u00e0 l'activit\u00e9 du site et \u00e0 l'utilisation d'Internet \u00e0 l'exploitant du site.<\/p>\n<p class=\"p1\">L'adresse IP transmise par votre navigateur dans le cadre de Google Analytics ne sera pas fusionn\u00e9e avec d'autres donn\u00e9es de Google. Les utilisateurs peuvent refuser l'utilisation de cookies en s\u00e9lectionnant les param\u00e8tres appropri\u00e9s de leur navigateur, mais veuillez noter que si vous faites cela, vous ne pourrez peut-\u00eatre pas utiliser toutes les fonctionnalit\u00e9s de ce site web. Les utilisateurs peuvent \u00e9galement emp\u00eacher la collecte des donn\u00e9es g\u00e9n\u00e9r\u00e9es par les cookies et li\u00e9es \u00e0 leur utilisation du site (y compris votre adresse IP) par Google et le traitement de ces donn\u00e9es par Google en t\u00e9l\u00e9chargeant et en installant le plugin de navigateur disponible au lien suivant : <a href=\"http:\/\/tools.google.com\/dlpage\/gaoptout?hl=de\" target=\"_blank\" rel=\"noopener\"><span class=\"s2\">http:\/\/tools.google.com\/dlpage\/gaoptout?hl=de<\/span><\/a>.<\/p>\n<p class=\"p1\"><b>Hotjar Analytics<\/b><\/p>\n<p class=\"p1\">Nous utilisons Hotjar pour mieux comprendre les besoins de nos utilisateurs et pour optimiser l'offre et l'exp\u00e9rience sur ce site web. Gr\u00e2ce \u00e0 la technologie de Hotjar, nous comprenons mieux les exp\u00e9riences de nos utilisateurs (par exemple, le temps qu'ils passent sur certaines pages, les liens sur lesquels ils cliquent, ce qu'ils aiment et n'aiment pas, etc.) et cela nous aide \u00e0 adapter notre offre aux commentaires de nos utilisateurs. Hotjar utilise des cookies et d'autres technologies pour collecter des donn\u00e9es sur le comportement de nos utilisateurs et leurs appareils, en particulier l'adresse IP de l'appareil (collect\u00e9e et stock\u00e9e uniquement sous forme anonyme pendant votre utilisation du site web), la taille de l'\u00e9cran, le type d'appareil (identifiants uniques de l'appareil), des informations sur le navigateur utilis\u00e9, la localisation (pays uniquement), la langue pr\u00e9f\u00e9r\u00e9e pour la consultation de notre site web. Hotjar stocke ces informations en notre nom dans un profil d'utilisateur pseudonymis\u00e9. Il est contractuellement interdit \u00e0 Hotjar de vendre les donn\u00e9es collect\u00e9es en notre nom.<\/p>\n<p class=\"p1\"><i>Vous pouvez trouver plus d'informations dans la section \"\u00e0 propos de Hotjar\" \u00e0 l'adresse suivante\u00a0<\/i><a href=\"https:\/\/help.hotjar.com\/hc\/en-us\/categories\/115001323967-About-Hotjar\" target=\"_blank\" rel=\"noopener\"><span class=\"s2\"><i>Page d'aide de Hotjar<\/i><\/span><\/a><i>.<\/i><\/p>\n<p class=\"p1\"><b>Suivi universel des \u00e9v\u00e9nements de Bing (UET)<\/b><\/p>\n<p class=\"p1\">Sur notre site web, les donn\u00e9es sont collect\u00e9es et stock\u00e9es \u00e0 l'aide des technologies Bing Ads, \u00e0 partir desquelles des profils d'utilisation sont cr\u00e9\u00e9s \u00e0 l'aide de pseudonymes. Il s'agit d'un service fourni par Microsoft Corporation, One Microsoft Way, Redmond, WA 98052-6399, \u00c9tats-Unis. Ce service nous permet de suivre les activit\u00e9s des utilisateurs sur notre site web s'ils ont atteint notre site web via des annonces de Bing Ads. Si vous arrivez sur notre site web par le biais d'une telle annonce, un cookie est plac\u00e9 sur votre ordinateur. Notre site Web comprend une balise Bing UET. Il s'agit d'un code qui, en conjonction avec le cookie, stocke certaines informations non personnelles sur votre utilisation du site. Cela inclut, sans s'y limiter, le temps pass\u00e9 sur le site web, les zones du site web auxquelles l'utilisateur a acc\u00e9d\u00e9 et la publicit\u00e9 \u00e0 partir de laquelle l'utilisateur est arriv\u00e9 sur le site web. Les informations relatives \u00e0 votre identit\u00e9 ne sont pas collect\u00e9es.<\/p>\n<p class=\"p1\">Les informations recueillies sont transf\u00e9r\u00e9es vers les serveurs de Microsoft aux \u00c9tats-Unis et y sont conserv\u00e9es pendant un maximum de 180 jours. Vous pouvez emp\u00eacher la collecte des donn\u00e9es g\u00e9n\u00e9r\u00e9es par le cookie et li\u00e9es \u00e0 votre utilisation du site web, ainsi que le traitement de ces donn\u00e9es, en d\u00e9sactivant le param\u00e9trage des cookies. Cela peut restreindre la fonctionnalit\u00e9 du site web dans certaines circonstances.<\/p>\n<p class=\"p1\">En outre, Microsoft peut \u00eatre en mesure de suivre vos habitudes d'utilisation sur plusieurs appareils \u00e9lectroniques gr\u00e2ce au suivi inter-appareils, qui permet \u00e0 Microsoft d'afficher des publicit\u00e9s personnalis\u00e9es sur ou dans les sites Web et les applications Microsoft. Vous pouvez d\u00e9sactiver ce comportement \u00e0 l'adresse http:\/\/choice.microsoft.com\/de-de\/opt-out.<\/p>\n<p class=\"p1\">Pour plus d'informations sur les services d'analyse de Bing, veuillez consulter le site Web de Bing Ads ( <a href=\"https:\/\/help.bingads.microsoft.com\/#apex\/3\/de\/53056\/2\" target=\"_blank\" rel=\"noopener\"><span class=\"s3\">https:\/\/help.bingads.microsoft.com\/#apex\/3\/de\/53056\/2<\/span><\/a> ). Pour plus d'informations sur la confidentialit\u00e9 chez Microsoft et Bing, consultez la politique de confidentialit\u00e9 de Microsoft ( <a href=\"https:\/\/privacy.microsoft.com\/de-de\/privacystatement)\" target=\"_blank\" rel=\"noopener\"><span class=\"s2\">https:\/\/privacy.microsoft.com\/de-de\/privacystatement)<\/span><\/a>.<\/p>\n<p class=\"p1\"><b>Facebook Remarketing \/ Retargeting (audiences personnalis\u00e9es)<\/b><\/p>\n<p class=\"p1\">Le pixel Facebook du r\u00e9seau social Facebook, 1601 South California Avenue, Palo Alto, CA 94304, USA est int\u00e9gr\u00e9 sur nos pages. Lorsque vous visitez nos pages, une connexion directe entre votre navigateur et le serveur Facebook est \u00e9tablie via le pixel Facebook. Facebook re\u00e7oit ainsi l'information que vous avez visit\u00e9 notre site avec votre adresse IP. Cela permet \u00e0 Facebook d'attribuer la visite de nos pages \u00e0 votre compte utilisateur. Nous pouvons utiliser les informations ainsi obtenues pour l'affichage de publicit\u00e9s Facebook ou pour des fonctionnalit\u00e9s de suivi. Nous tenons \u00e0 souligner que nous, en tant que fournisseur des pages, n'avons aucune connaissance du contenu des donn\u00e9es transmises ou de leur utilisation par Facebook. Vous pouvez trouver plus d'informations \u00e0 ce sujet dans la politique de confidentialit\u00e9 de facebook sous <a href=\"https:\/\/www.facebook.com\/about\/privacy\/\" target=\"_blank\" rel=\"noopener\"><span class=\"s3\">https:\/\/www.facebook.com\/about\/privacy\/<\/span><\/a> . Si vous ne souhaitez pas que des donn\u00e9es soient collect\u00e9es par le biais d'Audiences personnalis\u00e9es, vous pouvez d\u00e9sactiver les Audiences personnalis\u00e9es ici.<\/p>\n<p class=\"p1\"><b>Remarketing et reciblage sur LinkedIn<\/b><\/p>\n<p class=\"p1\">Des balises de remarketing du r\u00e9seau social LinkedIn Corporation, 2029 Stierlin Court, Mountain View, CA 94043, USA sont int\u00e9gr\u00e9es sur nos pages. Lorsque vous visitez nos pages, une connexion directe entre votre navigateur et le serveur LinkedIn est \u00e9tablie via les balises de remarketing. LinkedIn re\u00e7oit ainsi l'information que vous avez visit\u00e9 notre site avec votre adresse IP. Cela permet \u00e0 LinkedIn d'attribuer la visite de nos pages \u00e0 votre compte utilisateur. Nous pouvons utiliser les informations obtenues de cette mani\u00e8re pour afficher des publicit\u00e9s LinkedIn. Nous tenons \u00e0 souligner que nous, en tant que fournisseur des pages, n'avons aucune connaissance du contenu des donn\u00e9es transmises ou de leur utilisation par LinkedIn. Vous trouverez de plus amples informations \u00e0 ce sujet dans la politique de confidentialit\u00e9 de Twitter \u00e0 l'adresse suivante <a href=\"https:\/\/www.linkedin.com\/legal\/privacy-policy\" target=\"_blank\" rel=\"noopener\"><span class=\"s2\">https:\/\/www.linkedin.com\/legal\/privacy-policy<\/span><span class=\"s3\"><br \/><\/span><\/a><\/p>\n<p class=\"p1\"><b>Bulletin d'information<\/b><\/p>\n<p class=\"p1\">Vous avez la possibilit\u00e9 de vous inscrire \u00e0 notre newsletter. Pour cela, nous avons besoin de votre adresse \u00e9lectronique et de votre d\u00e9claration d'acceptation de recevoir la newsletter.<\/p>\n<p class=\"p1\">Lors de l'inscription \u00e0 la lettre d'information, votre nom et votre adresse \u00e9lectronique seront utilis\u00e9s, avec votre consentement, exclusivement \u00e0 nos propres fins publicitaires jusqu'\u00e0 ce que vous vous d\u00e9sinscriviez de la lettre d'information. La d\u00e9sinscription est possible \u00e0 tout moment via la newsletter elle-m\u00eame ou en nous envoyant un court message.<\/p>\n<p class=\"p1\"><b>Vos droits et contact<\/b><\/p>\n<p class=\"p1\">Vous disposez g\u00e9n\u00e9ralement des droits d'information, de correction, de suppression, de restriction, de portabilit\u00e9 des donn\u00e9es, de r\u00e9vocation et d'opposition. Si vous avez des questions \u00e0 ce sujet, auxquelles cette politique de confidentialit\u00e9 ne pourrait pas r\u00e9pondre, vous pouvez nous contacter \u00e0 tout moment \u00e0 l'adresse suivante :<\/p>\n<p class=\"p1\"><b>Responsabilit\u00e9 globale\/r\u00e9gie<br \/><\/b><\/p>\n<h4 class=\"wp-block-heading\">Responsabilit\u00e9 globale\/r\u00e9gie<\/h4>\n<p>Association de la police des animaux<br \/>Soci\u00e9t\u00e9 de protection des animaux<br \/>Pr\u00e9sidente Farah de Tomi<br \/>Tube inf\u00e9rieur route 3<br \/>8952 Schlieren<br \/>T\u00e9l. : +41 (0 76 398 09 06<br \/>Courriel : help@animalpolice.ch<\/p>\n<p class=\"p1\"><b>\u00a0<\/b><\/p>\n<p class=\"p1\"><b>Conception et mise en \u0153uvre technique du site web<\/b><\/p>\n<p class=\"p1\">Brian Gantner<br \/>079 269 3130<br \/><a href=\"mailto:mail@briangantner.ch\">mail@briangantner.ch<\/a><br \/><a href=\"http:\/\/briangantner.ch\" target=\"_blank\" rel=\"noopener\">briangantner.ch<\/a><\/p>\n<p class=\"p1\"><b>Modification de la politique de confidentialit\u00e9<\/b><\/p>\n<p class=\"p1\">Les propri\u00e9taires du site Web se r\u00e9servent le droit de modifier \u00e0 tout moment la pr\u00e9sente d\u00e9claration de protection des donn\u00e9es avec effet pour l'avenir. L'utilisateur est pri\u00e9 de s'informer r\u00e9guli\u00e8rement sur la base de la d\u00e9claration de protection des donn\u00e9es actuelle respective.<\/p>\n<p class=\"p1\"><b>D\u00e9claration de confidentialit\u00e9 Mise \u00e0 jour : ao\u00fbt 2023<\/b><\/p>\n<p><\/p>\t\t\t\t\t\t\t\t<\/div>\n\t\t\t\t<\/div>\n\t\t\t\t\t<\/div>\n\t\t<\/div>\n\t\t\t\t\t<\/div>\n\t\t<\/section>\n\t\t\t\t<\/div>","protected":false},"excerpt":{"rendered":"<p>D\u00c9CLARATION DE PROTECTION DES DONN\u00c9ES Clause de non-responsabilit\u00e9 L'auteur n'assume aucune responsabilit\u00e9 quant \u00e0 la v\u00e9racit\u00e9, l'exactitude, l'actualit\u00e9, la fiabilit\u00e9 et l'exhaustivit\u00e9 du contenu des informations. L'auteur ne saurait \u00eatre tenu pour responsable des dommages mat\u00e9riels ou immat\u00e9riels qui pourraient \u00eatre caus\u00e9s par l'acc\u00e8s aux informations diffus\u00e9es ou par leur utilisation ou non-utilisation, par le mauvais usage de la connexion ou par des probl\u00e8mes techniques. Toutes les offres sont [...]<\/p>","protected":false},"author":3,"featured_media":0,"parent":0,"menu_order":0,"comment_status":"closed","ping_status":"open","template":"elementor_header_footer","meta":{"footnotes":""},"class_list":["post-3","page","type-page","status-publish","hentry"],"_links":{"self":[{"href":"https:\/\/animalpoliceassociation.com\/fr\/wp-json\/wp\/v2\/pages\/3","targetHints":{"allow":["GET"]}}],"collection":[{"href":"https:\/\/animalpoliceassociation.com\/fr\/wp-json\/wp\/v2\/pages"}],"about":[{"href":"https:\/\/animalpoliceassociation.com\/fr\/wp-json\/wp\/v2\/types\/page"}],"author":[{"embeddable":true,"href":"https:\/\/animalpoliceassociation.com\/fr\/wp-json\/wp\/v2\/users\/3"}],"replies":[{"embeddable":true,"href":"https:\/\/animalpoliceassociation.com\/fr\/wp-json\/wp\/v2\/comments?post=3"}],"version-history":[{"count":7,"href":"https:\/\/animalpoliceassociation.com\/fr\/wp-json\/wp\/v2\/pages\/3\/revisions"}],"predecessor-version":[{"id":6210,"href":"https:\/\/animalpoliceassociation.com\/fr\/wp-json\/wp\/v2\/pages\/3\/revisions\/6210"}],"wp:attachment":[{"href":"https:\/\/animalpoliceassociation.com\/fr\/wp-json\/wp\/v2\/media?parent=3"}],"curies":[{"name":"wp","href":"https:\/\/api.w.org\/{rel}","templated":true}]}}