{"id":4430,"date":"2021-05-01T12:50:43","date_gmt":"2021-05-01T10:50:43","guid":{"rendered":"https:\/\/animalpoliceassociation.com\/?page_id=4430"},"modified":"2021-05-01T12:52:30","modified_gmt":"2021-05-01T10:52:30","slug":"agbs","status":"publish","type":"page","link":"https:\/\/animalpoliceassociation.com\/fr\/agbs\/","title":{"rendered":"Conditions g\u00e9n\u00e9rales de vente"},"content":{"rendered":"<div data-elementor-type=\"wp-page\" data-elementor-id=\"4430\" class=\"elementor elementor-4430\" data-elementor-post-type=\"page\">\n\t\t\t\t\t\t<section class=\"elementor-section elementor-top-section elementor-element elementor-element-0a89393 elementor-section-boxed elementor-section-height-default elementor-section-height-default\" data-id=\"0a89393\" data-element_type=\"section\">\n\t\t\t\t\t\t<div class=\"elementor-container elementor-column-gap-default\">\n\t\t\t\t\t<div class=\"elementor-column elementor-col-100 elementor-top-column elementor-element elementor-element-6064daa\" data-id=\"6064daa\" data-element_type=\"column\">\n\t\t\t<div class=\"elementor-widget-wrap elementor-element-populated\">\n\t\t\t\t\t\t<div class=\"elementor-element elementor-element-e06c471 elementor-widget elementor-widget-heading\" data-id=\"e06c471\" data-element_type=\"widget\" data-widget_type=\"heading.default\">\n\t\t\t\t<div class=\"elementor-widget-container\">\n\t\t\t\t\t<h2 class=\"elementor-heading-title elementor-size-default\">conditions g\u00e9n\u00e9rales<\/h2>\t\t\t\t<\/div>\n\t\t\t\t<\/div>\n\t\t\t\t<div class=\"elementor-element elementor-element-f5ed8ce elementor-widget-divider--view-line elementor-widget elementor-widget-divider\" data-id=\"f5ed8ce\" data-element_type=\"widget\" data-widget_type=\"divider.default\">\n\t\t\t\t<div class=\"elementor-widget-container\">\n\t\t\t\t\t\t\t<div class=\"elementor-divider\">\n\t\t\t<span class=\"elementor-divider-separator\">\n\t\t\t\t\t\t<\/span>\n\t\t<\/div>\n\t\t\t\t\t\t<\/div>\n\t\t\t\t<\/div>\n\t\t\t\t\t<\/div>\n\t\t<\/div>\n\t\t\t\t\t<\/div>\n\t\t<\/section>\n\t\t\t\t<section class=\"elementor-section elementor-top-section elementor-element elementor-element-3b067352 elementor-section-boxed elementor-section-height-default elementor-section-height-default\" data-id=\"3b067352\" data-element_type=\"section\">\n\t\t\t\t\t\t<div class=\"elementor-container elementor-column-gap-default\">\n\t\t\t\t\t<div class=\"elementor-column elementor-col-100 elementor-top-column elementor-element elementor-element-42ae185\" data-id=\"42ae185\" data-element_type=\"column\">\n\t\t\t<div class=\"elementor-widget-wrap elementor-element-populated\">\n\t\t\t\t\t\t<div class=\"elementor-element elementor-element-d9ba2bb elementor-widget elementor-widget-text-editor\" data-id=\"d9ba2bb\" data-element_type=\"widget\" data-widget_type=\"text-editor.default\">\n\t\t\t\t<div class=\"elementor-widget-container\">\n\t\t\t\t\t\t\t\t\t\n<p style=\"margin: 0in; font-family: 'Helvetica Neue'; font-size: 9.75pt;\"><span lang=\"de\" style=\"font-weight: bold;\">1.<\/span> <span lang=\"de\" style=\"font-weight: bold;\">Port\u00e9e<\/span><\/p>\n<p style=\"margin: 0in; font-family: 'Helvetica Neue'; font-size: 9.75pt;\"><span lang=\"de\">Les pr\u00e9sentes conditions g\u00e9n\u00e9rales<\/span><span lang=\"de-CH\">\u00a0 <\/span><span lang=\"de\">(\"CGV\") s'appliquent \u00e0 l'ensemble des activit\u00e9s de la soci\u00e9t\u00e9 d\u00e9sign\u00e9e ci-dessous.<\/span><\/p>\n<p lang=\"de-CH\" style=\"margin: 0in; font-family: Calibri; font-size: 11.0pt;\">\u00a0<\/p>\n<p style=\"margin: 0in; font-family: 'Helvetica Neue'; font-size: 9.75pt;\"><span style=\"font-weight: bold;\">Responsabilit\u00e9 globale\/r\u00e9gie<\/span><\/p>\n<p style=\"margin: 0in; font-family: 'Helvetica Neue'; font-size: 9.75pt;\">Association de la police des animaux<br \/>Tube inf\u00e9rieur route 3<br \/>8952 Schlieren ZH<br \/><a href=\"tel:0792693130\">079 269 31 30<\/a><br \/><a href=\"mailto:help@animalpolice.ch\">help@animalpolice.ch<\/a><\/p>\n<p lang=\"de-CH\" style=\"margin: 0in; font-family: Calibri; font-size: 11.0pt;\">\u00a0<\/p>\n<p style=\"margin: 0in; font-family: 'Helvetica Neue'; font-size: 9.75pt;\"><span style=\"font-weight: bold;\">Conception et mise en \u0153uvre technique du site web<\/span><\/p>\n<p style=\"margin: 0in; font-family: 'Helvetica Neue'; font-size: 9.75pt;\">Focus Internet<\/p>\n<p style=\"margin: 0in; font-family: 'Helvetica Neue'; font-size: 9.75pt;\">Tube inf\u00e9rieur route 3<\/p>\n<p style=\"margin: 0in; font-family: 'Helvetica Neue'; font-size: 9.75pt;\">8952 Schlieren ZH<\/p>\n<p style=\"margin: 0in; font-family: 'Helvetica Neue'; font-size: 9.75pt;\">056 450 98 40<\/p>\n<p style=\"margin: 0in;\"><a href=\"mailto:hello@focus-internet.ch\"><span lang=\"de\" style=\"font-family: 'Helvetica Neue'; font-size: 9.75pt;\">hello@focus-internet.ch<\/span><\/a><span lang=\"de-CH\" style=\"font-family: 'Helvetica Neue'; font-size: 9.75pt;\">\u00a0 <\/span><span lang=\"de\" style=\"font-family: 'Helvetica Neue'; font-size: 9.75pt;\">\u00a0 \u00a0 \u00a0 \u00a0 \u00a0 \u00a0 \u00a0 \u00a0 \u00a0 \u00a0 \u00a0 <\/span><\/p>\n<p style=\"margin: 0in;\"><a href=\"mailto:sales@focus-internet.ch\"><span lang=\"de\" style=\"font-family: 'Helvetica Neue'; font-size: 9.75pt;\">sales@focus-internet.ch<\/span><\/a><\/p>\n<p style=\"margin: 0in;\"><a href=\"http:\/\/www.focus-internet.com\" target=\"_blank\" rel=\"noopener\"><span lang=\"de\" style=\"font-family: 'Helvetica Neue'; font-size: 9.75pt;\">www.focus-internet.com<\/span><\/a><span lang=\"de-CH\" style=\"font-family: 'Helvetica Neue'; font-size: 9.75pt;\">\u00a0<\/span><\/p>\n<p lang=\"de-CH\" style=\"margin: 0in; font-family: Calibri; font-size: 11.0pt;\">\u00a0<\/p>\n<p lang=\"de-CH\" style=\"margin: 0in; font-family: Calibri; font-size: 11.0pt;\">\u00a0<\/p>\n<p style=\"margin: 0in; font-family: 'Helvetica Neue'; font-size: 9.75pt;\"><span lang=\"de\" style=\"font-weight: bold;\">2.<\/span> <span lang=\"de\" style=\"font-weight: bold;\">Conclusion du contrat<\/span><\/p>\n<p style=\"margin: 0in; font-family: 'Helvetica Neue'; font-size: 9.75pt;\"><span lang=\"de\">Le contrat est conclu par la confirmation de l'entreprise concernant l'accord sur l'achat de produits.<\/span><span lang=\"de-CH\">\u00a0 <\/span><span lang=\"de\">et \/ ou des services par le client.<\/span><span lang=\"de-CH\">\u00a0<\/span><\/p>\n<p style=\"margin: 0in; font-family: 'Helvetica Neue'; font-size: 9.75pt;\">Le contrat est \u00e9galement conclu lorsque le client utilise les services propos\u00e9s par l'entreprise et\/ou commande des produits via la boutique en ligne de l'entreprise ou les ach\u00e8te directement.<\/p>\n<p lang=\"de-CH\" style=\"margin: 0in; font-family: Calibri; font-size: 11.0pt;\">\u00a0<\/p>\n<p style=\"margin: 0in; font-family: 'Helvetica Neue'; font-size: 9.75pt;\"><span lang=\"de\" style=\"font-weight: bold;\">3.<\/span> <span lang=\"de\" style=\"font-weight: bold;\">Prix<\/span><\/p>\n<p style=\"margin: 0in; font-family: 'Helvetica Neue'; font-size: 9.75pt;\">Sauf indication contraire, tous les prix sont exprim\u00e9s en francs suisses (CHF). Tous les prix s'entendent hors taxe sur la valeur ajout\u00e9e (TVA) applicable.<\/p>\n<p style=\"margin: 0in; font-family: 'Helvetica Neue'; font-size: 9.75pt;\">Les prix s'entendent hors taxes et hors frais d'emballage et d'exp\u00e9dition.<\/p>\n<p style=\"margin: 0in; font-family: 'Helvetica Neue'; font-size: 9.75pt;\"><span lang=\"de\">La soci\u00e9t\u00e9 se r\u00e9serve le droit de modifier les prix \u00e0 tout moment.<\/span><span lang=\"de-CH\">\u00a0 <\/span><span lang=\"de\">Les prix selon la liste de prix de l'entreprise valable au moment de la conclusion du contrat sont applicables.<\/span><\/p>\n<p lang=\"de-CH\" style=\"margin: 0in; font-family: Calibri; font-size: 11.0pt;\">\u00a0<\/p>\n<p style=\"margin: 0in; font-family: 'Helvetica Neue'; font-size: 9.75pt;\"><span lang=\"de\" style=\"font-weight: bold;\">4.<\/span> <span lang=\"de\" style=\"font-weight: bold;\">Paiement<\/span><\/p>\n<p style=\"margin: 0in; font-family: 'Helvetica Neue'; font-size: 9.75pt;\"><span lang=\"de\">Le client est tenu de payer le montant factur\u00e9 dans les d\u00e9lais suivants<\/span><span lang=\"de-CH\">\u00a0 <\/span><span lang=\"de\">30 jours \u00e0 compter de la date de la facture.<\/span><span lang=\"de-CH\">\u00a0<\/span><\/p>\n<p style=\"margin: 0in; font-family: 'Helvetica Neue'; font-size: 9.75pt;\"><span lang=\"de\">Si la facture n'est pas pay\u00e9e dans le d\u00e9lai de paiement susmentionn\u00e9, le client sera averti. Si le client ne r\u00e8gle pas la facture dans le d\u00e9lai de rappel fix\u00e9, il est automatiquement en retard de paiement.<\/span><span lang=\"de-CH\">\u00a0<\/span><\/p>\n<p style=\"margin: 0in; font-family: 'Helvetica Neue'; font-size: 9.75pt;\"><span lang=\"de\">Si l'entreprise propose \u00e9galement des produits \u00e0 l'achat, \u00e0 la location ou \u00e0 une autre utilisation via une plateforme en ligne, elle peut \u00e9galement exiger un paiement par voie \u00e9lectronique dans le cadre du processus de commande (cartes de cr\u00e9dit, Paypal ou autres syst\u00e8mes de paiement).<\/span><span lang=\"de-CH\">\u00a0<\/span><\/p>\n<p lang=\"de-CH\" style=\"margin: 0in; font-family: Calibri; font-size: 11.0pt;\">\u00a0<\/p>\n<p style=\"margin: 0in; font-family: 'Helvetica Neue'; font-size: 9.75pt;\"><span lang=\"de\" style=\"font-weight: bold;\">5.<\/span> <span lang=\"de\" style=\"font-weight: bold;\">Obligations de l'entreprise<\/span><\/p>\n<p lang=\"de-CH\" style=\"margin: 0in; font-family: Calibri; font-size: 11.0pt;\">\u00a0<\/p>\n<p style=\"margin: 0in; font-family: 'Helvetica Neue'; font-size: 9.75pt;\"><span lang=\"de\">5.1.<\/span> <span lang=\"de\">Livraison \/ Dates de livraison<\/span><\/p>\n<p style=\"margin: 0in; font-family: 'Helvetica Neue'; font-size: 9.75pt;\"><span lang=\"de\">La livraison sera effectu\u00e9e dans les jours sp\u00e9cifi\u00e9s au moment de l'achat, apr\u00e8s r\u00e9ception de la commande. Si la livraison n'est pas possible \u00e0 temps, la Soci\u00e9t\u00e9 en informera le Client dans les jours ouvrables indiqu\u00e9s au moment de l'achat apr\u00e8s r\u00e9ception de la commande et la nouvelle date de livraison sera communiqu\u00e9e.<\/span><span lang=\"de-CH\">\u00a0<\/span><\/p>\n<p lang=\"de-CH\" style=\"margin: 0in; font-family: Calibri; font-size: 11.0pt;\">\u00a0<\/p>\n<p style=\"margin: 0in; font-family: 'Helvetica Neue'; font-size: 9.75pt;\"><span lang=\"de\">5.2.<\/span> <span lang=\"de\">Prestation de services<\/span><\/p>\n<p style=\"margin: 0in; font-family: 'Helvetica Neue'; font-size: 9.75pt;\"><span lang=\"de\">Sauf accord contraire, la Soci\u00e9t\u00e9 remplit son obligation en fournissant le service convenu. Si aucune autre disposition n'est convenue, le lieu d'ex\u00e9cution est le si\u00e8ge social de la soci\u00e9t\u00e9.<\/span><span lang=\"de-CH\">\u00a0<\/span><\/p>\n<p lang=\"de-CH\" style=\"margin: 0in; font-family: Calibri; font-size: 11.0pt;\">\u00a0<\/p>\n<p style=\"margin: 0in; font-family: 'Helvetica Neue'; font-size: 9.75pt;\"><span lang=\"de\" style=\"font-weight: bold;\">6.<\/span> <span lang=\"de\" style=\"font-weight: bold;\">Obligations du client<\/span><span lang=\"de-CH\" style=\"font-weight: bold;\">\u00a0<\/span><\/p>\n<p style=\"margin: 0in; font-family: 'Helvetica Neue'; font-size: 9.75pt;\"><span lang=\"de\">Le Client est tenu de prendre sans d\u00e9lai toutes les dispositions n\u00e9cessaires \u00e0 la fourniture du service par la Soci\u00e9t\u00e9. Le client doit prendre les dispositions n\u00e9cessaires au lieu, \u00e0 l'heure et dans la mesure convenus. Selon les circonstances, cela peut inclure la fourniture d'informations et de documents appropri\u00e9s \u00e0 la soci\u00e9t\u00e9.<\/span><span lang=\"de-CH\">\u00a0 \u00a0 \u00a0<\/span><\/p>\n<p style=\"margin: 0in; font-family: 'Helvetica Neue'; font-size: 9.75pt;\">\u00a0\u00a0<\/p>\n<p style=\"margin: 0in; font-family: 'Helvetica Neue'; font-size: 9.75pt;\"><span lang=\"de\" style=\"font-weight: bold;\">7.<\/span> <span lang=\"de\" style=\"font-weight: bold;\">D\u00e9mission<\/span><\/p>\n<p style=\"margin: 0in; font-family: 'Helvetica Neue'; font-size: 9.75pt;\"><span lang=\"de\">Les deux parties ont le droit de se retirer du contrat \u00e0 tout moment. L'autre partie est enti\u00e8rement indemnis\u00e9e pour les d\u00e9penses d\u00e9j\u00e0 engag\u00e9es. Le retrait \u00e0 des moments inopportuns n'est pas autoris\u00e9 et tout droit \u00e0 des dommages et int\u00e9r\u00eats reste r\u00e9serv\u00e9.<\/span><span lang=\"de-CH\">\u00a0 <\/span><\/p>\n<p lang=\"de-CH\" style=\"margin: 0in; font-family: Calibri; font-size: 11.0pt;\">\u00a0<\/p>\n<p style=\"margin: 0in; font-family: 'Helvetica Neue'; font-size: 9.75pt;\"><span lang=\"de\" style=\"font-weight: bold;\">8.<\/span> <span lang=\"de\" style=\"font-weight: bold;\">Exchange<\/span><span lang=\"de-CH\" style=\"font-weight: bold;\">\u00a0<\/span><\/p>\n<p style=\"margin: 0in; font-family: 'Helvetica Neue'; font-size: 9.75pt;\">Un \u00e9change de produits est g\u00e9n\u00e9ralement exclu.<\/p>\n<p lang=\"de-CH\" style=\"margin: 0in; font-family: Calibri; font-size: 11.0pt;\">\u00a0<\/p>\n<p style=\"margin: 0in; font-family: 'Helvetica Neue'; font-size: 9.75pt;\"><span lang=\"de\" style=\"font-weight: bold;\">9.<\/span> <span lang=\"de\" style=\"font-weight: bold;\">D\u00e9mission<\/span><\/p>\n<p style=\"margin: 0in; font-family: 'Helvetica Neue'; font-size: 9.75pt;\">Le client a le droit de r\u00e9voquer le contrat dans les [...] jours suivant l'envoi de la commande par \u00e9crit ou implicitement en renvoyant les produits. Pour respecter le d\u00e9lai de r\u00e9vocation, il suffit d'envoyer la r\u00e9vocation ou le produit \u00e0 temps. En cas de r\u00e9vocation, les frais de renvoi sont \u00e0 la charge du client. En cas de r\u00e9vocation effective, les services re\u00e7us par les deux parties sont rembours\u00e9s. Les produits doivent \u00eatre retourn\u00e9s dans leur emballage d'origine, faute de quoi le Client indemnisera int\u00e9gralement la Soci\u00e9t\u00e9 pour tout dommage caus\u00e9 par l'ouverture de l'emballage ou la d\u00e9t\u00e9rioration du produit.<\/p>\n<p lang=\"de-CH\" style=\"margin: 0in; font-family: Calibri; font-size: 11.0pt;\">\u00a0<\/p>\n<p style=\"margin: 0in; font-family: 'Helvetica Neue'; font-size: 9.75pt;\"><span lang=\"de\" style=\"font-weight: bold;\">10.<\/span> <span lang=\"de\" style=\"font-weight: bold;\">Garantie<\/span><\/p>\n<p style=\"margin: 0in; font-family: 'Helvetica Neue'; font-size: 9.75pt;\">Les dispositions l\u00e9gales en mati\u00e8re de garantie s'appliquent.<\/p>\n<p style=\"margin: 0in; font-family: 'Helvetica Neue'; font-size: 9.75pt;\">Tout d\u00e9faut doit \u00eatre signal\u00e9 imm\u00e9diatement \u00e0 l'entreprise. C'est \u00e0 l'entreprise de d\u00e9cider si le produit d\u00e9fectueux sera r\u00e9par\u00e9 ou remplac\u00e9. Uniquement si un remplacement ou une r\u00e9paration n'est pas possible, le client a droit \u00e0 une r\u00e9duction ou \u00e0 un remboursement du prix d'achat. Le droit au remboursement des frais en cas de r\u00e9paration par des tiers est exclu. Pendant la dur\u00e9e de la r\u00e9paration, le client n'a pas droit \u00e0 un produit de remplacement.<\/p>\n<p lang=\"de-CH\" style=\"margin: 0in; font-family: Calibri; font-size: 11.0pt;\">\u00a0<\/p>\n<p style=\"margin: 0in; font-family: 'Helvetica Neue'; font-size: 9.75pt;\"><span lang=\"de\" style=\"font-weight: bold;\">11.<\/span> <span lang=\"de\" style=\"font-weight: bold;\">Responsabilit\u00e9 civile<\/span><\/p>\n<p style=\"margin: 0in; font-family: 'Helvetica Neue'; font-size: 9.75pt;\">La responsabilit\u00e9 pour tout dommage indirect et cons\u00e9cutif est totalement exclue.<\/p>\n<p style=\"margin: 0in; font-family: 'Helvetica Neue'; font-size: 9.75pt;\">La responsabilit\u00e9 pour les dommages directs est limit\u00e9e \u00e0 CHF [...]. Cette limitation de responsabilit\u00e9 ne s'applique pas aux dommages directs caus\u00e9s par une n\u00e9gligence grave ou une intention d\u00e9lib\u00e9r\u00e9e.<\/p>\n<p style=\"margin: 0in; font-family: 'Helvetica Neue'; font-size: 9.75pt;\"><span lang=\"de\">Le client est tenu de signaler imm\u00e9diatement tout dommage \u00e0 l'entreprise.<\/span><span lang=\"de-CH\">\u00a0<\/span><\/p>\n<p style=\"margin: 0in; font-family: 'Helvetica Neue'; font-size: 9.75pt;\">Toute responsabilit\u00e9 pour les auxiliaires est enti\u00e8rement exclue.<\/p>\n<p lang=\"de-CH\" style=\"margin: 0in; font-family: Calibri; font-size: 11.0pt;\">\u00a0<\/p>\n<p style=\"margin: 0in; font-family: 'Helvetica Neue'; font-size: 9.75pt;\"><span lang=\"de\" style=\"font-weight: bold;\">12.<\/span> <span lang=\"de\" style=\"font-weight: bold;\">Protection des donn\u00e9es<\/span><\/p>\n<p style=\"margin: 0in; font-family: 'Helvetica Neue'; font-size: 9.75pt;\">La Soci\u00e9t\u00e9 peut traiter et utiliser les donn\u00e9es enregistr\u00e9es dans le cadre de la conclusion du contrat pour l'ex\u00e9cution des obligations d\u00e9coulant du contrat. La soci\u00e9t\u00e9 prend les mesures n\u00e9cessaires pour s\u00e9curiser les donn\u00e9es conform\u00e9ment aux dispositions l\u00e9gales. Le Client accepte pleinement le stockage et l'utilisation contractuelle de ses donn\u00e9es par la Soci\u00e9t\u00e9 et est conscient que la Soci\u00e9t\u00e9 est oblig\u00e9e et autoris\u00e9e \u00e0 divulguer les informations du Client \u00e0 ces derniers ou \u00e0 des tiers sur ordre des tribunaux ou des autorit\u00e9s. Si le Client ne l'a pas express\u00e9ment interdit, la Soci\u00e9t\u00e9 peut utiliser les donn\u00e9es \u00e0 des fins de marketing.<\/p>\n<p lang=\"de-CH\" style=\"margin: 0in; font-family: Calibri; font-size: 11.0pt;\">\u00a0<\/p>\n<p style=\"margin: 0in; font-family: 'Helvetica Neue'; font-size: 9.75pt;\"><span lang=\"de\" style=\"font-weight: bold;\">13.<\/span> <span lang=\"de\" style=\"font-weight: bold;\">Changements<\/span><\/p>\n<p style=\"margin: 0in; font-family: 'Helvetica Neue'; font-size: 9.75pt;\"><span lang=\"de\">Les pr\u00e9sentes conditions g\u00e9n\u00e9rales peuvent \u00eatre modifi\u00e9es par la soci\u00e9t\u00e9 \u00e0 tout moment.<\/span><span lang=\"de-CH\">\u00a0<\/span><\/p>\n<p style=\"margin: 0in; font-family: 'Helvetica Neue'; font-size: 9.75pt;\">La nouvelle version entre en vigueur par sa publication sur le site web de l'entreprise.<\/p>\n<p lang=\"de-CH\" style=\"margin: 0in; font-family: Calibri; font-size: 11.0pt;\">\u00a0<\/p>\n<p style=\"margin: 0in; font-family: 'Helvetica Neue'; font-size: 9.75pt;\"><span lang=\"de\" style=\"font-weight: bold;\">14.<\/span> <span lang=\"de\" style=\"font-weight: bold;\">Priorit\u00e9<\/span><span lang=\"de-CH\" style=\"font-weight: bold;\">\u00a0<\/span><\/p>\n<p style=\"margin: 0in; font-family: 'Helvetica Neue'; font-size: 9.75pt;\">Les pr\u00e9sentes CGV priment sur toutes les dispositions et contrats ant\u00e9rieurs. Seules les dispositions des contrats individuels, qui pr\u00e9cisent encore les dispositions des pr\u00e9sentes CG, pr\u00e9valent sur les pr\u00e9sentes CG.<\/p>\n<p lang=\"de-CH\" style=\"margin: 0in; font-family: Calibri; font-size: 11.0pt;\">\u00a0<\/p>\n<p style=\"margin: 0in; font-family: 'Helvetica Neue'; font-size: 9.75pt;\"><span lang=\"de\" style=\"font-weight: bold;\">15.<\/span> <span lang=\"de\" style=\"font-weight: bold;\">clause de divisibilit\u00e9<\/span><\/p>\n<p style=\"margin: 0in; font-family: 'Helvetica Neue'; font-size: 9.75pt;\"><span style=\"font-style: italic;\">Si une disposition du pr\u00e9sent contrat ou d'une de ses annexes est ou devient invalide, cela n'affecte pas la validit\u00e9 du reste du contrat. Les parties contractantes remplacent la disposition invalide par une disposition valide qui se rapproche le plus possible du but \u00e9conomique vis\u00e9 par la disposition invalide. Il en va de m\u00eame pour les \u00e9ventuelles lacunes du contrat.<\/span><\/p>\n<p lang=\"de-CH\" style=\"margin: 0in; font-family: Calibri; font-size: 11.0pt;\">\u00a0<\/p>\n<p style=\"margin: 0in; font-family: 'Helvetica Neue'; font-size: 9.75pt;\"><span lang=\"de\" style=\"font-weight: bold;\">16.<\/span> <span lang=\"de\" style=\"font-weight: bold;\">Droit applicable \/ lieu de juridiction<\/span><\/p>\n<p style=\"margin: 0in; font-family: 'Helvetica Neue'; font-size: 9.75pt;\"><span lang=\"de\">Les pr\u00e9sentes CG sont soumises au droit suisse. Dans la mesure o\u00f9 aucune disposition l\u00e9gale imp\u00e9rative ne pr\u00e9vaut, le tribunal du si\u00e8ge social de la soci\u00e9t\u00e9 est comp\u00e9tent. La Convention des Nations Unies sur les contrats de vente internationale de marchandises (SR 0.221.221.1) est explicitement exclue.<\/span><span lang=\"de-CH\" style=\"font-weight: bold;\">\u00a0<\/span><\/p>\n\t\t\t\t\t\t\t\t<\/div>\n\t\t\t\t<\/div>\n\t\t\t\t\t<\/div>\n\t\t<\/div>\n\t\t\t\t\t<\/div>\n\t\t<\/section>\n\t\t\t\t<\/div>","protected":false},"excerpt":{"rendered":"<p>CGV 1. Champ d'application Les pr\u00e9sentes conditions g\u00e9n\u00e9rales de vente (\"CGV\") s'appliquent \u00e0 l'ensemble des activit\u00e9s de l'entreprise mentionn\u00e9e ci-dessous.   Responsabilit\u00e9 g\u00e9n\u00e9rale\/r\u00e9daction Animal Police AssociationUnterrohrstrasse 38952 Schlieren ZH079 269 31 30help@animalpolice.ch Conception et r\u00e9alisation technique du site web Focus Internet Unterrohrstrasse 3 8952 Schlieren ZH 056 450 98 40 hello@focus-internet.ch [...]<\/p>","protected":false},"author":3,"featured_media":0,"parent":0,"menu_order":0,"comment_status":"closed","ping_status":"open","template":"elementor_header_footer","meta":{"footnotes":""},"class_list":["post-4430","page","type-page","status-publish","hentry"],"_links":{"self":[{"href":"https:\/\/animalpoliceassociation.com\/fr\/wp-json\/wp\/v2\/pages\/4430","targetHints":{"allow":["GET"]}}],"collection":[{"href":"https:\/\/animalpoliceassociation.com\/fr\/wp-json\/wp\/v2\/pages"}],"about":[{"href":"https:\/\/animalpoliceassociation.com\/fr\/wp-json\/wp\/v2\/types\/page"}],"author":[{"embeddable":true,"href":"https:\/\/animalpoliceassociation.com\/fr\/wp-json\/wp\/v2\/users\/3"}],"replies":[{"embeddable":true,"href":"https:\/\/animalpoliceassociation.com\/fr\/wp-json\/wp\/v2\/comments?post=4430"}],"version-history":[{"count":0,"href":"https:\/\/animalpoliceassociation.com\/fr\/wp-json\/wp\/v2\/pages\/4430\/revisions"}],"wp:attachment":[{"href":"https:\/\/animalpoliceassociation.com\/fr\/wp-json\/wp\/v2\/media?parent=4430"}],"curies":[{"name":"wp","href":"https:\/\/api.w.org\/{rel}","templated":true}]}}