{"id":4895,"date":"2021-05-01T23:39:41","date_gmt":"2021-05-01T21:39:41","guid":{"rendered":"https:\/\/animalpoliceassociation.com\/produkt\/unisex-bomberjacke\/"},"modified":"2021-11-17T15:32:21","modified_gmt":"2021-11-17T14:32:21","slug":"unisex-bomberjacke","status":"publish","type":"product","link":"https:\/\/animalpoliceassociation.com\/fr\/produit\/unisex-bomberjacke\/","title":{"rendered":"Blouson bombardier unisexe"},"content":{"rendered":"<p>Cette veste de bombardier enti\u00e8rement imprim\u00e9e donne du piquant \u00e0 n'importe quelle tenue. Que vous le portiez avec un t-shirt ordinaire ou par-dessus un sweat \u00e0 capuche chaud, il fait toujours bonne figure. Avec un int\u00e9rieur en polaire et une coupe unisexe ample, ce blouson bomber unisexe est tout simplement indispensable dans toute garde-robe !<\/p>\n<p>- 100 % Polyester<br \/>\n- Poids du tissu : 200 \u00e0 300 g\/m\u00b2.<br \/>\n- Tissu polaire bross\u00e9 \u00e0 l'int\u00e9rieur<br \/>\n- Coupe unisexe<br \/>\n- Coutures Overlock<br \/>\n- Tour de cou robuste<br \/>\n- Zip YKK argent\u00e9<br \/>\n- 2 jeux de poches<br \/>\n- Les composants des produits bruts proviennent des \u00c9tats-Unis et de la Chine.<\/p>","protected":false},"excerpt":{"rendered":"<p>Ce blouson bomber enti\u00e8rement imprim\u00e9 donne du peps \u00e0 toutes les tenues. Qu'on la porte avec un t-shirt normal ou par-dessus un pull \u00e0 capuche chaud, elle a toujours fi\u00e8re allure. Avec son int\u00e9rieur en polaire et sa coupe unisexe d\u00e9contract\u00e9e, ce blouson bomber unisexe est tout simplement un must-have dans chaque garde-robe ! - 100 % polyester - poids du tissu : 200 - 300 [...].<\/p>","protected":false},"featured_media":4905,"comment_status":"open","ping_status":"closed","template":"","meta":[],"product_brand":[],"product_cat":[28],"product_tag":[],"class_list":{"0":"post-4895","1":"product","2":"type-product","3":"status-publish","4":"has-post-thumbnail","6":"product_cat-unkategorisiert","8":"first","9":"instock","10":"taxable","11":"shipping-taxable","12":"purchasable","13":"product-type-variable"},"_links":{"self":[{"href":"https:\/\/animalpoliceassociation.com\/fr\/wp-json\/wp\/v2\/product\/4895","targetHints":{"allow":["GET"]}}],"collection":[{"href":"https:\/\/animalpoliceassociation.com\/fr\/wp-json\/wp\/v2\/product"}],"about":[{"href":"https:\/\/animalpoliceassociation.com\/fr\/wp-json\/wp\/v2\/types\/product"}],"replies":[{"embeddable":true,"href":"https:\/\/animalpoliceassociation.com\/fr\/wp-json\/wp\/v2\/comments?post=4895"}],"wp:featuredmedia":[{"embeddable":true,"href":"https:\/\/animalpoliceassociation.com\/fr\/wp-json\/wp\/v2\/media\/4905"}],"wp:attachment":[{"href":"https:\/\/animalpoliceassociation.com\/fr\/wp-json\/wp\/v2\/media?parent=4895"}],"wp:term":[{"taxonomy":"product_brand","embeddable":true,"href":"https:\/\/animalpoliceassociation.com\/fr\/wp-json\/wp\/v2\/product_brand?post=4895"},{"taxonomy":"product_cat","embeddable":true,"href":"https:\/\/animalpoliceassociation.com\/fr\/wp-json\/wp\/v2\/product_cat?post=4895"},{"taxonomy":"product_tag","embeddable":true,"href":"https:\/\/animalpoliceassociation.com\/fr\/wp-json\/wp\/v2\/product_tag?post=4895"}],"curies":[{"name":"wp","href":"https:\/\/api.w.org\/{rel}","templated":true}]}}