{"id":4927,"date":"2021-05-02T00:04:01","date_gmt":"2021-05-01T22:04:01","guid":{"rendered":"https:\/\/animalpoliceassociation.com\/produkt\/kurzaermeliges-unisex-t-shirt\/"},"modified":"2024-11-02T00:04:56","modified_gmt":"2024-11-01T23:04:56","slug":"kurzaermeliges-unisex-t-shirt","status":"publish","type":"product","link":"https:\/\/animalpoliceassociation.com\/fr\/produit\/kurzaermeliges-unisex-t-shirt\/","title":{"rendered":"T-shirt unisexe \u00e0 manches courtes"},"content":{"rendered":"<p>Ce tee-shirt est tout ce dont vous avez r\u00eav\u00e9 et plus encore. Il est doux et l\u00e9ger, avec un \u00e9quilibre parfait entre \u00e9lasticit\u00e9 et stabilit\u00e9. Il est confortable et flatteur, tant pour les hommes que pour les femmes.<\/p>\n<p>- 100 coton peign\u00e9 et fil\u00e9 \u00e0 l'anneau % (les couleurs de la bruy\u00e8re contiennent du polyester)<br \/>\n- Les couleurs cendr\u00e9es sont en coton peign\u00e9 et fil\u00e9 \u00e0 la cha\u00eene 99 % et en polyester 1 %.<br \/>\n- Les couleurs de la bruy\u00e8re sont en coton peign\u00e9 et fil\u00e9 \u00e0 la main 52 % et en polyester 48 %.<br \/>\n- Athletic et Black Heather sont en coton peign\u00e9 et fil\u00e9 \u00e0 l'anneau 90 %, polyester 10 %.<br \/>\n- Les couleurs Heather Prism sont compos\u00e9es de 99 % de coton peign\u00e9 et fil\u00e9 \u00e0 la cha\u00eene, et de 1 % de polyester.<br \/>\n- Poids du tissu : 142 g\/m\u00b2 <br \/>\n- Mati\u00e8re pr\u00e9-r\u00e9tr\u00e9cie<br \/>\n- Taping \u00e9paule contre \u00e9paule<br \/>\n- Couture lat\u00e9rale<\/p>","protected":false},"excerpt":{"rendered":"<p>Ce t-shirt est tout ce dont tu as r\u00eav\u00e9 et plus encore. Il est doux et l\u00e9ger au toucher, avec un \u00e9quilibre parfait entre \u00e9lasticit\u00e9 et r\u00e9sistance. Il est confortable et flatteur pour les hommes et les femmes. - 100 % coton peign\u00e9 et ring-spun (les couleurs Heather contiennent du polyester) - Les couleurs Ash sont 99 % coton peign\u00e9 et ring-spun [...].<\/p>","protected":false},"featured_media":5472,"comment_status":"open","ping_status":"closed","template":"","meta":[],"product_brand":[],"product_cat":[28],"product_tag":[],"class_list":{"0":"post-4927","1":"product","2":"type-product","3":"status-publish","4":"has-post-thumbnail","6":"product_cat-unkategorisiert","8":"first","9":"instock","10":"taxable","11":"shipping-taxable","12":"purchasable","13":"product-type-variable"},"_links":{"self":[{"href":"https:\/\/animalpoliceassociation.com\/fr\/wp-json\/wp\/v2\/product\/4927","targetHints":{"allow":["GET"]}}],"collection":[{"href":"https:\/\/animalpoliceassociation.com\/fr\/wp-json\/wp\/v2\/product"}],"about":[{"href":"https:\/\/animalpoliceassociation.com\/fr\/wp-json\/wp\/v2\/types\/product"}],"replies":[{"embeddable":true,"href":"https:\/\/animalpoliceassociation.com\/fr\/wp-json\/wp\/v2\/comments?post=4927"}],"wp:featuredmedia":[{"embeddable":true,"href":"https:\/\/animalpoliceassociation.com\/fr\/wp-json\/wp\/v2\/media\/5472"}],"wp:attachment":[{"href":"https:\/\/animalpoliceassociation.com\/fr\/wp-json\/wp\/v2\/media?parent=4927"}],"wp:term":[{"taxonomy":"product_brand","embeddable":true,"href":"https:\/\/animalpoliceassociation.com\/fr\/wp-json\/wp\/v2\/product_brand?post=4927"},{"taxonomy":"product_cat","embeddable":true,"href":"https:\/\/animalpoliceassociation.com\/fr\/wp-json\/wp\/v2\/product_cat?post=4927"},{"taxonomy":"product_tag","embeddable":true,"href":"https:\/\/animalpoliceassociation.com\/fr\/wp-json\/wp\/v2\/product_tag?post=4927"}],"curies":[{"name":"wp","href":"https:\/\/api.w.org\/{rel}","templated":true}]}}