{"id":5039,"date":"2021-05-02T00:13:25","date_gmt":"2021-05-01T22:13:25","guid":{"rendered":"https:\/\/animalpoliceassociation.com\/produkt\/bestickte-verstaubare-champion-jacke\/"},"modified":"2026-04-20T01:55:42","modified_gmt":"2026-04-19T23:55:42","slug":"bestickte-verstaubare-champion-jacke","status":"publish","type":"product","link":"https:\/\/animalpoliceassociation.com\/fr\/produit\/bestickte-verstaubare-champion-jacke\/","title":{"rendered":"Veste rang\u00e9e brod\u00e9e Champion"},"content":{"rendered":"<p>Prot\u00e9gez-vous des \u00e9l\u00e9ments avec cette veste Champion \u00e0 ranger. Dot\u00e9e d'un motif brod\u00e9 d\u00e9taill\u00e9, cette veste en polyester r\u00e9sistant au vent et \u00e0 la pluie est \u00e9quip\u00e9e d'une capuche pratique et d'une poche kangourou \u00e0 l'avant que vous pouvez tirer et ranger dans votre poche pour gagner de la place.<\/p>\n<p>- 100 % Polyester Micropopelin<br \/>\n- Imperm\u00e9able au vent et \u00e0 la pluie<br \/>\n- Demi-fermeture \u00e9clair sur le devant avec capuche<br \/>\n- Poche kangourou cach\u00e9e<br \/>\n- Pochette cach\u00e9e avec fermeture \u00e9clair<br \/>\n- La veste se range dans une poche kangourou avec fermeture \u00e9clair.<br \/>\n- Cordon \u00e9lastique r\u00e9glable \u00e0 la capuche et \u00e0 l'ourlet du bas.<br \/>\n- Poignets \u00e9lastiques<br \/>\n- \u00c9cusson Champion \"C\" sur la manche gauche<\/p>","protected":false},"excerpt":{"rendered":"<p>Prot\u00e8ge-toi des \u00e9l\u00e9ments avec cette veste Champion qui se range. Cette veste en polyester r\u00e9sistante au vent et \u00e0 la pluie, au design brod\u00e9 d\u00e9taill\u00e9, est dot\u00e9e d'une capuche pratique et d'une poche kangourou \u00e0 l'avant qui peut \u00eatre retir\u00e9e pour ranger la veste dans la poche et ainsi \u00e9conomiser de l'espace. - 100 % micro-popeline de polyester - R\u00e9sistant au vent et \u00e0 la pluie - Demi-zip sur le devant avec capuche [...].<\/p>","protected":false},"featured_media":5081,"comment_status":"open","ping_status":"closed","template":"","meta":[],"product_brand":[],"product_cat":[28],"product_tag":[],"class_list":{"0":"post-5039","1":"product","2":"type-product","3":"status-publish","4":"has-post-thumbnail","6":"product_cat-unkategorisiert","8":"first","9":"instock","10":"taxable","11":"shipping-taxable","12":"purchasable","13":"product-type-variable"},"_links":{"self":[{"href":"https:\/\/animalpoliceassociation.com\/fr\/wp-json\/wp\/v2\/product\/5039","targetHints":{"allow":["GET"]}}],"collection":[{"href":"https:\/\/animalpoliceassociation.com\/fr\/wp-json\/wp\/v2\/product"}],"about":[{"href":"https:\/\/animalpoliceassociation.com\/fr\/wp-json\/wp\/v2\/types\/product"}],"replies":[{"embeddable":true,"href":"https:\/\/animalpoliceassociation.com\/fr\/wp-json\/wp\/v2\/comments?post=5039"}],"wp:featuredmedia":[{"embeddable":true,"href":"https:\/\/animalpoliceassociation.com\/fr\/wp-json\/wp\/v2\/media\/5081"}],"wp:attachment":[{"href":"https:\/\/animalpoliceassociation.com\/fr\/wp-json\/wp\/v2\/media?parent=5039"}],"wp:term":[{"taxonomy":"product_brand","embeddable":true,"href":"https:\/\/animalpoliceassociation.com\/fr\/wp-json\/wp\/v2\/product_brand?post=5039"},{"taxonomy":"product_cat","embeddable":true,"href":"https:\/\/animalpoliceassociation.com\/fr\/wp-json\/wp\/v2\/product_cat?post=5039"},{"taxonomy":"product_tag","embeddable":true,"href":"https:\/\/animalpoliceassociation.com\/fr\/wp-json\/wp\/v2\/product_tag?post=5039"}],"curies":[{"name":"wp","href":"https:\/\/api.w.org\/{rel}","templated":true}]}}