{"id":5096,"date":"2021-05-02T00:28:18","date_gmt":"2021-05-01T22:28:18","guid":{"rendered":"https:\/\/animalpoliceassociation.com\/produkt\/emailletasse\/"},"modified":"2026-04-20T02:04:54","modified_gmt":"2026-04-20T00:04:54","slug":"emailletasse","status":"publish","type":"product","link":"https:\/\/animalpoliceassociation.com\/fr\/produit\/emailletasse\/","title":{"rendered":"Tasse en \u00e9mail"},"content":{"rendered":"<p>Chaque campeur heureux a besoin d'un mug en \u00e9mail unique. Il est l\u00e9ger, durable et multifonctionnel. Utilisez-le pour votre boisson pr\u00e9f\u00e9r\u00e9e ou un repas chaud et attachez-le \u00e0 votre sac \u00e0 dos pour y acc\u00e9der facilement pendant une randonn\u00e9e.<\/p>\n<p>- Mat\u00e9riau : \u00c9mail<br \/>\n- Dimensions : Hauteur 8 cm, diam\u00e8tre 8,25 cm<br \/>\n- Rev\u00eatement blanc avec bordure argent\u00e9e<br \/>\n- Lavage \u00e0 la main uniquement <br \/>\n- Produit brut provenant de Chine<\/p>\n<p>Attention ! Le chauffage de liquides ou d'aliments directement dans la tasse peut endommager le rev\u00eatement.<\/p>","protected":false},"excerpt":{"rendered":"<p>Chaque campeur heureux a besoin d'une tasse en \u00e9mail unique. Elle est l\u00e9g\u00e8re, durable et multifonctionnelle. Utilise-la pour ta boisson pr\u00e9f\u00e9r\u00e9e ou un repas chaud et attache-la \u00e0 ton sac \u00e0 dos pour un acc\u00e8s facile pendant une randonn\u00e9e. - Mat\u00e9riau : \u00e9mail - Dimensions : Hauteur 8 cm, diam\u00e8tre 8,25 cm - Rev\u00eatement blanc avec bord argent\u00e9 - Lavage \u00e0 la main uniquement - [...].<\/p>","protected":false},"featured_media":5097,"comment_status":"open","ping_status":"closed","template":"","meta":[],"product_brand":[],"product_cat":[28],"product_tag":[],"class_list":{"0":"post-5096","1":"product","2":"type-product","3":"status-publish","4":"has-post-thumbnail","6":"product_cat-unkategorisiert","8":"first","9":"instock","10":"taxable","11":"shipping-taxable","12":"purchasable","13":"product-type-simple"},"_links":{"self":[{"href":"https:\/\/animalpoliceassociation.com\/fr\/wp-json\/wp\/v2\/product\/5096","targetHints":{"allow":["GET"]}}],"collection":[{"href":"https:\/\/animalpoliceassociation.com\/fr\/wp-json\/wp\/v2\/product"}],"about":[{"href":"https:\/\/animalpoliceassociation.com\/fr\/wp-json\/wp\/v2\/types\/product"}],"replies":[{"embeddable":true,"href":"https:\/\/animalpoliceassociation.com\/fr\/wp-json\/wp\/v2\/comments?post=5096"}],"wp:featuredmedia":[{"embeddable":true,"href":"https:\/\/animalpoliceassociation.com\/fr\/wp-json\/wp\/v2\/media\/5097"}],"wp:attachment":[{"href":"https:\/\/animalpoliceassociation.com\/fr\/wp-json\/wp\/v2\/media?parent=5096"}],"wp:term":[{"taxonomy":"product_brand","embeddable":true,"href":"https:\/\/animalpoliceassociation.com\/fr\/wp-json\/wp\/v2\/product_brand?post=5096"},{"taxonomy":"product_cat","embeddable":true,"href":"https:\/\/animalpoliceassociation.com\/fr\/wp-json\/wp\/v2\/product_cat?post=5096"},{"taxonomy":"product_tag","embeddable":true,"href":"https:\/\/animalpoliceassociation.com\/fr\/wp-json\/wp\/v2\/product_tag?post=5096"}],"curies":[{"name":"wp","href":"https:\/\/api.w.org\/{rel}","templated":true}]}}