{"id":5121,"date":"2021-05-02T09:05:30","date_gmt":"2021-05-02T07:05:30","guid":{"rendered":"https:\/\/animalpoliceassociation.com\/produkt\/unisex-kapuzenpullover\/"},"modified":"2025-09-03T14:30:55","modified_gmt":"2025-09-03T12:30:55","slug":"unisex-kapuzenpullover","status":"publish","type":"product","link":"https:\/\/animalpoliceassociation.com\/fr\/produit\/unisex-kapuzenpullover\/","title":{"rendered":"Sweat \u00e0 capuche unisexe"},"content":{"rendered":"<p>Qui aurait cru que le sweat \u00e0 capuche le plus doux que vous ayez jamais eu avait un design aussi cool ? Vous ne regretterez jamais d'avoir achet\u00e9 cette pi\u00e8ce classique de streetwear avec une poche kangourou confortable et une capuche chaude pour les soir\u00e9es fra\u00eeches.<\/p>\n<p>- Ext\u00e9rieur en coton 100 %<br \/>\n- 65 % coton ring-spun, 35 % polyester<br \/>\n- poche kangourou<br \/>\n- Patch du m\u00eame tissu sur l'envers du v\u00eatement<br \/>\n- Cordon plat assorti<br \/>\n- Capuche \u00e0 3 panneaux<\/p>","protected":false},"excerpt":{"rendered":"<p>Qui aurait cru que le sweat \u00e0 capuche le plus doux que tu aies jamais eu aurait un design aussi cool ? Tu ne regretteras jamais d'avoir achet\u00e9 cette pi\u00e8ce de streetwear classique avec une poche kangourou confortable et une capuche chaude pour les soir\u00e9es fra\u00eeches. - Ext\u00e9rieur en 100 % coton - 65 % coton ring-spun, 35 % polyester - Poche kangourou - Ecusson dans le m\u00eame tissu [...].<\/p>","protected":false},"featured_media":5140,"comment_status":"open","ping_status":"closed","template":"","meta":[],"product_brand":[],"product_cat":[66],"product_tag":[],"class_list":{"0":"post-5121","1":"product","2":"type-product","3":"status-publish","4":"has-post-thumbnail","6":"product_cat-jacken","8":"first","9":"instock","10":"taxable","11":"shipping-taxable","12":"purchasable","13":"product-type-variable"},"_links":{"self":[{"href":"https:\/\/animalpoliceassociation.com\/fr\/wp-json\/wp\/v2\/product\/5121","targetHints":{"allow":["GET"]}}],"collection":[{"href":"https:\/\/animalpoliceassociation.com\/fr\/wp-json\/wp\/v2\/product"}],"about":[{"href":"https:\/\/animalpoliceassociation.com\/fr\/wp-json\/wp\/v2\/types\/product"}],"replies":[{"embeddable":true,"href":"https:\/\/animalpoliceassociation.com\/fr\/wp-json\/wp\/v2\/comments?post=5121"}],"wp:featuredmedia":[{"embeddable":true,"href":"https:\/\/animalpoliceassociation.com\/fr\/wp-json\/wp\/v2\/media\/5140"}],"wp:attachment":[{"href":"https:\/\/animalpoliceassociation.com\/fr\/wp-json\/wp\/v2\/media?parent=5121"}],"wp:term":[{"taxonomy":"product_brand","embeddable":true,"href":"https:\/\/animalpoliceassociation.com\/fr\/wp-json\/wp\/v2\/product_brand?post=5121"},{"taxonomy":"product_cat","embeddable":true,"href":"https:\/\/animalpoliceassociation.com\/fr\/wp-json\/wp\/v2\/product_cat?post=5121"},{"taxonomy":"product_tag","embeddable":true,"href":"https:\/\/animalpoliceassociation.com\/fr\/wp-json\/wp\/v2\/product_tag?post=5121"}],"curies":[{"name":"wp","href":"https:\/\/api.w.org\/{rel}","templated":true}]}}