{"id":5147,"date":"2021-05-02T09:18:00","date_gmt":"2021-05-02T07:18:00","guid":{"rendered":"https:\/\/animalpoliceassociation.com\/produkt\/unisex-tank-top\/"},"modified":"2026-04-20T01:55:16","modified_gmt":"2026-04-19T23:55:16","slug":"unisex-tank-top","status":"publish","type":"product","link":"https:\/\/animalpoliceassociation.com\/fr\/produit\/unisex-tank-top\/","title":{"rendered":"D\u00e9bardeur unisexe"},"content":{"rendered":"<p>Un d\u00e9bardeur unisexe classique et polyvalent. Un classique intemporel pour ceux qui appr\u00e9cient la qualit\u00e9 et la douceur.<\/p>\n<p>- 100 coton peign\u00e9 et fil\u00e9 \u00e0 l'anneau %<br \/>\n- Les tri-m\u00e9langes sont compos\u00e9s de 50 % polyester, 25 % coton peign\u00e9 ring-spun, 25 % viscose.<br \/>\n- Poids du tissu : 142,4 g\/m\u00b2, Triblends : 90,07 g\/m\u00b2.<br \/>\n- 30 Poids du fil simple<br \/>\n- Coutures lat\u00e9rales, tailles unisexes<br \/>\n- Produit brut provenant du Nicaragua, du Honduras, du Guatemala ou des \u00c9tats-Unis.<\/p>","protected":false},"excerpt":{"rendered":"<p>Un d\u00e9bardeur classique unisexe \u00e0 usage g\u00e9n\u00e9ral. Un classique intemporel pour tous ceux qui attachent de l'importance \u00e0 la qualit\u00e9 et \u00e0 la douceur. - 100 % coton peign\u00e9 ring-spun - Les tri-blends sont 50 % polyester, 25 % coton peign\u00e9 ring-spun, 25 % viscose - Poids du tissu : 142,4 g\/m\u00b2, tri-blends : 90,07 g\/m\u00b2 - 30 poids de fil simple - Coutures lat\u00e9rales, tailles unisexes - Produit brut achet\u00e9 au Nicaragua, Honduras, [...].<\/p>","protected":false},"featured_media":5210,"comment_status":"open","ping_status":"closed","template":"","meta":[],"product_brand":[],"product_cat":[66],"product_tag":[],"class_list":{"0":"post-5147","1":"product","2":"type-product","3":"status-publish","4":"has-post-thumbnail","6":"product_cat-jacken","8":"first","9":"instock","10":"taxable","11":"shipping-taxable","12":"purchasable","13":"product-type-variable"},"_links":{"self":[{"href":"https:\/\/animalpoliceassociation.com\/fr\/wp-json\/wp\/v2\/product\/5147","targetHints":{"allow":["GET"]}}],"collection":[{"href":"https:\/\/animalpoliceassociation.com\/fr\/wp-json\/wp\/v2\/product"}],"about":[{"href":"https:\/\/animalpoliceassociation.com\/fr\/wp-json\/wp\/v2\/types\/product"}],"replies":[{"embeddable":true,"href":"https:\/\/animalpoliceassociation.com\/fr\/wp-json\/wp\/v2\/comments?post=5147"}],"wp:featuredmedia":[{"embeddable":true,"href":"https:\/\/animalpoliceassociation.com\/fr\/wp-json\/wp\/v2\/media\/5210"}],"wp:attachment":[{"href":"https:\/\/animalpoliceassociation.com\/fr\/wp-json\/wp\/v2\/media?parent=5147"}],"wp:term":[{"taxonomy":"product_brand","embeddable":true,"href":"https:\/\/animalpoliceassociation.com\/fr\/wp-json\/wp\/v2\/product_brand?post=5147"},{"taxonomy":"product_cat","embeddable":true,"href":"https:\/\/animalpoliceassociation.com\/fr\/wp-json\/wp\/v2\/product_cat?post=5147"},{"taxonomy":"product_tag","embeddable":true,"href":"https:\/\/animalpoliceassociation.com\/fr\/wp-json\/wp\/v2\/product_tag?post=5147"}],"curies":[{"name":"wp","href":"https:\/\/api.w.org\/{rel}","templated":true}]}}