{"id":3,"date":"2020-07-15T09:27:06","date_gmt":"2020-07-15T09:27:06","guid":{"rendered":"https:\/\/animalpoliceassociation.com\/?page_id=3"},"modified":"2023-09-07T08:24:02","modified_gmt":"2023-09-07T06:24:02","slug":"datenschutzerklaerung","status":"publish","type":"page","link":"https:\/\/animalpoliceassociation.com\/it\/datenschutzerklaerung\/","title":{"rendered":"Politica sulla privacy"},"content":{"rendered":"<div data-elementor-type=\"wp-page\" data-elementor-id=\"3\" class=\"elementor elementor-3\" data-elementor-post-type=\"page\">\n\t\t\t\t\t\t<section class=\"elementor-section elementor-top-section elementor-element elementor-element-0a89393 elementor-section-boxed elementor-section-height-default elementor-section-height-default\" data-id=\"0a89393\" data-element_type=\"section\">\n\t\t\t\t\t\t<div class=\"elementor-container elementor-column-gap-default\">\n\t\t\t\t\t<div class=\"elementor-column elementor-col-100 elementor-top-column elementor-element elementor-element-6064daa\" data-id=\"6064daa\" data-element_type=\"column\">\n\t\t\t<div class=\"elementor-widget-wrap elementor-element-populated\">\n\t\t\t\t\t\t<div class=\"elementor-element elementor-element-e06c471 elementor-widget elementor-widget-heading\" data-id=\"e06c471\" data-element_type=\"widget\" data-widget_type=\"heading.default\">\n\t\t\t\t<div class=\"elementor-widget-container\">\n\t\t\t\t\t<h2 class=\"elementor-heading-title elementor-size-default\">POLITICA DELLA PRIVACY<\/h2>\t\t\t\t<\/div>\n\t\t\t\t<\/div>\n\t\t\t\t<div class=\"elementor-element elementor-element-f5ed8ce elementor-widget-divider--view-line elementor-widget elementor-widget-divider\" data-id=\"f5ed8ce\" data-element_type=\"widget\" data-widget_type=\"divider.default\">\n\t\t\t\t<div class=\"elementor-widget-container\">\n\t\t\t\t\t\t\t<div class=\"elementor-divider\">\n\t\t\t<span class=\"elementor-divider-separator\">\n\t\t\t\t\t\t<\/span>\n\t\t<\/div>\n\t\t\t\t\t\t<\/div>\n\t\t\t\t<\/div>\n\t\t\t\t\t<\/div>\n\t\t<\/div>\n\t\t\t\t\t<\/div>\n\t\t<\/section>\n\t\t\t\t<section class=\"elementor-section elementor-top-section elementor-element elementor-element-3b067352 elementor-section-boxed elementor-section-height-default elementor-section-height-default\" data-id=\"3b067352\" data-element_type=\"section\">\n\t\t\t\t\t\t<div class=\"elementor-container elementor-column-gap-default\">\n\t\t\t\t\t<div class=\"elementor-column elementor-col-100 elementor-top-column elementor-element elementor-element-42ae185\" data-id=\"42ae185\" data-element_type=\"column\">\n\t\t\t<div class=\"elementor-widget-wrap elementor-element-populated\">\n\t\t\t\t\t\t<div class=\"elementor-element elementor-element-d9ba2bb elementor-widget elementor-widget-text-editor\" data-id=\"d9ba2bb\" data-element_type=\"widget\" data-widget_type=\"text-editor.default\">\n\t\t\t\t<div class=\"elementor-widget-container\">\n\t\t\t\t\t\t\t\t\t<p><\/p>\n<p class=\"p1\"><b>Disclaimer<\/b><\/p>\n<p class=\"p1\">L'autore non si assume alcuna responsabilit\u00e0 per quanto riguarda la correttezza, l'accuratezza, la tempestivit\u00e0, l'affidabilit\u00e0 e la completezza delle informazioni. I reclami di responsabilit\u00e0 per danni causati dall'uso di qualsiasi informazione fornita, incluso qualsiasi tipo di informazione incompleta o errata, saranno quindi respinti. Tutte le offerte non sono vincolanti. L'autore si riserva espressamente il diritto di cambiare, completare o cancellare parti delle pagine o l'intera offerta senza preavviso o di interrompere la pubblicazione temporaneamente o permanentemente.<\/p>\n<p class=\"p1\"><b>Responsabilit\u00e0 per i link<\/b><\/p>\n<p class=\"p1\">I riferimenti e i link a siti web di terzi sono al di fuori della nostra area di responsabilit\u00e0. Si declina ogni responsabilit\u00e0 per tali siti web. L'accesso e l'uso di tali siti web \u00e8 a rischio e pericolo dell'utente.<\/p>\n<p class=\"p1\"><b>Copyright<\/b><\/p>\n<p class=\"p1\">Il copyright e tutti gli altri diritti sui contenuti, immagini, foto o altri file presenti sul sito web appartengono esclusivamente ai proprietari del sito web. Il contenuto, le immagini, le foto o altri file non possono essere copiati, scaricati o utilizzati per screenshot per scopi propri.<\/p>\n<p class=\"p1\"><b>Dichiarazione sulla protezione dei dati<\/b><\/p>\n<p class=\"p1\">Prendiamo sul serio la protezione della tua privacy. Di seguito vi informiamo in dettaglio sul trattamento dei vostri dati:<\/p>\n<p class=\"p1\">Ogni persona ha diritto al rispetto della sua privacy e alla protezione contro l'uso improprio dei suoi dati personali. Noi rispettiamo queste disposizioni. I dati personali sono trattati in modo strettamente confidenziale e non vengono venduti n\u00e9 trasmessi a terzi. In stretta collaborazione con i nostri fornitori di hosting, ci sforziamo di proteggere al meglio le banche dati da accessi non autorizzati, perdite, abusi o falsificazioni.<\/p>\n<p class=\"p1\">La seguente dichiarazione sulla privacy \u00e8 valida per l'intero sito web del proprietario del sito. Questo include tutti i domini.<\/p>\n<p class=\"p1\"><b>Trattamento dei dati personali<\/b><\/p>\n<p class=\"p1\">I dati personali sono informazioni che possono essere utilizzate per identificare una persona, cio\u00e8 informazioni che possono essere ricondotte a una persona. Questo include il nome, l'indirizzo e-mail o il numero di telefono. Ma anche i dati sulle preferenze, gli hobby, le appartenenze o quali siti web sono stati visti da qualcuno contano come dati personali.<\/p>\n<p class=\"p1\">I dati personali vengono raccolti, utilizzati e trasmessi da noi solo se ci\u00f2 \u00e8 legalmente consentito o se gli utenti acconsentono alla raccolta dei dati; se vengono raccolti dati corrispondenti, questi dati possono essere utilizzati di conseguenza con i fornitori di analisi e monitoraggio.<\/p>\n<p class=\"p1\"><b>Contatta<\/b><\/p>\n<p class=\"p1\">Se ci contattate tramite un modulo sul sito web o via e-mail, i dati che ci fornite saranno memorizzati da noi allo scopo di elaborare la richiesta e in caso di domande successive. Non trasmettiamo questi dati senza il suo consenso.<\/p>\n<p class=\"p1\"><b>Dati di accesso \/ file di log del server<\/b><\/p>\n<p class=\"p1\">Noi (o il nostro provider web) raccogliamo dati su ogni accesso all'offerta (i cosiddetti file di log del server). I dati di accesso includono il nome del sito web visitato, la data e l'ora dell'accesso, il tipo\/versione del browser, il sistema operativo utilizzato, il referrer URL (la pagina precedentemente visitata) e il nome dell'host del computer che accede (indirizzo IP). Il fornitore utilizza i dati di log solo per l'analisi statistica ai fini del funzionamento, della sicurezza e dell'ottimizzazione dell'offerta.<\/p>\n<p class=\"p1\"><b>Cookie<\/b><\/p>\n<p class=\"p1\">I cookie sono piccoli file che permettono di memorizzare informazioni specifiche relative al dispositivo sul dispositivo di accesso dell'utente (PC, smartphone o simili). Da un lato, servono alla facilit\u00e0 d'uso dei siti web e quindi agli utenti (per esempio la memorizzazione dei dati di login). D'altra parte, sono utilizzati per raccogliere dati statistici sull'uso del sito web e per poterli analizzare allo scopo di migliorare l'offerta. Usiamo i cookies per rendere la nostra offerta pi\u00f9 facile da usare. Alcuni cookie rimangono memorizzati sul suo terminale fino a quando non li cancella. Ci permettono di riconoscere il suo browser alla sua prossima visita.<\/p>\n<p class=\"p1\">Gli utenti possono influenzare l'uso dei cookie. La maggior parte dei browser ha un'opzione con la quale si pu\u00f2 limitare o impedire completamente la memorizzazione dei cookie. Tuttavia, si sottolinea che l'uso e in particolare il comfort dell'utente sono limitati senza i cookies.<\/p>\n<p class=\"p1\">Le istruzioni per cancellare i cookie nei browser pi\u00f9 diffusi si trovano qui:<\/p>\n<ul class=\"ul1\">\n<li class=\"li1\">Microsoft Internet Explorer: <a href=\"http:\/\/windows.microsoft.com\/de-DE\/windows-vista\/Block-or-allow-cookies\" target=\"_blank\" rel=\"noopener\"><span class=\"s2\">Istruzioni<\/span><\/a><\/li>\n<li class=\"li1\">Mozilla Firefox: <a href=\"https:\/\/support.mozilla.com\/de\/kb\/cookies-loeschen-daten-von-websites-entfernen\" target=\"_blank\" rel=\"noopener\"><span class=\"s2\">Istruzioni<\/span><\/a><\/li>\n<li class=\"li1\">Google Chrome: <a href=\"https:\/\/support.google.com\/chrome\/answer\/95647?hl=de\" target=\"_blank\" rel=\"noopener\"><span class=\"s2\">Istruzioni<\/span><\/a><\/li>\n<li class=\"li1\">Apple Safari: <a href=\"https:\/\/support.apple.com\/de-ch\/guide\/safari\/sfri11471\/mac\" target=\"_blank\" rel=\"noopener\"><span class=\"s2\">Istruzioni<\/span><\/a><\/li>\n<li class=\"li1\">Opera: <a href=\"http:\/\/help.opera.com\/Windows\/9.10\/de\/cookies.html\" target=\"_blank\" rel=\"noopener\"><span class=\"s2\">Istruzioni<\/span><\/a><\/li>\n<\/ul>\n<p class=\"p1\">In alternativa, \u00e8 possibile disattivare l'uso dei cookie da parte di terzi visitando la pagina di disattivazione della Network Advertising Initiative. <a href=\"http:\/\/www.networkadvertising.org\/managing\/opt_out.asp\" target=\"_blank\" rel=\"noopener\"><span class=\"s3\">http:\/\/www.networkadvertising.org\/managing\/opt_out.asp<\/span><\/a> invocare<\/p>\n<p class=\"p1\"><b>Google Analytics e Google Remarketing<\/b><\/p>\n<p class=\"p1\">Questo sito web utilizza Google Analytics, un servizio di analisi web fornito da Google, Inc. Google Analytics utilizza dei \"cookies\", che sono file di testo collocati sul vostro computer, per aiutare il sito web ad analizzare come gli utenti utilizzano il sito. Le informazioni generate dal cookie sull'uso di questo sito web da parte degli utenti vengono solitamente trasmesse a un server di Google negli Stati Uniti e l\u00ec memorizzate.<\/p>\n<p class=\"p1\">In caso di attivazione dell'anonimizzazione dell'IP su questo sito web, l'indirizzo IP dell'utente sar\u00e0 tuttavia abbreviato in anticipo da Google all'interno degli Stati membri dell'Unione europea o in altri Stati contraenti dell'accordo sullo Spazio economico europeo. Solo in casi eccezionali l'indirizzo IP completo sar\u00e0 trasmesso a un server di Google negli Stati Uniti e l\u00ec abbreviato. L'anonimizzazione dell'IP \u00e8 attiva su questo sito. Per conto del gestore di questo sito web, Google utilizzer\u00e0 queste informazioni allo scopo di valutare l'utilizzo del sito web da parte degli utenti, compilare report sulle attivit\u00e0 del sito web e fornire altri servizi relativi alle attivit\u00e0 del sito web e all'utilizzo di Internet al gestore del sito web.<\/p>\n<p class=\"p1\">L'indirizzo IP trasmesso dal suo browser nell'ambito di Google Analytics non sar\u00e0 unito ad altri dati di Google. Gli utenti possono rifiutare l'uso dei cookies selezionando l'impostazione appropriata sul loro browser, tuttavia si prega di notare che se si fa questo potrebbe non essere in grado di utilizzare tutte le funzionalit\u00e0 di questo sito web. Gli utenti possono anche impedire la raccolta dei dati generati dal cookie e relativi al loro uso del sito web (compreso il vostro indirizzo IP) da parte di Google e il trattamento di questi dati da parte di Google scaricando e installando il plugin del browser disponibile al seguente link: <a href=\"http:\/\/tools.google.com\/dlpage\/gaoptout?hl=de\" target=\"_blank\" rel=\"noopener\"><span class=\"s2\">http:\/\/tools.google.com\/dlpage\/gaoptout?hl=de<\/span><\/a>.<\/p>\n<p class=\"p1\"><b>Analisi di Hotjar<\/b><\/p>\n<p class=\"p1\">Utilizziamo Hotjar per capire meglio le esigenze dei nostri utenti e per ottimizzare l'offerta e l'esperienza su questo sito web. Utilizzando la tecnologia di Hotjar, otteniamo una migliore comprensione delle esperienze dei nostri utenti (ad esempio quanto tempo gli utenti passano su quali pagine, su quali link cliccano, cosa gli piace e cosa no, ecc. Hotjar utilizza i cookie e altre tecnologie per raccogliere dati sul comportamento dei nostri utenti e sui loro dispositivi, in particolare l'indirizzo IP del dispositivo (raccolto e memorizzato solo in forma anonima durante l'utilizzo del sito web), le dimensioni dello schermo, il tipo di dispositivo (identificatori unici del dispositivo), le informazioni sul browser utilizzato, la posizione (solo paese), la lingua preferita per visualizzare il nostro sito web. Hotjar memorizza queste informazioni per nostro conto in un profilo utente pseudonimizzato. Hotjar ha il divieto contrattuale di vendere i dati raccolti per nostro conto.<\/p>\n<p class=\"p1\"><i>Puoi trovare maggiori informazioni nella sezione 'about Hotjar' su\u00a0<\/i><a href=\"https:\/\/help.hotjar.com\/hc\/en-us\/categories\/115001323967-About-Hotjar\" target=\"_blank\" rel=\"noopener\"><span class=\"s2\"><i>Pagina di aiuto di Hotjar<\/i><\/span><\/a><i>.<\/i><\/p>\n<p class=\"p1\"><b>Bing Universal Event Tracking (UET)<\/b><\/p>\n<p class=\"p1\">Sul nostro sito web, i dati vengono raccolti e memorizzati utilizzando le tecnologie di Bing Ads, da cui vengono creati profili di utilizzo utilizzando pseudonimi. Questo \u00e8 un servizio fornito da Microsoft Corporation, One Microsoft Way, Redmond, WA 98052-6399, USA. Questo servizio ci permette di tracciare le attivit\u00e0 degli utenti sul nostro sito web se sono arrivati sul nostro sito tramite annunci di Bing Ads. Se arrivate al nostro sito web attraverso un annuncio di questo tipo, un cookie viene inserito nel vostro computer. Il nostro sito web include un tag Bing UET. Si tratta di un codice che, insieme al cookie, memorizza alcune informazioni non personali sul vostro uso del sito. Questo include, ma non \u00e8 limitato a, la durata del tempo trascorso sul sito web, quali aree del sito web sono state accedute e da quale annuncio l'utente \u00e8 arrivato al sito web. Le informazioni sulla vostra identit\u00e0 non vengono raccolte.<\/p>\n<p class=\"p1\">Le informazioni raccolte vengono trasferite ai server di Microsoft negli Stati Uniti e l\u00ec conservate per un massimo di 180 giorni. Lei pu\u00f2 impedire la raccolta dei dati generati dal cookie e relativi al suo utilizzo del sito web, cos\u00ec come il trattamento di questi dati, disattivando l'impostazione dei cookie. Questo pu\u00f2 limitare la funzionalit\u00e0 del sito web in alcune circostanze.<\/p>\n<p class=\"p1\">Inoltre, Microsoft potrebbe essere in grado di tracciare i modelli di utilizzo dell'utente su pi\u00f9 dispositivi elettronici attraverso il cross-device tracking, che consente a Microsoft di visualizzare annunci personalizzati su o all'interno di siti web e applicazioni Microsoft. Potete disabilitare questo comportamento su http:\/\/choice.microsoft.com\/de-de\/opt-out.<\/p>\n<p class=\"p1\">Per ulteriori informazioni sui servizi di analisi di Bing, visita il sito web di Bing Ads ( <a href=\"https:\/\/help.bingads.microsoft.com\/#apex\/3\/de\/53056\/2\" target=\"_blank\" rel=\"noopener\"><span class=\"s3\">https:\/\/help.bingads.microsoft.com\/#apex\/3\/de\/53056\/2<\/span><\/a> ). Per ulteriori informazioni sulla privacy in Microsoft e Bing, vedere la politica sulla privacy di Microsoft ( <a href=\"https:\/\/privacy.microsoft.com\/de-de\/privacystatement)\" target=\"_blank\" rel=\"noopener\"><span class=\"s2\">https:\/\/privacy.microsoft.com\/de-de\/privacystatement)<\/span><\/a>.<\/p>\n<p class=\"p1\"><b>Facebook Remarketing \/ Retargeting (pubblico personalizzato)<\/b><\/p>\n<p class=\"p1\">Il Facebook Pixel del social network Facebook, 1601 South California Avenue, Palo Alto, CA 94304, USA \u00e8 integrato nelle nostre pagine. Quando visitate le nostre pagine, viene stabilita una connessione diretta tra il vostro browser e il server di Facebook tramite il pixel di Facebook. Facebook riceve cos\u00ec l'informazione che avete visitato il nostro sito con il vostro indirizzo IP. Questo permette a Facebook di assegnare la visita alle nostre pagine al tuo account utente. Possiamo utilizzare le informazioni cos\u00ec ottenute per la visualizzazione di Facebook Ads o per funzionalit\u00e0 di monitoraggio. Vorremmo sottolineare che noi, come fornitore delle pagine, non siamo a conoscenza del contenuto dei dati trasmessi o del loro utilizzo da parte di Facebook. Potete trovare maggiori informazioni su questo nella politica sulla privacy di facebook sotto <a href=\"https:\/\/www.facebook.com\/about\/privacy\/\" target=\"_blank\" rel=\"noopener\"><span class=\"s3\">https:\/\/www.facebook.com\/about\/privacy\/<\/span><\/a> . Se non desideri che i dati vengano raccolti tramite il Custom Audiences, puoi disattivare il Custom Audiences qui.<\/p>\n<p class=\"p1\"><b>LinkedIn Remarketing e Retargeting<\/b><\/p>\n<p class=\"p1\">I tag di Remarketing del social network LinkedIn Corporation, 2029 Stierlin Court, Mountain View, CA 94043, USA sono integrati nelle nostre pagine. Quando visitate le nostre pagine, viene stabilita una connessione diretta tra il vostro browser e il server di LinkedIn tramite i tag di remarketing. LinkedIn riceve cos\u00ec l'informazione che avete visitato il nostro sito con il vostro indirizzo IP. Questo permette a LinkedIn di assegnare la visita alle nostre pagine al tuo account utente. Possiamo utilizzare le informazioni ottenute in questo modo per visualizzare gli annunci di LinkedIn. Vorremmo sottolineare che noi, come fornitore delle pagine, non siamo a conoscenza del contenuto dei dati trasmessi o del loro utilizzo da parte di LinkedIn. Puoi trovare maggiori informazioni su questo nell'informativa sulla privacy di Twitter all'indirizzo <a href=\"https:\/\/www.linkedin.com\/legal\/privacy-policy\" target=\"_blank\" rel=\"noopener\"><span class=\"s2\">https:\/\/www.linkedin.com\/legal\/privacy-policy<\/span><span class=\"s3\"><br \/><\/span><\/a><\/p>\n<p class=\"p1\"><b>Newsletter<\/b><\/p>\n<p class=\"p1\">Hai la possibilit\u00e0 di iscriverti alla nostra newsletter. Per questo abbiamo bisogno del tuo indirizzo e-mail e della tua dichiarazione che accetti di ricevere la newsletter.<\/p>\n<p class=\"p1\">Al momento dell'iscrizione alla newsletter, il suo nome e il suo indirizzo e-mail saranno utilizzati, con il suo consenso, esclusivamente per i nostri scopi pubblicitari fino a quando non si canceller\u00e0 dalla newsletter. La cancellazione \u00e8 possibile in qualsiasi momento attraverso la newsletter stessa o inviandoci un breve messaggio.<\/p>\n<p class=\"p1\"><b>I vostri diritti e contatti<\/b><\/p>\n<p class=\"p1\">In generale, avete diritto ai diritti di informazione, correzione, cancellazione, restrizione, portabilit\u00e0 dei dati, revoca e opposizione. Se avete domande su questo, a cui questa politica sulla privacy non potrebbe rispondere, potete contattarci in qualsiasi momento al seguente indirizzo:<\/p>\n<p class=\"p1\"><b>Responsabilit\u00e0 generale\/ufficio editoriale<br \/><\/b><\/p>\n<h4 class=\"wp-block-heading\">Responsabilit\u00e0 generale\/ufficio editoriale<\/h4>\n<p>Associazione della polizia degli animali<br \/>Societ\u00e0 per il benessere degli animali<br \/>Presidente Farah de Tomi<br \/>Tubo obliquo strada 3<br \/>8952 Schlieren<br \/>Tel.: +41 (0 76 398 09 06<br \/>Email: help@animalpolice.ch<\/p>\n<p class=\"p1\"><b>\u00a0<\/b><\/p>\n<p class=\"p1\"><b>Progettazione e realizzazione tecnica del sito web<\/b><\/p>\n<p class=\"p1\">Brian Gantner<br \/>079 269 3130<br \/><a href=\"mailto:mail@briangantner.ch\">mail@briangantner.ch<\/a><br \/><a href=\"http:\/\/briangantner.ch\" target=\"_blank\" rel=\"noopener\">briangantner.ch<\/a><\/p>\n<p class=\"p1\"><b>Modifica della politica sulla privacy<\/b><\/p>\n<p class=\"p1\">I proprietari del sito web si riservano il diritto di apportare modifiche a questa dichiarazione di protezione dei dati in qualsiasi momento con effetto per il futuro. L'utente \u00e8 pregato di informarsi regolarmente sulla base della rispettiva dichiarazione attuale sulla protezione dei dati.<\/p>\n<p class=\"p1\"><b>Stato della politica sulla privacy: agosto 2023<\/b><\/p>\n<p><\/p>\t\t\t\t\t\t\t\t<\/div>\n\t\t\t\t<\/div>\n\t\t\t\t\t<\/div>\n\t\t<\/div>\n\t\t\t\t\t<\/div>\n\t\t<\/section>\n\t\t\t\t<\/div>","protected":false},"excerpt":{"rendered":"<p>DICHIARAZIONE DI PROTEZIONE DEI DATI Disclaimer L'autore non si assume alcuna responsabilit\u00e0 per quanto riguarda la correttezza, la precisione, l'aggiornamento, l'affidabilit\u00e0 e la completezza delle informazioni. I reclami di responsabilit\u00e0 per danni causati dall'uso di qualsiasi informazione fornita, incluso qualsiasi tipo di informazione incompleta o errata, saranno quindi respinti. Tutte le offerte sono [...]<\/p>","protected":false},"author":3,"featured_media":0,"parent":0,"menu_order":0,"comment_status":"closed","ping_status":"open","template":"elementor_header_footer","meta":{"footnotes":""},"class_list":["post-3","page","type-page","status-publish","hentry"],"_links":{"self":[{"href":"https:\/\/animalpoliceassociation.com\/it\/wp-json\/wp\/v2\/pages\/3","targetHints":{"allow":["GET"]}}],"collection":[{"href":"https:\/\/animalpoliceassociation.com\/it\/wp-json\/wp\/v2\/pages"}],"about":[{"href":"https:\/\/animalpoliceassociation.com\/it\/wp-json\/wp\/v2\/types\/page"}],"author":[{"embeddable":true,"href":"https:\/\/animalpoliceassociation.com\/it\/wp-json\/wp\/v2\/users\/3"}],"replies":[{"embeddable":true,"href":"https:\/\/animalpoliceassociation.com\/it\/wp-json\/wp\/v2\/comments?post=3"}],"version-history":[{"count":7,"href":"https:\/\/animalpoliceassociation.com\/it\/wp-json\/wp\/v2\/pages\/3\/revisions"}],"predecessor-version":[{"id":6210,"href":"https:\/\/animalpoliceassociation.com\/it\/wp-json\/wp\/v2\/pages\/3\/revisions\/6210"}],"wp:attachment":[{"href":"https:\/\/animalpoliceassociation.com\/it\/wp-json\/wp\/v2\/media?parent=3"}],"curies":[{"name":"wp","href":"https:\/\/api.w.org\/{rel}","templated":true}]}}