{"id":4430,"date":"2021-05-01T12:50:43","date_gmt":"2021-05-01T10:50:43","guid":{"rendered":"https:\/\/animalpoliceassociation.com\/?page_id=4430"},"modified":"2021-05-01T12:52:30","modified_gmt":"2021-05-01T10:52:30","slug":"agbs","status":"publish","type":"page","link":"https:\/\/animalpoliceassociation.com\/it\/agbs\/","title":{"rendered":"GTC"},"content":{"rendered":"<div data-elementor-type=\"wp-page\" data-elementor-id=\"4430\" class=\"elementor elementor-4430\" data-elementor-post-type=\"page\">\n\t\t\t\t\t\t<section class=\"elementor-section elementor-top-section elementor-element elementor-element-0a89393 elementor-section-boxed elementor-section-height-default elementor-section-height-default\" data-id=\"0a89393\" data-element_type=\"section\">\n\t\t\t\t\t\t<div class=\"elementor-container elementor-column-gap-default\">\n\t\t\t\t\t<div class=\"elementor-column elementor-col-100 elementor-top-column elementor-element elementor-element-6064daa\" data-id=\"6064daa\" data-element_type=\"column\">\n\t\t\t<div class=\"elementor-widget-wrap elementor-element-populated\">\n\t\t\t\t\t\t<div class=\"elementor-element elementor-element-e06c471 elementor-widget elementor-widget-heading\" data-id=\"e06c471\" data-element_type=\"widget\" data-widget_type=\"heading.default\">\n\t\t\t\t<div class=\"elementor-widget-container\">\n\t\t\t\t\t<h2 class=\"elementor-heading-title elementor-size-default\">termini e condizioni generali<\/h2>\t\t\t\t<\/div>\n\t\t\t\t<\/div>\n\t\t\t\t<div class=\"elementor-element elementor-element-f5ed8ce elementor-widget-divider--view-line elementor-widget elementor-widget-divider\" data-id=\"f5ed8ce\" data-element_type=\"widget\" data-widget_type=\"divider.default\">\n\t\t\t\t<div class=\"elementor-widget-container\">\n\t\t\t\t\t\t\t<div class=\"elementor-divider\">\n\t\t\t<span class=\"elementor-divider-separator\">\n\t\t\t\t\t\t<\/span>\n\t\t<\/div>\n\t\t\t\t\t\t<\/div>\n\t\t\t\t<\/div>\n\t\t\t\t\t<\/div>\n\t\t<\/div>\n\t\t\t\t\t<\/div>\n\t\t<\/section>\n\t\t\t\t<section class=\"elementor-section elementor-top-section elementor-element elementor-element-3b067352 elementor-section-boxed elementor-section-height-default elementor-section-height-default\" data-id=\"3b067352\" data-element_type=\"section\">\n\t\t\t\t\t\t<div class=\"elementor-container elementor-column-gap-default\">\n\t\t\t\t\t<div class=\"elementor-column elementor-col-100 elementor-top-column elementor-element elementor-element-42ae185\" data-id=\"42ae185\" data-element_type=\"column\">\n\t\t\t<div class=\"elementor-widget-wrap elementor-element-populated\">\n\t\t\t\t\t\t<div class=\"elementor-element elementor-element-d9ba2bb elementor-widget elementor-widget-text-editor\" data-id=\"d9ba2bb\" data-element_type=\"widget\" data-widget_type=\"text-editor.default\">\n\t\t\t\t<div class=\"elementor-widget-container\">\n\t\t\t\t\t\t\t\t\t\n<p style=\"margin: 0in; font-family: 'Helvetica Neue'; font-size: 9.75pt;\"><span lang=\"de\" style=\"font-weight: bold;\">1.<\/span> <span lang=\"de\" style=\"font-weight: bold;\">Portata<\/span><\/p>\n<p style=\"margin: 0in; font-family: 'Helvetica Neue'; font-size: 9.75pt;\"><span lang=\"de\">Questi termini e condizioni generali<\/span><span lang=\"de-CH\">\u00a0 <\/span><span lang=\"de\">(\"GTC\") si applicano a tutta l'attivit\u00e0 della societ\u00e0 indicata di seguito.<\/span><\/p>\n<p lang=\"de-CH\" style=\"margin: 0in; font-family: Calibri; font-size: 11.0pt;\">\u00a0<\/p>\n<p style=\"margin: 0in; font-family: 'Helvetica Neue'; font-size: 9.75pt;\"><span style=\"font-weight: bold;\">Responsabilit\u00e0 generale\/ufficio editoriale<\/span><\/p>\n<p style=\"margin: 0in; font-family: 'Helvetica Neue'; font-size: 9.75pt;\">Associazione della polizia degli animali<br \/>Tubo obliquo strada 3<br \/>8952 Schlieren ZH<br \/><a href=\"tel:0792693130\">079 269 31 30<\/a><br \/><a href=\"mailto:help@animalpolice.ch\">help@animalpolice.ch<\/a><\/p>\n<p lang=\"de-CH\" style=\"margin: 0in; font-family: Calibri; font-size: 11.0pt;\">\u00a0<\/p>\n<p style=\"margin: 0in; font-family: 'Helvetica Neue'; font-size: 9.75pt;\"><span style=\"font-weight: bold;\">Progettazione e realizzazione tecnica del sito web<\/span><\/p>\n<p style=\"margin: 0in; font-family: 'Helvetica Neue'; font-size: 9.75pt;\">Focus Internet<\/p>\n<p style=\"margin: 0in; font-family: 'Helvetica Neue'; font-size: 9.75pt;\">Tubo obliquo strada 3<\/p>\n<p style=\"margin: 0in; font-family: 'Helvetica Neue'; font-size: 9.75pt;\">8952 Schlieren ZH<\/p>\n<p style=\"margin: 0in; font-family: 'Helvetica Neue'; font-size: 9.75pt;\">056 450 98 40<\/p>\n<p style=\"margin: 0in;\"><a href=\"mailto:hello@focus-internet.ch\"><span lang=\"de\" style=\"font-family: 'Helvetica Neue'; font-size: 9.75pt;\">hello@focus-internet.ch<\/span><\/a><span lang=\"de-CH\" style=\"font-family: 'Helvetica Neue'; font-size: 9.75pt;\">\u00a0 <\/span><span lang=\"de\" style=\"font-family: 'Helvetica Neue'; font-size: 9.75pt;\">\u00a0 \u00a0 \u00a0 \u00a0 \u00a0 \u00a0 \u00a0 \u00a0 \u00a0 \u00a0 \u00a0 <\/span><\/p>\n<p style=\"margin: 0in;\"><a href=\"mailto:sales@focus-internet.ch\"><span lang=\"de\" style=\"font-family: 'Helvetica Neue'; font-size: 9.75pt;\">sales@focus-internet.ch<\/span><\/a><\/p>\n<p style=\"margin: 0in;\"><a href=\"http:\/\/www.focus-internet.com\" target=\"_blank\" rel=\"noopener\"><span lang=\"de\" style=\"font-family: 'Helvetica Neue'; font-size: 9.75pt;\">www.focus-internet.com<\/span><\/a><span lang=\"de-CH\" style=\"font-family: 'Helvetica Neue'; font-size: 9.75pt;\">\u00a0<\/span><\/p>\n<p lang=\"de-CH\" style=\"margin: 0in; font-family: Calibri; font-size: 11.0pt;\">\u00a0<\/p>\n<p lang=\"de-CH\" style=\"margin: 0in; font-family: Calibri; font-size: 11.0pt;\">\u00a0<\/p>\n<p style=\"margin: 0in; font-family: 'Helvetica Neue'; font-size: 9.75pt;\"><span lang=\"de\" style=\"font-weight: bold;\">2.<\/span> <span lang=\"de\" style=\"font-weight: bold;\">Conclusione del contratto<\/span><\/p>\n<p style=\"margin: 0in; font-family: 'Helvetica Neue'; font-size: 9.75pt;\"><span lang=\"de\">Il contratto si conclude con la conferma dell'azienda sull'accordo relativo all'acquisto di prodotti<\/span><span lang=\"de-CH\">\u00a0 <\/span><span lang=\"de\">e\/o servizi da parte del cliente.<\/span><span lang=\"de-CH\">\u00a0<\/span><\/p>\n<p style=\"margin: 0in; font-family: 'Helvetica Neue'; font-size: 9.75pt;\">Il contratto si conclude anche quando il cliente utilizza i servizi offerti dalla societ\u00e0 e\/o ordina prodotti tramite il negozio online della societ\u00e0 o li acquista direttamente.<\/p>\n<p lang=\"de-CH\" style=\"margin: 0in; font-family: Calibri; font-size: 11.0pt;\">\u00a0<\/p>\n<p style=\"margin: 0in; font-family: 'Helvetica Neue'; font-size: 9.75pt;\"><span lang=\"de\" style=\"font-weight: bold;\">3.<\/span> <span lang=\"de\" style=\"font-weight: bold;\">Prezzi<\/span><\/p>\n<p style=\"margin: 0in; font-family: 'Helvetica Neue'; font-size: 9.75pt;\">Se non diversamente indicato, tutti i prezzi sono in franchi svizzeri (CHF). Tutti i prezzi sono al netto dell'imposta sul valore aggiunto (IVA) applicabile.<\/p>\n<p style=\"margin: 0in; font-family: 'Helvetica Neue'; font-size: 9.75pt;\">I prezzi sono al netto di qualsiasi altra tassa applicabile ed esclusi i costi di imballaggio e spedizione.<\/p>\n<p style=\"margin: 0in; font-family: 'Helvetica Neue'; font-size: 9.75pt;\"><span lang=\"de\">L'azienda si riserva il diritto di modificare i prezzi in qualsiasi momento.<\/span><span lang=\"de-CH\">\u00a0 <\/span><span lang=\"de\">Si applicano i prezzi secondo il listino prezzi dell'azienda valido al momento della conclusione del contratto.<\/span><\/p>\n<p lang=\"de-CH\" style=\"margin: 0in; font-family: Calibri; font-size: 11.0pt;\">\u00a0<\/p>\n<p style=\"margin: 0in; font-family: 'Helvetica Neue'; font-size: 9.75pt;\"><span lang=\"de\" style=\"font-weight: bold;\">4.<\/span> <span lang=\"de\" style=\"font-weight: bold;\">Pagamento<\/span><\/p>\n<p style=\"margin: 0in; font-family: 'Helvetica Neue'; font-size: 9.75pt;\"><span lang=\"de\">Il cliente \u00e8 obbligato a pagare l'importo fatturato entro<\/span><span lang=\"de-CH\">\u00a0 <\/span><span lang=\"de\">30 giorni dalla data della fattura.<\/span><span lang=\"de-CH\">\u00a0<\/span><\/p>\n<p style=\"margin: 0in; font-family: 'Helvetica Neue'; font-size: 9.75pt;\"><span lang=\"de\">Se la fattura non viene pagata entro il suddetto termine di pagamento, il cliente sar\u00e0 avvertito. Se il cliente non salda la fattura entro il periodo di sollecito stabilito, sar\u00e0 automaticamente in mora.<\/span><span lang=\"de-CH\">\u00a0<\/span><\/p>\n<p style=\"margin: 0in; font-family: 'Helvetica Neue'; font-size: 9.75pt;\"><span lang=\"de\">Se l'azienda offre anche prodotti per l'acquisto, il noleggio o altri usi attraverso una piattaforma online, pu\u00f2 anche richiedere il pagamento con mezzi elettronici come parte del processo di ordinazione (carte di credito, Paypal o altri sistemi di pagamento).<\/span><span lang=\"de-CH\">\u00a0<\/span><\/p>\n<p lang=\"de-CH\" style=\"margin: 0in; font-family: Calibri; font-size: 11.0pt;\">\u00a0<\/p>\n<p style=\"margin: 0in; font-family: 'Helvetica Neue'; font-size: 9.75pt;\"><span lang=\"de\" style=\"font-weight: bold;\">5.<\/span> <span lang=\"de\" style=\"font-weight: bold;\">Doveri della societ\u00e0<\/span><\/p>\n<p lang=\"de-CH\" style=\"margin: 0in; font-family: Calibri; font-size: 11.0pt;\">\u00a0<\/p>\n<p style=\"margin: 0in; font-family: 'Helvetica Neue'; font-size: 9.75pt;\"><span lang=\"de\">5.1.<\/span> <span lang=\"de\">Consegna \/ Date di consegna<\/span><\/p>\n<p style=\"margin: 0in; font-family: 'Helvetica Neue'; font-size: 9.75pt;\"><span lang=\"de\">La consegna sar\u00e0 effettuata entro i giorni specificati al momento dell'acquisto dopo il ricevimento dell'ordine. Se la consegna non \u00e8 possibile in tempo, la Societ\u00e0 informer\u00e0 il Cliente entro i giorni lavorativi specificati al momento dell'acquisto dopo il ricevimento dell'ordine e verr\u00e0 comunicata la nuova data di consegna.<\/span><span lang=\"de-CH\">\u00a0<\/span><\/p>\n<p lang=\"de-CH\" style=\"margin: 0in; font-family: Calibri; font-size: 11.0pt;\">\u00a0<\/p>\n<p style=\"margin: 0in; font-family: 'Helvetica Neue'; font-size: 9.75pt;\"><span lang=\"de\">5.2.<\/span> <span lang=\"de\">Fornitura di servizi<\/span><\/p>\n<p style=\"margin: 0in; font-family: 'Helvetica Neue'; font-size: 9.75pt;\"><span lang=\"de\">A meno che non sia stato concordato diversamente, la Societ\u00e0 adempie ai suoi obblighi fornendo il servizio concordato. Se non vengono concordate ulteriori disposizioni, il luogo di esecuzione sar\u00e0 la sede legale della Societ\u00e0.<\/span><span lang=\"de-CH\">\u00a0<\/span><\/p>\n<p lang=\"de-CH\" style=\"margin: 0in; font-family: Calibri; font-size: 11.0pt;\">\u00a0<\/p>\n<p style=\"margin: 0in; font-family: 'Helvetica Neue'; font-size: 9.75pt;\"><span lang=\"de\" style=\"font-weight: bold;\">6.<\/span> <span lang=\"de\" style=\"font-weight: bold;\">Obblighi del cliente<\/span><span lang=\"de-CH\" style=\"font-weight: bold;\">\u00a0<\/span><\/p>\n<p style=\"margin: 0in; font-family: 'Helvetica Neue'; font-size: 9.75pt;\"><span lang=\"de\">Il Cliente \u00e8 obbligato a prendere tutte le disposizioni necessarie per la fornitura del servizio da parte della Societ\u00e0 senza ritardo. Il cliente deve effettuare le disposizioni nel luogo concordato, all'ora concordata e nella misura concordata. A seconda delle circostanze, questo pu\u00f2 includere la fornitura di informazioni e documentazione appropriate alla Societ\u00e0.<\/span><span lang=\"de-CH\">\u00a0 \u00a0 \u00a0<\/span><\/p>\n<p style=\"margin: 0in; font-family: 'Helvetica Neue'; font-size: 9.75pt;\">\u00a0\u00a0<\/p>\n<p style=\"margin: 0in; font-family: 'Helvetica Neue'; font-size: 9.75pt;\"><span lang=\"de\" style=\"font-weight: bold;\">7.<\/span> <span lang=\"de\" style=\"font-weight: bold;\">Dimissioni<\/span><\/p>\n<p style=\"margin: 0in; font-family: 'Helvetica Neue'; font-size: 9.75pt;\"><span lang=\"de\">Entrambe le parti hanno il diritto di recedere dal contratto in qualsiasi momento. L'altra parte deve essere completamente compensata per le spese gi\u00e0 sostenute. Il ritiro in momenti inopportuni non \u00e8 permesso e qualsiasi richiesta di risarcimento rimane riservata.<\/span><span lang=\"de-CH\">\u00a0 <\/span><\/p>\n<p lang=\"de-CH\" style=\"margin: 0in; font-family: Calibri; font-size: 11.0pt;\">\u00a0<\/p>\n<p style=\"margin: 0in; font-family: 'Helvetica Neue'; font-size: 9.75pt;\"><span lang=\"de\" style=\"font-weight: bold;\">8.<\/span> <span lang=\"de\" style=\"font-weight: bold;\">Scambio<\/span><span lang=\"de-CH\" style=\"font-weight: bold;\">\u00a0<\/span><\/p>\n<p style=\"margin: 0in; font-family: 'Helvetica Neue'; font-size: 9.75pt;\">Uno scambio di prodotti \u00e8 generalmente escluso.<\/p>\n<p lang=\"de-CH\" style=\"margin: 0in; font-family: Calibri; font-size: 11.0pt;\">\u00a0<\/p>\n<p style=\"margin: 0in; font-family: 'Helvetica Neue'; font-size: 9.75pt;\"><span lang=\"de\" style=\"font-weight: bold;\">9.<\/span> <span lang=\"de\" style=\"font-weight: bold;\">Dimissioni<\/span><\/p>\n<p style=\"margin: 0in; font-family: 'Helvetica Neue'; font-size: 9.75pt;\">Il cliente ha il diritto di revocare il contratto entro [...] giorni dall'invio dell'ordine per iscritto o implicitamente restituendo i prodotti. Per rispettare il periodo di revoca, \u00e8 sufficiente inviare la revoca o il prodotto in tempo. In caso di revoca, il cliente dovr\u00e0 sostenere i costi della spedizione di ritorno. In caso di revoca effettiva, i servizi ricevuti da entrambe le parti saranno rimborsati. I prodotti devono essere restituiti nella loro confezione originale, altrimenti il Cliente dovr\u00e0 risarcire completamente la Societ\u00e0 per qualsiasi danno causato dall'apertura della confezione o dal danneggiamento del prodotto.<\/p>\n<p lang=\"de-CH\" style=\"margin: 0in; font-family: Calibri; font-size: 11.0pt;\">\u00a0<\/p>\n<p style=\"margin: 0in; font-family: 'Helvetica Neue'; font-size: 9.75pt;\"><span lang=\"de\" style=\"font-weight: bold;\">10.<\/span> <span lang=\"de\" style=\"font-weight: bold;\">Garanzia<\/span><\/p>\n<p style=\"margin: 0in; font-family: 'Helvetica Neue'; font-size: 9.75pt;\">Si applicano le disposizioni di garanzia previste dalla legge.<\/p>\n<p style=\"margin: 0in; font-family: 'Helvetica Neue'; font-size: 9.75pt;\">Qualsiasi difetto deve essere segnalato immediatamente all'azienda. Spetta all'azienda decidere se il prodotto difettoso sar\u00e0 riparato o sostituito. Solo se una sostituzione o una riparazione non \u00e8 possibile, il cliente ha diritto a una riduzione o a un rimborso del prezzo di acquisto. La richiesta di rimborso delle spese nel caso di riparazioni da parte di terzi \u00e8 esclusa. Durante il periodo di riparazione, il cliente non ha diritto a un prodotto sostitutivo<\/p>\n<p lang=\"de-CH\" style=\"margin: 0in; font-family: Calibri; font-size: 11.0pt;\">\u00a0<\/p>\n<p style=\"margin: 0in; font-family: 'Helvetica Neue'; font-size: 9.75pt;\"><span lang=\"de\" style=\"font-weight: bold;\">11.<\/span> <span lang=\"de\" style=\"font-weight: bold;\">Responsabilit\u00e0<\/span><\/p>\n<p style=\"margin: 0in; font-family: 'Helvetica Neue'; font-size: 9.75pt;\">La responsabilit\u00e0 per qualsiasi danno indiretto e consequenziale \u00e8 completamente esclusa.<\/p>\n<p style=\"margin: 0in; font-family: 'Helvetica Neue'; font-size: 9.75pt;\">La responsabilit\u00e0 per i danni diretti \u00e8 limitata a CHF [...]. Questa limitazione di responsabilit\u00e0 non si applica ai danni diretti causati da grave negligenza o dolo.<\/p>\n<p style=\"margin: 0in; font-family: 'Helvetica Neue'; font-size: 9.75pt;\"><span lang=\"de\">Il cliente \u00e8 obbligato a segnalare immediatamente qualsiasi danno all'azienda.<\/span><span lang=\"de-CH\">\u00a0<\/span><\/p>\n<p style=\"margin: 0in; font-family: 'Helvetica Neue'; font-size: 9.75pt;\">Qualsiasi responsabilit\u00e0 per le persone ausiliarie \u00e8 completamente esclusa.<\/p>\n<p lang=\"de-CH\" style=\"margin: 0in; font-family: Calibri; font-size: 11.0pt;\">\u00a0<\/p>\n<p style=\"margin: 0in; font-family: 'Helvetica Neue'; font-size: 9.75pt;\"><span lang=\"de\" style=\"font-weight: bold;\">12.<\/span> <span lang=\"de\" style=\"font-weight: bold;\">Protezione dei dati<\/span><\/p>\n<p style=\"margin: 0in; font-family: 'Helvetica Neue'; font-size: 9.75pt;\">La Societ\u00e0 pu\u00f2 elaborare e utilizzare i dati registrati nell'ambito della conclusione del contratto per l'adempimento degli obblighi derivanti dal contratto. La Societ\u00e0 adotter\u00e0 le misure necessarie per proteggere i dati in conformit\u00e0 con le disposizioni di legge. Il Cliente \u00e8 pienamente d'accordo con l'immagazzinamento e l'uso contrattuale dei suoi dati da parte della Compagnia ed \u00e8 consapevole che la Compagnia \u00e8 obbligata e autorizzata a divulgare le informazioni del Cliente a questi o a terzi su ordine di tribunali o autorit\u00e0. Se il Cliente non l'ha espressamente vietato, la Compagnia pu\u00f2 utilizzare i dati per scopi di marketing.<\/p>\n<p lang=\"de-CH\" style=\"margin: 0in; font-family: Calibri; font-size: 11.0pt;\">\u00a0<\/p>\n<p style=\"margin: 0in; font-family: 'Helvetica Neue'; font-size: 9.75pt;\"><span lang=\"de\" style=\"font-weight: bold;\">13.<\/span> <span lang=\"de\" style=\"font-weight: bold;\">Cambiamenti<\/span><\/p>\n<p style=\"margin: 0in; font-family: 'Helvetica Neue'; font-size: 9.75pt;\"><span lang=\"de\">Questi termini e condizioni possono essere modificati dalla Societ\u00e0 in qualsiasi momento.<\/span><span lang=\"de-CH\">\u00a0<\/span><\/p>\n<p style=\"margin: 0in; font-family: 'Helvetica Neue'; font-size: 9.75pt;\">La nuova versione entra in vigore attraverso la pubblicazione sul sito web della societ\u00e0.<\/p>\n<p lang=\"de-CH\" style=\"margin: 0in; font-family: Calibri; font-size: 11.0pt;\">\u00a0<\/p>\n<p style=\"margin: 0in; font-family: 'Helvetica Neue'; font-size: 9.75pt;\"><span lang=\"de\" style=\"font-weight: bold;\">14.<\/span> <span lang=\"de\" style=\"font-weight: bold;\">Priorit\u00e0<\/span><span lang=\"de-CH\" style=\"font-weight: bold;\">\u00a0<\/span><\/p>\n<p style=\"margin: 0in; font-family: 'Helvetica Neue'; font-size: 9.75pt;\">Queste CG hanno la precedenza su tutte le disposizioni e i contratti precedenti. Solo le disposizioni dei contratti individuali, che specificano ancora le disposizioni di queste CGC, hanno la precedenza su queste CGC.<\/p>\n<p lang=\"de-CH\" style=\"margin: 0in; font-family: Calibri; font-size: 11.0pt;\">\u00a0<\/p>\n<p style=\"margin: 0in; font-family: 'Helvetica Neue'; font-size: 9.75pt;\"><span lang=\"de\" style=\"font-weight: bold;\">15.<\/span> <span lang=\"de\" style=\"font-weight: bold;\">clausola di separabilit\u00e0<\/span><\/p>\n<p style=\"margin: 0in; font-family: 'Helvetica Neue'; font-size: 9.75pt;\"><span style=\"font-style: italic;\">Se una disposizione del presente contratto o un suo allegato \u00e8 o diventa invalida, ci\u00f2 non pregiudica la validit\u00e0 del resto del contratto. Le parti contraenti sostituiscono la disposizione invalida con una disposizione valida che si avvicini il pi\u00f9 possibile allo scopo economico previsto dalla disposizione invalida. Lo stesso vale anche per eventuali lacune nel contratto.<\/span><\/p>\n<p lang=\"de-CH\" style=\"margin: 0in; font-family: Calibri; font-size: 11.0pt;\">\u00a0<\/p>\n<p style=\"margin: 0in; font-family: 'Helvetica Neue'; font-size: 9.75pt;\"><span lang=\"de\" style=\"font-weight: bold;\">16.<\/span> <span lang=\"de\" style=\"font-weight: bold;\">Legge applicabile \/ luogo di giurisdizione<\/span><\/p>\n<p style=\"margin: 0in; font-family: 'Helvetica Neue'; font-size: 9.75pt;\"><span lang=\"de\">Le presenti CG sono soggette al diritto svizzero. Nella misura in cui non prevalgono disposizioni legali obbligatorie, il tribunale della sede legale della societ\u00e0 \u00e8 competente. La Convenzione delle Nazioni Unite sui contratti di vendita internazionale di merci (SR 0.221.221.1) \u00e8 esplicitamente esclusa.<\/span><span lang=\"de-CH\" style=\"font-weight: bold;\">\u00a0<\/span><\/p>\n\t\t\t\t\t\t\t\t<\/div>\n\t\t\t\t<\/div>\n\t\t\t\t\t<\/div>\n\t\t<\/div>\n\t\t\t\t\t<\/div>\n\t\t<\/section>\n\t\t\t\t<\/div>","protected":false},"excerpt":{"rendered":"<p>Condizioni generali di contratto 1. Ambito di applicazione Le presenti condizioni generali di contratto (\"CG\") si applicano all'intera attivit\u00e0 dell'azienda indicata di seguito.   Responsabilit\u00e0 generale\/editoriale Associazione di polizia animaleUnterrohrstrasse 38952 Schlieren ZH079 269 31 30help@animalpolice.ch Design e realizzazione tecnica Sito web Focus Internet Unterrohrstrasse 3 8952 Schlieren ZH 056 450 98 40 hello@focus-internet.ch [...]<\/p>","protected":false},"author":3,"featured_media":0,"parent":0,"menu_order":0,"comment_status":"closed","ping_status":"open","template":"elementor_header_footer","meta":{"footnotes":""},"class_list":["post-4430","page","type-page","status-publish","hentry"],"_links":{"self":[{"href":"https:\/\/animalpoliceassociation.com\/it\/wp-json\/wp\/v2\/pages\/4430","targetHints":{"allow":["GET"]}}],"collection":[{"href":"https:\/\/animalpoliceassociation.com\/it\/wp-json\/wp\/v2\/pages"}],"about":[{"href":"https:\/\/animalpoliceassociation.com\/it\/wp-json\/wp\/v2\/types\/page"}],"author":[{"embeddable":true,"href":"https:\/\/animalpoliceassociation.com\/it\/wp-json\/wp\/v2\/users\/3"}],"replies":[{"embeddable":true,"href":"https:\/\/animalpoliceassociation.com\/it\/wp-json\/wp\/v2\/comments?post=4430"}],"version-history":[{"count":0,"href":"https:\/\/animalpoliceassociation.com\/it\/wp-json\/wp\/v2\/pages\/4430\/revisions"}],"wp:attachment":[{"href":"https:\/\/animalpoliceassociation.com\/it\/wp-json\/wp\/v2\/media?parent=4430"}],"curies":[{"name":"wp","href":"https:\/\/api.w.org\/{rel}","templated":true}]}}