{"id":4927,"date":"2021-05-02T00:04:01","date_gmt":"2021-05-01T22:04:01","guid":{"rendered":"https:\/\/animalpoliceassociation.com\/produkt\/kurzaermeliges-unisex-t-shirt\/"},"modified":"2024-11-02T00:04:56","modified_gmt":"2024-11-01T23:04:56","slug":"kurzaermeliges-unisex-t-shirt","status":"publish","type":"product","link":"https:\/\/animalpoliceassociation.com\/it\/prodotto\/kurzaermeliges-unisex-t-shirt\/","title":{"rendered":"Maglietta unisex a manica corta"},"content":{"rendered":"<p>Questa maglietta \u00e8 tutto ci\u00f2 che hai sognato e anche di pi\u00f9. \u00c8 morbido e leggero, con il perfetto equilibrio tra elasticit\u00e0 e stabilit\u00e0. \u00c8 comodo e lusinghiero sia per gli uomini che per le donne.<\/p>\n<p>- 100 % cotone pettinato e filato ad anelli (i colori Heather contengono poliestere)<br \/>\n- I colori della cenere sono 99 % cotone pettinato e filato ad anelli, 1 % poliestere<br \/>\n- I colori dell'erica sono 52 % cotone pettinato e filato ad anelli, 48 % poliestere<br \/>\n- Athletic e Black Heather sono 90 % di cotone pettinato e filato ad anelli, 10 % di poliestere.<br \/>\n- I colori Heather Prism sono 99 % cotone pettinato e filato ad anelli, 1 % poliestere<br \/>\n- Peso del tessuto: 142 g\/m\u00b2 <br \/>\n- Materiale pre-ristretto<br \/>\n- Taping da spalla a spalla<br \/>\n- Cucitura laterale<\/p>","protected":false},"excerpt":{"rendered":"<p>Questa maglietta \u00e8 tutto ci\u00f2 che hai sognato e anche di pi\u00f9. \u00c8 morbido e leggero, con il perfetto equilibrio tra elasticit\u00e0 e stabilit\u00e0. \u00c8 comodo e lusinghiero per uomini e donne. - 100 % cotone pettinato e filato ad anelli (i colori Heather contengono poliestere) - I colori Ash sono 99 % cotone pettinato e filato ad anelli [...]<\/p>","protected":false},"featured_media":5472,"comment_status":"open","ping_status":"closed","template":"","meta":[],"product_brand":[],"product_cat":[28],"product_tag":[],"class_list":{"0":"post-4927","1":"product","2":"type-product","3":"status-publish","4":"has-post-thumbnail","6":"product_cat-unkategorisiert","8":"first","9":"instock","10":"taxable","11":"shipping-taxable","12":"purchasable","13":"product-type-variable"},"_links":{"self":[{"href":"https:\/\/animalpoliceassociation.com\/it\/wp-json\/wp\/v2\/product\/4927","targetHints":{"allow":["GET"]}}],"collection":[{"href":"https:\/\/animalpoliceassociation.com\/it\/wp-json\/wp\/v2\/product"}],"about":[{"href":"https:\/\/animalpoliceassociation.com\/it\/wp-json\/wp\/v2\/types\/product"}],"replies":[{"embeddable":true,"href":"https:\/\/animalpoliceassociation.com\/it\/wp-json\/wp\/v2\/comments?post=4927"}],"wp:featuredmedia":[{"embeddable":true,"href":"https:\/\/animalpoliceassociation.com\/it\/wp-json\/wp\/v2\/media\/5472"}],"wp:attachment":[{"href":"https:\/\/animalpoliceassociation.com\/it\/wp-json\/wp\/v2\/media?parent=4927"}],"wp:term":[{"taxonomy":"product_brand","embeddable":true,"href":"https:\/\/animalpoliceassociation.com\/it\/wp-json\/wp\/v2\/product_brand?post=4927"},{"taxonomy":"product_cat","embeddable":true,"href":"https:\/\/animalpoliceassociation.com\/it\/wp-json\/wp\/v2\/product_cat?post=4927"},{"taxonomy":"product_tag","embeddable":true,"href":"https:\/\/animalpoliceassociation.com\/it\/wp-json\/wp\/v2\/product_tag?post=4927"}],"curies":[{"name":"wp","href":"https:\/\/api.w.org\/{rel}","templated":true}]}}