{"id":5103,"date":"2021-05-02T08:35:43","date_gmt":"2021-05-02T06:35:43","guid":{"rendered":"https:\/\/animalpoliceassociation.com\/produkt\/lange-allover-sport-shorts-fuer-herren\/"},"modified":"2025-09-21T12:46:45","modified_gmt":"2025-09-21T10:46:45","slug":"lange-allover-sport-shorts-fuer-herren","status":"publish","type":"product","link":"https:\/\/animalpoliceassociation.com\/it\/prodotto\/lange-allover-sport-shorts-fuer-herren\/","title":{"rendered":"Pantaloncini sportivi lunghi a quadretti per uomo"},"content":{"rendered":"<p>Scegliere il giusto abbigliamento per il fitness pu\u00f2 essere un'impresa. Non con questi pantaloncini pi\u00f9 lunghi, per\u00f2. Basta infilarli e andare a correre, nuotare, sollevare pesi o qualsiasi altra cosa vi venga in mente. Questi pantaloncini non vi lasceranno in sospeso.<\/p>\n<p>- 96 % poliestere, 4 % spandex (la composizione del tessuto pu\u00f2 variare di 2 %)<br \/>\n- Peso del tessuto: 169,5 g\/m<br \/>\n- Tessuto in microfibra idrorepellente elasticizzato in quattro direzioni<br \/>\n- 16,5 cm di cavallo<br \/>\n- Vita elastica con coulisse bianca piatta<br \/>\n- Tasche laterali in rete<br \/>\n- Componenti di prodotti grezzi nell'UE provenienti dalla Cina e dalla Lituania<br \/>\n- Componenti del prodotto grezzo in Messico provenienti dalla Cina e dal Messico<\/p>","protected":false},"excerpt":{"rendered":"<p>Scegliere il giusto abbigliamento per il fitness pu\u00f2 essere un'impresa. Ma non con questi pantaloncini pi\u00f9 lunghi. Basta infilarli e andare a correre, nuotare, sollevare pesi o qualsiasi altra cosa vi venga in mente. Questi pantaloncini non vi lasceranno in sospeso. - 96 % poliestere, 4 % spandex (la composizione del tessuto pu\u00f2 variare di 2 %) - peso del tessuto: 169,5 [...]<\/p>","protected":false},"featured_media":5111,"comment_status":"open","ping_status":"closed","template":"","meta":[],"product_brand":[],"product_cat":[28],"product_tag":[],"class_list":{"0":"post-5103","1":"product","2":"type-product","3":"status-publish","4":"has-post-thumbnail","6":"product_cat-unkategorisiert","8":"first","9":"instock","10":"taxable","11":"shipping-taxable","12":"purchasable","13":"product-type-variable"},"_links":{"self":[{"href":"https:\/\/animalpoliceassociation.com\/it\/wp-json\/wp\/v2\/product\/5103","targetHints":{"allow":["GET"]}}],"collection":[{"href":"https:\/\/animalpoliceassociation.com\/it\/wp-json\/wp\/v2\/product"}],"about":[{"href":"https:\/\/animalpoliceassociation.com\/it\/wp-json\/wp\/v2\/types\/product"}],"replies":[{"embeddable":true,"href":"https:\/\/animalpoliceassociation.com\/it\/wp-json\/wp\/v2\/comments?post=5103"}],"wp:featuredmedia":[{"embeddable":true,"href":"https:\/\/animalpoliceassociation.com\/it\/wp-json\/wp\/v2\/media\/5111"}],"wp:attachment":[{"href":"https:\/\/animalpoliceassociation.com\/it\/wp-json\/wp\/v2\/media?parent=5103"}],"wp:term":[{"taxonomy":"product_brand","embeddable":true,"href":"https:\/\/animalpoliceassociation.com\/it\/wp-json\/wp\/v2\/product_brand?post=5103"},{"taxonomy":"product_cat","embeddable":true,"href":"https:\/\/animalpoliceassociation.com\/it\/wp-json\/wp\/v2\/product_cat?post=5103"},{"taxonomy":"product_tag","embeddable":true,"href":"https:\/\/animalpoliceassociation.com\/it\/wp-json\/wp\/v2\/product_tag?post=5103"}],"curies":[{"name":"wp","href":"https:\/\/api.w.org\/{rel}","templated":true}]}}