{"id":5112,"date":"2021-05-02T09:01:17","date_gmt":"2021-05-02T07:01:17","guid":{"rendered":"https:\/\/animalpoliceassociation.com\/produkt\/bomberjacke\/"},"modified":"2026-04-20T00:52:24","modified_gmt":"2026-04-19T22:52:24","slug":"bomberjacke","status":"publish","type":"product","link":"https:\/\/animalpoliceassociation.com\/it\/prodotto\/bomberjacke\/","title":{"rendered":"Giacca bomber"},"content":{"rendered":"<p>Lunga durata ed elegante, questo bomber \u00e8 una grande aggiunta a qualsiasi guardaroba. Un indumento veramente espressivo che far\u00e0 sembrare alla moda anche l'abito pi\u00f9 semplice.<\/p>\n<p>- 60 cotone %, 40 pile di poliestere %<br \/>\n- Peso del tessuto: 250,9 g\/m\u00b2<br \/>\n- Collo, vita e polsini a coste<br \/>\n- maniche raglan<br \/>\n- tasche a filetto<br \/>\n- Cerniera YKK<\/p>","protected":false},"excerpt":{"rendered":"<p>Lunga durata ed elegante, questo bomber \u00e8 una grande aggiunta a qualsiasi guardaroba. Un indumento veramente espressivo che far\u00e0 sembrare alla moda anche l'abito pi\u00f9 semplice. - 60 cotone %, 40 pile di poliestere % - Peso del tessuto: 250.9 g\/m\u00b2 - Girocollo, vita e polsini a costine - Maniche raglan - Tasche alla francese - Chiusura con zip YKK<\/p>","protected":false},"featured_media":5119,"comment_status":"open","ping_status":"closed","template":"","meta":[],"product_brand":[],"product_cat":[66],"product_tag":[],"class_list":{"0":"post-5112","1":"product","2":"type-product","3":"status-publish","4":"has-post-thumbnail","6":"product_cat-jacken","8":"first","9":"instock","10":"taxable","11":"shipping-taxable","12":"purchasable","13":"product-type-variable"},"_links":{"self":[{"href":"https:\/\/animalpoliceassociation.com\/it\/wp-json\/wp\/v2\/product\/5112","targetHints":{"allow":["GET"]}}],"collection":[{"href":"https:\/\/animalpoliceassociation.com\/it\/wp-json\/wp\/v2\/product"}],"about":[{"href":"https:\/\/animalpoliceassociation.com\/it\/wp-json\/wp\/v2\/types\/product"}],"replies":[{"embeddable":true,"href":"https:\/\/animalpoliceassociation.com\/it\/wp-json\/wp\/v2\/comments?post=5112"}],"wp:featuredmedia":[{"embeddable":true,"href":"https:\/\/animalpoliceassociation.com\/it\/wp-json\/wp\/v2\/media\/5119"}],"wp:attachment":[{"href":"https:\/\/animalpoliceassociation.com\/it\/wp-json\/wp\/v2\/media?parent=5112"}],"wp:term":[{"taxonomy":"product_brand","embeddable":true,"href":"https:\/\/animalpoliceassociation.com\/it\/wp-json\/wp\/v2\/product_brand?post=5112"},{"taxonomy":"product_cat","embeddable":true,"href":"https:\/\/animalpoliceassociation.com\/it\/wp-json\/wp\/v2\/product_cat?post=5112"},{"taxonomy":"product_tag","embeddable":true,"href":"https:\/\/animalpoliceassociation.com\/it\/wp-json\/wp\/v2\/product_tag?post=5112"}],"curies":[{"name":"wp","href":"https:\/\/api.w.org\/{rel}","templated":true}]}}